{"id":10075,"date":"2023-12-14T16:51:01","date_gmt":"2023-12-14T16:51:01","guid":{"rendered":"https:\/\/sequoiaprevention.com\/?post_type=product&#038;p=10075"},"modified":"2026-04-16T02:16:04","modified_gmt":"2026-04-16T02:16:04","slug":"pendentif-phiwaves","status":"publish","type":"product","link":"https:\/\/sequoiaprevention.com\/en\/product\/pendentif-phiwaves\/","title":{"rendered":"PHIWAVES Pendant"},"content":{"rendered":"<p>\u00a0&#13;<\/p>\n<p>&#13;<\/p>\n<p><strong>Features<\/strong>&#13;<\/p>\n<p><ul>&#13;<\/p>\n<li>Unlimited use<\/li>\n<p>&#13;<\/p>\n<li>24-hour personal protection<\/li>\n<p>&#13;<\/p>\n<li>Coverage radius: 120 cm (2.4 m range)<\/li>\n<p>&#13;<\/p>\n<li>Dimensions: 36 x 52 x 4 mm<\/li>\n<p>&#13;<\/p>\n<\/ul>","protected":false},"excerpt":{"rendered":"<p>The pendant version of the PHIWAVES personal protector is designed to shield you from environmental electromagnetic pollution, including 5G and 6G radiation. Wear it at work and on the go for optimal protection. You can even use it at night\u2014just place it beside your bed.<\/p>","protected":false},"featured_media":10105,"template":"","meta":[],"product_cat":[59],"product_tag":[77],"class_list":{"0":"post-10075","1":"product","2":"type-product","3":"status-publish","4":"has-post-thumbnail","6":"wc_square_synced-yes","7":"product_cat-protection","8":"product_tag-pranan","9":"product_brand-pranan","11":"first","12":"instock","13":"taxable","14":"shipping-taxable","15":"purchasable","16":"product-type-simple"},"yoast_head":"<!-- This site is optimized with the Yoast SEO plugin v22.3 - https:\/\/yoast.com\/wordpress\/plugins\/seo\/ -->\n<title>Pendentif PHIWAVES: Protection contre rayonnements | S\u00e9quoia<\/title>\n<meta name=\"description\" content=\"D\u00e9couvrez ce pendentif contre la pollution \u00e9lectromagn\u00e9tique, efficace pour les rayonnements 5G\/6G, \u00e0 porter au quotidien ou pr\u00e8s du lit.\" \/>\n<meta name=\"robots\" content=\"index, follow, max-snippet:-1, max-image-preview:large, max-video-preview:-1\" \/>\n<link rel=\"canonical\" href=\"https:\/\/sequoiaprevention.com\/en\/product\/pendentif-phiwaves\/\" \/>\n<meta property=\"og:locale\" content=\"en_US\" \/>\n<meta property=\"og:type\" content=\"article\" \/>\n<meta property=\"og:title\" content=\"Pendentif PHIWAVES: Protection contre rayonnements | S\u00e9quoia\" \/>\n<meta property=\"og:description\" content=\"D\u00e9couvrez ce pendentif contre la pollution \u00e9lectromagn\u00e9tique, efficace pour les rayonnements 5G\/6G, \u00e0 porter au quotidien ou pr\u00e8s du lit.\" \/>\n<meta property=\"og:url\" content=\"https:\/\/sequoiaprevention.com\/en\/product\/pendentif-phiwaves\/\" \/>\n<meta property=\"og:site_name\" content=\"S\u00e9quoia Pr\u00e9vention\" \/>\n<meta property=\"article:modified_time\" content=\"2026-04-16T02:16:04+00:00\" \/>\n<meta property=\"og:image\" content=\"https:\/\/sequoiaprevention.com\/wp-content\/uploads\/2023\/12\/Capture-decran-le-2023-12-14-a-13.04.58.png\" \/>\n\t<meta property=\"og:image:width\" content=\"1432\" \/>\n\t<meta property=\"og:image:height\" content=\"1122\" \/>\n\t<meta property=\"og:image:type\" content=\"image\/png\" \/>\n<meta name=\"twitter:card\" content=\"summary_large_image\" \/>\n<meta name=\"twitter:label1\" content=\"Est. reading time\" \/>\n\t<meta name=\"twitter:data1\" content=\"1 minute\" \/>\n<script type=\"application\/ld+json\" class=\"yoast-schema-graph\">{\"@context\":\"https:\/\/schema.org\",\"@graph\":[{\"@type\":\"WebPage\",\"@id\":\"https:\/\/sequoiaprevention.com\/produit\/pendentif-phiwaves\/\",\"url\":\"https:\/\/sequoiaprevention.com\/produit\/pendentif-phiwaves\/\",\"name\":\"Pendentif PHIWAVES: Protection contre rayonnements | S\u00e9quoia\",\"isPartOf\":{\"@id\":\"https:\/\/sequoiaprevention.com\/#website\"},\"primaryImageOfPage\":{\"@id\":\"https:\/\/sequoiaprevention.com\/produit\/pendentif-phiwaves\/#primaryimage\"},\"image\":{\"@id\":\"https:\/\/sequoiaprevention.com\/produit\/pendentif-phiwaves\/#primaryimage\"},\"thumbnailUrl\":\"https:\/\/sequoiaprevention.com\/wp-content\/uploads\/2023\/12\/Capture-decran-le-2023-12-14-a-13.04.58.png\",\"datePublished\":\"2023-12-14T16:51:01+00:00\",\"dateModified\":\"2026-04-16T02:16:04+00:00\",\"description\":\"D\u00e9couvrez ce pendentif contre la pollution \u00e9lectromagn\u00e9tique, efficace pour les rayonnements 5G\/6G, \u00e0 porter au quotidien ou pr\u00e8s du lit.\",\"breadcrumb\":{\"@id\":\"https:\/\/sequoiaprevention.com\/produit\/pendentif-phiwaves\/#breadcrumb\"},\"inLanguage\":\"en-US\",\"potentialAction\":[{\"@type\":\"ReadAction\",\"target\":[\"https:\/\/sequoiaprevention.com\/produit\/pendentif-phiwaves\/\"]}]},{\"@type\":\"ImageObject\",\"inLanguage\":\"en-US\",\"@id\":\"https:\/\/sequoiaprevention.com\/produit\/pendentif-phiwaves\/#primaryimage\",\"url\":\"https:\/\/sequoiaprevention.com\/wp-content\/uploads\/2023\/12\/Capture-decran-le-2023-12-14-a-13.04.58.png\",\"contentUrl\":\"https:\/\/sequoiaprevention.com\/wp-content\/uploads\/2023\/12\/Capture-decran-le-2023-12-14-a-13.04.58.png\",\"width\":1432,\"height\":1122},{\"@type\":\"BreadcrumbList\",\"@id\":\"https:\/\/sequoiaprevention.com\/produit\/pendentif-phiwaves\/#breadcrumb\",\"itemListElement\":[{\"@type\":\"ListItem\",\"position\":1,\"name\":\"Accueil\",\"item\":\"https:\/\/sequoiaprevention.com\/\"},{\"@type\":\"ListItem\",\"position\":2,\"name\":\"Boutique\",\"item\":\"https:\/\/sequoiaprevention.com\/boutique\/\"},{\"@type\":\"ListItem\",\"position\":3,\"name\":\"Pendentif PHIWAVES\"}]},{\"@type\":\"WebSite\",\"@id\":\"https:\/\/sequoiaprevention.com\/#website\",\"url\":\"https:\/\/sequoiaprevention.com\/\",\"name\":\"S\u00e9quoia Pr\u00e9vention\",\"description\":\"Votre chemin vers le mieux-\u00eatre\",\"potentialAction\":[{\"@type\":\"SearchAction\",\"target\":{\"@type\":\"EntryPoint\",\"urlTemplate\":\"https:\/\/sequoiaprevention.com\/?s={search_term_string}\"},\"query-input\":\"required name=search_term_string\"}],\"inLanguage\":\"en-US\"}]}<\/script>\n<!-- \/ Yoast SEO plugin. -->","yoast_head_json":{"title":"Pendentif PHIWAVES: Protection contre rayonnements | S\u00e9quoia","description":"D\u00e9couvrez ce pendentif contre la pollution \u00e9lectromagn\u00e9tique, efficace pour les rayonnements 5G\/6G, \u00e0 porter au quotidien ou pr\u00e8s du lit.","robots":{"index":"index","follow":"follow","max-snippet":"max-snippet:-1","max-image-preview":"max-image-preview:large","max-video-preview":"max-video-preview:-1"},"canonical":"https:\/\/sequoiaprevention.com\/en\/product\/pendentif-phiwaves\/","og_locale":"en_US","og_type":"article","og_title":"Pendentif PHIWAVES: Protection contre rayonnements | S\u00e9quoia","og_description":"D\u00e9couvrez ce pendentif contre la pollution \u00e9lectromagn\u00e9tique, efficace pour les rayonnements 5G\/6G, \u00e0 porter au quotidien ou pr\u00e8s du lit.","og_url":"https:\/\/sequoiaprevention.com\/en\/product\/pendentif-phiwaves\/","og_site_name":"S\u00e9quoia Pr\u00e9vention","article_modified_time":"2026-04-16T02:16:04+00:00","og_image":[{"width":1432,"height":1122,"url":"https:\/\/sequoiaprevention.com\/wp-content\/uploads\/2023\/12\/Capture-decran-le-2023-12-14-a-13.04.58.png","type":"image\/png"}],"twitter_card":"summary_large_image","twitter_misc":{"Est. reading time":"1 minute"},"schema":{"@context":"https:\/\/schema.org","@graph":[{"@type":"WebPage","@id":"https:\/\/sequoiaprevention.com\/produit\/pendentif-phiwaves\/","url":"https:\/\/sequoiaprevention.com\/produit\/pendentif-phiwaves\/","name":"Pendentif PHIWAVES: Protection contre rayonnements | S\u00e9quoia","isPartOf":{"@id":"https:\/\/sequoiaprevention.com\/#website"},"primaryImageOfPage":{"@id":"https:\/\/sequoiaprevention.com\/produit\/pendentif-phiwaves\/#primaryimage"},"image":{"@id":"https:\/\/sequoiaprevention.com\/produit\/pendentif-phiwaves\/#primaryimage"},"thumbnailUrl":"https:\/\/sequoiaprevention.com\/wp-content\/uploads\/2023\/12\/Capture-decran-le-2023-12-14-a-13.04.58.png","datePublished":"2023-12-14T16:51:01+00:00","dateModified":"2026-04-16T02:16:04+00:00","description":"D\u00e9couvrez ce pendentif contre la pollution \u00e9lectromagn\u00e9tique, efficace pour les rayonnements 5G\/6G, \u00e0 porter au quotidien ou pr\u00e8s du lit.","breadcrumb":{"@id":"https:\/\/sequoiaprevention.com\/produit\/pendentif-phiwaves\/#breadcrumb"},"inLanguage":"en-US","potentialAction":[{"@type":"ReadAction","target":["https:\/\/sequoiaprevention.com\/produit\/pendentif-phiwaves\/"]}]},{"@type":"ImageObject","inLanguage":"en-US","@id":"https:\/\/sequoiaprevention.com\/produit\/pendentif-phiwaves\/#primaryimage","url":"https:\/\/sequoiaprevention.com\/wp-content\/uploads\/2023\/12\/Capture-decran-le-2023-12-14-a-13.04.58.png","contentUrl":"https:\/\/sequoiaprevention.com\/wp-content\/uploads\/2023\/12\/Capture-decran-le-2023-12-14-a-13.04.58.png","width":1432,"height":1122},{"@type":"BreadcrumbList","@id":"https:\/\/sequoiaprevention.com\/produit\/pendentif-phiwaves\/#breadcrumb","itemListElement":[{"@type":"ListItem","position":1,"name":"Accueil","item":"https:\/\/sequoiaprevention.com\/"},{"@type":"ListItem","position":2,"name":"Boutique","item":"https:\/\/sequoiaprevention.com\/boutique\/"},{"@type":"ListItem","position":3,"name":"Pendentif PHIWAVES"}]},{"@type":"WebSite","@id":"https:\/\/sequoiaprevention.com\/#website","url":"https:\/\/sequoiaprevention.com\/","name":"S\u00e9quoia Pr\u00e9vention","description":"Votre chemin vers le mieux-\u00eatre","potentialAction":[{"@type":"SearchAction","target":{"@type":"EntryPoint","urlTemplate":"https:\/\/sequoiaprevention.com\/?s={search_term_string}"},"query-input":"required name=search_term_string"}],"inLanguage":"en-US"}]}},"jetpack_sharing_enabled":true,"_links":{"self":[{"href":"https:\/\/sequoiaprevention.com\/en\/wp-json\/wp\/v2\/product\/10075","targetHints":{"allow":["GET"]}}],"collection":[{"href":"https:\/\/sequoiaprevention.com\/en\/wp-json\/wp\/v2\/product"}],"about":[{"href":"https:\/\/sequoiaprevention.com\/en\/wp-json\/wp\/v2\/types\/product"}],"version-history":[{"count":3,"href":"https:\/\/sequoiaprevention.com\/en\/wp-json\/wp\/v2\/product\/10075\/revisions"}],"predecessor-version":[{"id":10312,"href":"https:\/\/sequoiaprevention.com\/en\/wp-json\/wp\/v2\/product\/10075\/revisions\/10312"}],"wp:featuredmedia":[{"embeddable":true,"href":"https:\/\/sequoiaprevention.com\/en\/wp-json\/wp\/v2\/media\/10105"}],"wp:attachment":[{"href":"https:\/\/sequoiaprevention.com\/en\/wp-json\/wp\/v2\/media?parent=10075"}],"wp:term":[{"taxonomy":"product_cat","embeddable":true,"href":"https:\/\/sequoiaprevention.com\/en\/wp-json\/wp\/v2\/product_cat?post=10075"},{"taxonomy":"product_tag","embeddable":true,"href":"https:\/\/sequoiaprevention.com\/en\/wp-json\/wp\/v2\/product_tag?post=10075"}],"curies":[{"name":"wp","href":"https:\/\/api.w.org\/{rel}","templated":true}]}}