{"id":10083,"date":"2023-12-14T17:36:30","date_gmt":"2023-12-14T17:36:30","guid":{"rendered":"https:\/\/sequoiaprevention.com\/?post_type=product&#038;p=10083"},"modified":"2026-04-16T03:02:33","modified_gmt":"2026-04-16T03:02:33","slug":"phiwaves","status":"publish","type":"product","link":"https:\/\/sequoiaprevention.com\/en\/product\/phiwaves\/","title":{"rendered":"PHIWAVES"},"content":{"rendered":"<p>\u00a0\n<\/p>\n<\/p>\n<p><strong>Features<\/strong>\n<\/p>\n<\/p>\n<p>High-tech manufacturing (nanodiamond circuits)<\/p>\n<p>Unlimited lifetime (no maintenance, no batteries)<\/p>\n<p>Automatically activates when exposed to electromagnetic radiation<\/p>\n<p>24-hour personal protection<\/p>\n<p>Coverage radius: 150 cm (3 m range)<\/p>\n<p>Dimensions: 83 x 52 x 5.4 mm<\/p>","protected":false},"excerpt":{"rendered":"<p>The PHIWAVES personal electromagnetic pollution blocker is the ideal protection device for active people. Keep it in your pocket or bag at work or on the go, or slip it under your pillow at night for optimal protection against external radiation (4G, 5G, 6G, cellphone towers, WiFi, and more).<\/p>","protected":false},"featured_media":10109,"template":"","meta":[],"product_cat":[59],"product_tag":[77],"class_list":{"0":"post-10083","1":"product","2":"type-product","3":"status-publish","4":"has-post-thumbnail","6":"wc_square_synced-yes","7":"product_cat-protection","8":"product_tag-pranan","9":"product_brand-pranan","11":"first","12":"instock","13":"taxable","14":"shipping-taxable","15":"purchasable","16":"product-type-simple"},"yoast_head":"<!-- This site is optimized with the Yoast SEO plugin v22.3 - https:\/\/yoast.com\/wordpress\/plugins\/seo\/ -->\n<title>PHIWAVES: Protection Portable \u00c9lectromagn\u00e9tique | S\u00e9quoia<\/title>\n<meta name=\"description\" content=\"D\u00e9couvrez ce protecteur personnel contre la pollution \u00e9lectromagn\u00e9tique, id\u00e9al pour d\u00e9placements et nuit, efficace contre rayonnements 6G, 5G, 4G, Wi-Fi.\" \/>\n<meta name=\"robots\" content=\"index, follow, max-snippet:-1, max-image-preview:large, max-video-preview:-1\" \/>\n<link rel=\"canonical\" href=\"https:\/\/sequoiaprevention.com\/en\/product\/phiwaves\/\" \/>\n<meta property=\"og:locale\" content=\"en_US\" \/>\n<meta property=\"og:type\" content=\"article\" \/>\n<meta property=\"og:title\" content=\"PHIWAVES: Protection Portable \u00c9lectromagn\u00e9tique | S\u00e9quoia\" \/>\n<meta property=\"og:description\" content=\"D\u00e9couvrez ce protecteur personnel contre la pollution \u00e9lectromagn\u00e9tique, id\u00e9al pour d\u00e9placements et nuit, efficace contre rayonnements 6G, 5G, 4G, Wi-Fi.\" \/>\n<meta property=\"og:url\" content=\"https:\/\/sequoiaprevention.com\/en\/product\/phiwaves\/\" \/>\n<meta property=\"og:site_name\" content=\"S\u00e9quoia Pr\u00e9vention\" \/>\n<meta property=\"article:modified_time\" content=\"2026-04-16T03:02:33+00:00\" \/>\n<meta property=\"og:image\" content=\"https:\/\/sequoiaprevention.com\/wp-content\/uploads\/2023\/12\/Capture-decran-le-2023-12-14-a-13.13.52.png\" \/>\n\t<meta property=\"og:image:width\" content=\"526\" \/>\n\t<meta property=\"og:image:height\" content=\"756\" \/>\n\t<meta property=\"og:image:type\" content=\"image\/png\" \/>\n<meta name=\"twitter:card\" content=\"summary_large_image\" \/>\n<meta name=\"twitter:label1\" content=\"Est. reading time\" \/>\n\t<meta name=\"twitter:data1\" content=\"1 minute\" \/>\n<script type=\"application\/ld+json\" class=\"yoast-schema-graph\">{\"@context\":\"https:\/\/schema.org\",\"@graph\":[{\"@type\":\"WebPage\",\"@id\":\"https:\/\/sequoiaprevention.com\/produit\/phiwaves\/\",\"url\":\"https:\/\/sequoiaprevention.com\/produit\/phiwaves\/\",\"name\":\"PHIWAVES: Protection Portable \u00c9lectromagn\u00e9tique | S\u00e9quoia\",\"isPartOf\":{\"@id\":\"https:\/\/sequoiaprevention.com\/#website\"},\"primaryImageOfPage\":{\"@id\":\"https:\/\/sequoiaprevention.com\/produit\/phiwaves\/#primaryimage\"},\"image\":{\"@id\":\"https:\/\/sequoiaprevention.com\/produit\/phiwaves\/#primaryimage\"},\"thumbnailUrl\":\"https:\/\/sequoiaprevention.com\/wp-content\/uploads\/2023\/12\/Capture-decran-le-2023-12-14-a-13.13.52.png\",\"datePublished\":\"2023-12-14T17:36:30+00:00\",\"dateModified\":\"2026-04-16T03:02:33+00:00\",\"description\":\"D\u00e9couvrez ce protecteur personnel contre la pollution \u00e9lectromagn\u00e9tique, id\u00e9al pour d\u00e9placements et nuit, efficace contre rayonnements 6G, 5G, 4G, Wi-Fi.\",\"breadcrumb\":{\"@id\":\"https:\/\/sequoiaprevention.com\/produit\/phiwaves\/#breadcrumb\"},\"inLanguage\":\"en-US\",\"potentialAction\":[{\"@type\":\"ReadAction\",\"target\":[\"https:\/\/sequoiaprevention.com\/produit\/phiwaves\/\"]}]},{\"@type\":\"ImageObject\",\"inLanguage\":\"en-US\",\"@id\":\"https:\/\/sequoiaprevention.com\/produit\/phiwaves\/#primaryimage\",\"url\":\"https:\/\/sequoiaprevention.com\/wp-content\/uploads\/2023\/12\/Capture-decran-le-2023-12-14-a-13.13.52.png\",\"contentUrl\":\"https:\/\/sequoiaprevention.com\/wp-content\/uploads\/2023\/12\/Capture-decran-le-2023-12-14-a-13.13.52.png\",\"width\":526,\"height\":756},{\"@type\":\"BreadcrumbList\",\"@id\":\"https:\/\/sequoiaprevention.com\/produit\/phiwaves\/#breadcrumb\",\"itemListElement\":[{\"@type\":\"ListItem\",\"position\":1,\"name\":\"Accueil\",\"item\":\"https:\/\/sequoiaprevention.com\/\"},{\"@type\":\"ListItem\",\"position\":2,\"name\":\"Boutique\",\"item\":\"https:\/\/sequoiaprevention.com\/boutique\/\"},{\"@type\":\"ListItem\",\"position\":3,\"name\":\"PHIWAVES\"}]},{\"@type\":\"WebSite\",\"@id\":\"https:\/\/sequoiaprevention.com\/#website\",\"url\":\"https:\/\/sequoiaprevention.com\/\",\"name\":\"S\u00e9quoia Pr\u00e9vention\",\"description\":\"Votre chemin vers le mieux-\u00eatre\",\"potentialAction\":[{\"@type\":\"SearchAction\",\"target\":{\"@type\":\"EntryPoint\",\"urlTemplate\":\"https:\/\/sequoiaprevention.com\/?s={search_term_string}\"},\"query-input\":\"required name=search_term_string\"}],\"inLanguage\":\"en-US\"}]}<\/script>\n<!-- \/ Yoast SEO plugin. -->","yoast_head_json":{"title":"PHIWAVES: Protection Portable \u00c9lectromagn\u00e9tique | S\u00e9quoia","description":"D\u00e9couvrez ce protecteur personnel contre la pollution \u00e9lectromagn\u00e9tique, id\u00e9al pour d\u00e9placements et nuit, efficace contre rayonnements 6G, 5G, 4G, Wi-Fi.","robots":{"index":"index","follow":"follow","max-snippet":"max-snippet:-1","max-image-preview":"max-image-preview:large","max-video-preview":"max-video-preview:-1"},"canonical":"https:\/\/sequoiaprevention.com\/en\/product\/phiwaves\/","og_locale":"en_US","og_type":"article","og_title":"PHIWAVES: Protection Portable \u00c9lectromagn\u00e9tique | S\u00e9quoia","og_description":"D\u00e9couvrez ce protecteur personnel contre la pollution \u00e9lectromagn\u00e9tique, id\u00e9al pour d\u00e9placements et nuit, efficace contre rayonnements 6G, 5G, 4G, Wi-Fi.","og_url":"https:\/\/sequoiaprevention.com\/en\/product\/phiwaves\/","og_site_name":"S\u00e9quoia Pr\u00e9vention","article_modified_time":"2026-04-16T03:02:33+00:00","og_image":[{"width":526,"height":756,"url":"https:\/\/sequoiaprevention.com\/wp-content\/uploads\/2023\/12\/Capture-decran-le-2023-12-14-a-13.13.52.png","type":"image\/png"}],"twitter_card":"summary_large_image","twitter_misc":{"Est. reading time":"1 minute"},"schema":{"@context":"https:\/\/schema.org","@graph":[{"@type":"WebPage","@id":"https:\/\/sequoiaprevention.com\/produit\/phiwaves\/","url":"https:\/\/sequoiaprevention.com\/produit\/phiwaves\/","name":"PHIWAVES: Protection Portable \u00c9lectromagn\u00e9tique | S\u00e9quoia","isPartOf":{"@id":"https:\/\/sequoiaprevention.com\/#website"},"primaryImageOfPage":{"@id":"https:\/\/sequoiaprevention.com\/produit\/phiwaves\/#primaryimage"},"image":{"@id":"https:\/\/sequoiaprevention.com\/produit\/phiwaves\/#primaryimage"},"thumbnailUrl":"https:\/\/sequoiaprevention.com\/wp-content\/uploads\/2023\/12\/Capture-decran-le-2023-12-14-a-13.13.52.png","datePublished":"2023-12-14T17:36:30+00:00","dateModified":"2026-04-16T03:02:33+00:00","description":"D\u00e9couvrez ce protecteur personnel contre la pollution \u00e9lectromagn\u00e9tique, id\u00e9al pour d\u00e9placements et nuit, efficace contre rayonnements 6G, 5G, 4G, Wi-Fi.","breadcrumb":{"@id":"https:\/\/sequoiaprevention.com\/produit\/phiwaves\/#breadcrumb"},"inLanguage":"en-US","potentialAction":[{"@type":"ReadAction","target":["https:\/\/sequoiaprevention.com\/produit\/phiwaves\/"]}]},{"@type":"ImageObject","inLanguage":"en-US","@id":"https:\/\/sequoiaprevention.com\/produit\/phiwaves\/#primaryimage","url":"https:\/\/sequoiaprevention.com\/wp-content\/uploads\/2023\/12\/Capture-decran-le-2023-12-14-a-13.13.52.png","contentUrl":"https:\/\/sequoiaprevention.com\/wp-content\/uploads\/2023\/12\/Capture-decran-le-2023-12-14-a-13.13.52.png","width":526,"height":756},{"@type":"BreadcrumbList","@id":"https:\/\/sequoiaprevention.com\/produit\/phiwaves\/#breadcrumb","itemListElement":[{"@type":"ListItem","position":1,"name":"Accueil","item":"https:\/\/sequoiaprevention.com\/"},{"@type":"ListItem","position":2,"name":"Boutique","item":"https:\/\/sequoiaprevention.com\/boutique\/"},{"@type":"ListItem","position":3,"name":"PHIWAVES"}]},{"@type":"WebSite","@id":"https:\/\/sequoiaprevention.com\/#website","url":"https:\/\/sequoiaprevention.com\/","name":"S\u00e9quoia Pr\u00e9vention","description":"Votre chemin vers le mieux-\u00eatre","potentialAction":[{"@type":"SearchAction","target":{"@type":"EntryPoint","urlTemplate":"https:\/\/sequoiaprevention.com\/?s={search_term_string}"},"query-input":"required name=search_term_string"}],"inLanguage":"en-US"}]}},"jetpack_sharing_enabled":true,"_links":{"self":[{"href":"https:\/\/sequoiaprevention.com\/en\/wp-json\/wp\/v2\/product\/10083","targetHints":{"allow":["GET"]}}],"collection":[{"href":"https:\/\/sequoiaprevention.com\/en\/wp-json\/wp\/v2\/product"}],"about":[{"href":"https:\/\/sequoiaprevention.com\/en\/wp-json\/wp\/v2\/types\/product"}],"version-history":[{"count":4,"href":"https:\/\/sequoiaprevention.com\/en\/wp-json\/wp\/v2\/product\/10083\/revisions"}],"predecessor-version":[{"id":10256,"href":"https:\/\/sequoiaprevention.com\/en\/wp-json\/wp\/v2\/product\/10083\/revisions\/10256"}],"wp:featuredmedia":[{"embeddable":true,"href":"https:\/\/sequoiaprevention.com\/en\/wp-json\/wp\/v2\/media\/10109"}],"wp:attachment":[{"href":"https:\/\/sequoiaprevention.com\/en\/wp-json\/wp\/v2\/media?parent=10083"}],"wp:term":[{"taxonomy":"product_cat","embeddable":true,"href":"https:\/\/sequoiaprevention.com\/en\/wp-json\/wp\/v2\/product_cat?post=10083"},{"taxonomy":"product_tag","embeddable":true,"href":"https:\/\/sequoiaprevention.com\/en\/wp-json\/wp\/v2\/product_tag?post=10083"}],"curies":[{"name":"wp","href":"https:\/\/api.w.org\/{rel}","templated":true}]}}