{"id":10265,"date":"2024-03-26T13:45:32","date_gmt":"2024-03-26T13:45:32","guid":{"rendered":"https:\/\/sequoiaprevention.com\/?post_type=product&#038;p=10265"},"modified":"2026-04-11T04:52:34","modified_gmt":"2026-04-11T04:52:34","slug":"distributeur-deau-filtree-biomineral","status":"publish","type":"product","link":"https:\/\/sequoiaprevention.com\/en\/product\/distributeur-deau-filtree-biomineral\/","title":{"rendered":"Biomineral filtered water dispenser"},"content":{"rendered":"<p>\u00a0<\/p>\n<p>La solution id\u00e9ale pour avoir un service d&#39;eau alimentaire parfait pour les maisons, les bureaux, les magasins et les salles d&#39;attente.<\/p>\n<ul>\n<li>Without installation.<\/li>\n<li>Ideal water for drinking and cooking<\/li>\n<li>\u00c9limine jusqu&#39;\u00e0 99,99 % du chlore, des m\u00e9taux us\u00e9s, des bact\u00e9ries, des virus, du fluor et des nitrates.<\/li>\n<li>Free of microplastics and BPA.<\/li>\n<li>Stock l&#39;eau trait\u00e9e dans son r\u00e9servoir en verre bleu d&#39;une capacit\u00e9 de 11 litres.<\/li>\n<li>A l&#39;achat de la Fontaine Biomin\u00e9rale, un jeu complet de filtres est inclus pour 1 \u00e0 2 ans de service (en fonction du type d&#39;eau et de la consommation).<\/li>\n<li>Includes complete set of filters.<\/li>\n<\/ul>","protected":false},"excerpt":{"rendered":"<p>Water filtering dispenser through a 10-stage process with which you will enjoy a balanced water of excellent taste, purified, activated, slightly alkaline, ionized, magnetized and energized with Chi, Kundalini and Life Force energy.<\/p>","protected":false},"featured_media":10286,"template":"","meta":[],"product_cat":[62],"product_tag":[],"class_list":{"0":"post-10265","1":"product","2":"type-product","3":"status-publish","4":"has-post-thumbnail","6":"wc_square_synced-yes","7":"product_cat-vitalite","8":"product_brand-hidrolux","10":"first","11":"instock","12":"taxable","13":"shipping-taxable","14":"purchasable","15":"product-type-simple"},"yoast_head":"<!-- This site is optimized with the Yoast SEO plugin v22.3 - https:\/\/yoast.com\/wordpress\/plugins\/seo\/ -->\n<title>Distributeur d\u2019eau filtr\u00e9e Biomineral | Hidrolux | S\u00e9quoia Pr\u00e9vention<\/title>\n<meta name=\"description\" content=\"Profitez d&#039;une eau pure, enrichie par l&#039;\u00e9nergie vitale, gr\u00e2ce \u00e0 notre fontaine avanc\u00e9e filtrant l&#039;eau gr\u00e2ce \u00e0 un processus en 10 \u00e9tapes.\" \/>\n<meta name=\"robots\" content=\"index, follow, max-snippet:-1, max-image-preview:large, max-video-preview:-1\" \/>\n<link rel=\"canonical\" href=\"https:\/\/sequoiaprevention.com\/en\/product\/distributeur-deau-filtree-biomineral\/\" \/>\n<meta property=\"og:locale\" content=\"en_US\" \/>\n<meta property=\"og:type\" content=\"article\" \/>\n<meta property=\"og:title\" content=\"Distributeur d\u2019eau filtr\u00e9e Biomineral | Hidrolux | S\u00e9quoia Pr\u00e9vention\" \/>\n<meta property=\"og:description\" content=\"Profitez d&#039;une eau pure, enrichie par l&#039;\u00e9nergie vitale, gr\u00e2ce \u00e0 notre fontaine avanc\u00e9e filtrant l&#039;eau gr\u00e2ce \u00e0 un processus en 10 \u00e9tapes.\" \/>\n<meta property=\"og:url\" content=\"https:\/\/sequoiaprevention.com\/en\/product\/distributeur-deau-filtree-biomineral\/\" \/>\n<meta property=\"og:site_name\" content=\"S\u00e9quoia Pr\u00e9vention\" \/>\n<meta property=\"article:modified_time\" content=\"2026-04-11T04:52:34+00:00\" \/>\n<meta property=\"og:image\" content=\"https:\/\/sequoiaprevention.com\/wp-content\/uploads\/2024\/03\/Capture-decran-le-2024-03-26-a-10.20.51.png\" \/>\n\t<meta property=\"og:image:width\" content=\"814\" \/>\n\t<meta property=\"og:image:height\" content=\"1000\" \/>\n\t<meta property=\"og:image:type\" content=\"image\/png\" \/>\n<meta name=\"twitter:card\" content=\"summary_large_image\" \/>\n<meta name=\"twitter:label1\" content=\"Est. reading time\" \/>\n\t<meta name=\"twitter:data1\" content=\"1 minute\" \/>\n<script type=\"application\/ld+json\" class=\"yoast-schema-graph\">{\"@context\":\"https:\/\/schema.org\",\"@graph\":[{\"@type\":\"WebPage\",\"@id\":\"https:\/\/sequoiaprevention.com\/produit\/distributeur-deau-filtree-biomineral\/\",\"url\":\"https:\/\/sequoiaprevention.com\/produit\/distributeur-deau-filtree-biomineral\/\",\"name\":\"Distributeur d\u2019eau filtr\u00e9e Biomineral | Hidrolux | S\u00e9quoia Pr\u00e9vention\",\"isPartOf\":{\"@id\":\"https:\/\/sequoiaprevention.com\/#website\"},\"primaryImageOfPage\":{\"@id\":\"https:\/\/sequoiaprevention.com\/produit\/distributeur-deau-filtree-biomineral\/#primaryimage\"},\"image\":{\"@id\":\"https:\/\/sequoiaprevention.com\/produit\/distributeur-deau-filtree-biomineral\/#primaryimage\"},\"thumbnailUrl\":\"https:\/\/sequoiaprevention.com\/wp-content\/uploads\/2024\/03\/Capture-decran-le-2024-03-26-a-10.20.51.png\",\"datePublished\":\"2024-03-26T13:45:32+00:00\",\"dateModified\":\"2026-04-11T04:52:34+00:00\",\"description\":\"Profitez d'une eau pure, enrichie par l'\u00e9nergie vitale, gr\u00e2ce \u00e0 notre fontaine avanc\u00e9e filtrant l'eau gr\u00e2ce \u00e0 un processus en 10 \u00e9tapes.\",\"breadcrumb\":{\"@id\":\"https:\/\/sequoiaprevention.com\/produit\/distributeur-deau-filtree-biomineral\/#breadcrumb\"},\"inLanguage\":\"en-US\",\"potentialAction\":[{\"@type\":\"ReadAction\",\"target\":[\"https:\/\/sequoiaprevention.com\/produit\/distributeur-deau-filtree-biomineral\/\"]}]},{\"@type\":\"ImageObject\",\"inLanguage\":\"en-US\",\"@id\":\"https:\/\/sequoiaprevention.com\/produit\/distributeur-deau-filtree-biomineral\/#primaryimage\",\"url\":\"https:\/\/sequoiaprevention.com\/wp-content\/uploads\/2024\/03\/Capture-decran-le-2024-03-26-a-10.20.51.png\",\"contentUrl\":\"https:\/\/sequoiaprevention.com\/wp-content\/uploads\/2024\/03\/Capture-decran-le-2024-03-26-a-10.20.51.png\",\"width\":814,\"height\":1000},{\"@type\":\"BreadcrumbList\",\"@id\":\"https:\/\/sequoiaprevention.com\/produit\/distributeur-deau-filtree-biomineral\/#breadcrumb\",\"itemListElement\":[{\"@type\":\"ListItem\",\"position\":1,\"name\":\"Accueil\",\"item\":\"https:\/\/sequoiaprevention.com\/\"},{\"@type\":\"ListItem\",\"position\":2,\"name\":\"Boutique\",\"item\":\"https:\/\/sequoiaprevention.com\/boutique\/\"},{\"@type\":\"ListItem\",\"position\":3,\"name\":\"Distributeur d\u2019eau filtr\u00e9e Biomineral\"}]},{\"@type\":\"WebSite\",\"@id\":\"https:\/\/sequoiaprevention.com\/#website\",\"url\":\"https:\/\/sequoiaprevention.com\/\",\"name\":\"S\u00e9quoia Pr\u00e9vention\",\"description\":\"Votre chemin vers le mieux-\u00eatre\",\"potentialAction\":[{\"@type\":\"SearchAction\",\"target\":{\"@type\":\"EntryPoint\",\"urlTemplate\":\"https:\/\/sequoiaprevention.com\/?s={search_term_string}\"},\"query-input\":\"required name=search_term_string\"}],\"inLanguage\":\"en-US\"}]}<\/script>\n<!-- \/ Yoast SEO plugin. -->","yoast_head_json":{"title":"Distributeur d\u2019eau filtr\u00e9e Biomineral | Hidrolux | S\u00e9quoia Pr\u00e9vention","description":"Profitez d'une eau pure, enrichie par l'\u00e9nergie vitale, gr\u00e2ce \u00e0 notre fontaine avanc\u00e9e filtrant l'eau gr\u00e2ce \u00e0 un processus en 10 \u00e9tapes.","robots":{"index":"index","follow":"follow","max-snippet":"max-snippet:-1","max-image-preview":"max-image-preview:large","max-video-preview":"max-video-preview:-1"},"canonical":"https:\/\/sequoiaprevention.com\/en\/product\/distributeur-deau-filtree-biomineral\/","og_locale":"en_US","og_type":"article","og_title":"Distributeur d\u2019eau filtr\u00e9e Biomineral | Hidrolux | S\u00e9quoia Pr\u00e9vention","og_description":"Profitez d'une eau pure, enrichie par l'\u00e9nergie vitale, gr\u00e2ce \u00e0 notre fontaine avanc\u00e9e filtrant l'eau gr\u00e2ce \u00e0 un processus en 10 \u00e9tapes.","og_url":"https:\/\/sequoiaprevention.com\/en\/product\/distributeur-deau-filtree-biomineral\/","og_site_name":"S\u00e9quoia Pr\u00e9vention","article_modified_time":"2026-04-11T04:52:34+00:00","og_image":[{"width":814,"height":1000,"url":"https:\/\/sequoiaprevention.com\/wp-content\/uploads\/2024\/03\/Capture-decran-le-2024-03-26-a-10.20.51.png","type":"image\/png"}],"twitter_card":"summary_large_image","twitter_misc":{"Est. reading time":"1 minute"},"schema":{"@context":"https:\/\/schema.org","@graph":[{"@type":"WebPage","@id":"https:\/\/sequoiaprevention.com\/produit\/distributeur-deau-filtree-biomineral\/","url":"https:\/\/sequoiaprevention.com\/produit\/distributeur-deau-filtree-biomineral\/","name":"Distributeur d\u2019eau filtr\u00e9e Biomineral | Hidrolux | S\u00e9quoia Pr\u00e9vention","isPartOf":{"@id":"https:\/\/sequoiaprevention.com\/#website"},"primaryImageOfPage":{"@id":"https:\/\/sequoiaprevention.com\/produit\/distributeur-deau-filtree-biomineral\/#primaryimage"},"image":{"@id":"https:\/\/sequoiaprevention.com\/produit\/distributeur-deau-filtree-biomineral\/#primaryimage"},"thumbnailUrl":"https:\/\/sequoiaprevention.com\/wp-content\/uploads\/2024\/03\/Capture-decran-le-2024-03-26-a-10.20.51.png","datePublished":"2024-03-26T13:45:32+00:00","dateModified":"2026-04-11T04:52:34+00:00","description":"Profitez d'une eau pure, enrichie par l'\u00e9nergie vitale, gr\u00e2ce \u00e0 notre fontaine avanc\u00e9e filtrant l'eau gr\u00e2ce \u00e0 un processus en 10 \u00e9tapes.","breadcrumb":{"@id":"https:\/\/sequoiaprevention.com\/produit\/distributeur-deau-filtree-biomineral\/#breadcrumb"},"inLanguage":"en-US","potentialAction":[{"@type":"ReadAction","target":["https:\/\/sequoiaprevention.com\/produit\/distributeur-deau-filtree-biomineral\/"]}]},{"@type":"ImageObject","inLanguage":"en-US","@id":"https:\/\/sequoiaprevention.com\/produit\/distributeur-deau-filtree-biomineral\/#primaryimage","url":"https:\/\/sequoiaprevention.com\/wp-content\/uploads\/2024\/03\/Capture-decran-le-2024-03-26-a-10.20.51.png","contentUrl":"https:\/\/sequoiaprevention.com\/wp-content\/uploads\/2024\/03\/Capture-decran-le-2024-03-26-a-10.20.51.png","width":814,"height":1000},{"@type":"BreadcrumbList","@id":"https:\/\/sequoiaprevention.com\/produit\/distributeur-deau-filtree-biomineral\/#breadcrumb","itemListElement":[{"@type":"ListItem","position":1,"name":"Accueil","item":"https:\/\/sequoiaprevention.com\/"},{"@type":"ListItem","position":2,"name":"Boutique","item":"https:\/\/sequoiaprevention.com\/boutique\/"},{"@type":"ListItem","position":3,"name":"Distributeur d\u2019eau filtr\u00e9e Biomineral"}]},{"@type":"WebSite","@id":"https:\/\/sequoiaprevention.com\/#website","url":"https:\/\/sequoiaprevention.com\/","name":"S\u00e9quoia Pr\u00e9vention","description":"Votre chemin vers le mieux-\u00eatre","potentialAction":[{"@type":"SearchAction","target":{"@type":"EntryPoint","urlTemplate":"https:\/\/sequoiaprevention.com\/?s={search_term_string}"},"query-input":"required name=search_term_string"}],"inLanguage":"en-US"}]}},"jetpack_sharing_enabled":true,"_links":{"self":[{"href":"https:\/\/sequoiaprevention.com\/en\/wp-json\/wp\/v2\/product\/10265","targetHints":{"allow":["GET"]}}],"collection":[{"href":"https:\/\/sequoiaprevention.com\/en\/wp-json\/wp\/v2\/product"}],"about":[{"href":"https:\/\/sequoiaprevention.com\/en\/wp-json\/wp\/v2\/types\/product"}],"version-history":[{"count":5,"href":"https:\/\/sequoiaprevention.com\/en\/wp-json\/wp\/v2\/product\/10265\/revisions"}],"predecessor-version":[{"id":10319,"href":"https:\/\/sequoiaprevention.com\/en\/wp-json\/wp\/v2\/product\/10265\/revisions\/10319"}],"wp:featuredmedia":[{"embeddable":true,"href":"https:\/\/sequoiaprevention.com\/en\/wp-json\/wp\/v2\/media\/10286"}],"wp:attachment":[{"href":"https:\/\/sequoiaprevention.com\/en\/wp-json\/wp\/v2\/media?parent=10265"}],"wp:term":[{"taxonomy":"product_cat","embeddable":true,"href":"https:\/\/sequoiaprevention.com\/en\/wp-json\/wp\/v2\/product_cat?post=10265"},{"taxonomy":"product_tag","embeddable":true,"href":"https:\/\/sequoiaprevention.com\/en\/wp-json\/wp\/v2\/product_tag?post=10265"}],"curies":[{"name":"wp","href":"https:\/\/api.w.org\/{rel}","templated":true}]}}