{"id":10275,"date":"2024-03-26T14:12:52","date_gmt":"2024-03-26T14:12:52","guid":{"rendered":"https:\/\/sequoiaprevention.com\/?post_type=product&#038;p=10275"},"modified":"2026-04-11T04:38:03","modified_gmt":"2026-04-11T04:38:03","slug":"filtre-alkaplus","status":"publish","type":"product","link":"https:\/\/sequoiaprevention.com\/en\/product\/filtre-alkaplus\/","title":{"rendered":"Alkaplus Filter"},"content":{"rendered":"","protected":false},"excerpt":{"rendered":"<p>Exclusive 9-stage filter, lasting up to 1,100 liters or 12 months.<\/p>","protected":false},"featured_media":10277,"template":"","meta":[],"product_cat":[62],"product_tag":[],"class_list":{"0":"post-10275","1":"product","2":"type-product","3":"status-publish","4":"has-post-thumbnail","6":"wc_square_synced-yes","7":"product_cat-vitalite","8":"product_brand-hidrolux","10":"first","11":"instock","12":"taxable","13":"shipping-taxable","14":"purchasable","15":"product-type-simple"},"yoast_head":"<!-- This site is optimized with the Yoast SEO plugin v22.3 - https:\/\/yoast.com\/wordpress\/plugins\/seo\/ -->\n<title>Filtre Alkaplus | Hidrolux | S\u00e9quoia Pr\u00e9vention<\/title>\n<meta name=\"description\" content=\"D\u00e9couvrez notre filtre exclusif \u00e0 9 \u00e9tapes, con\u00e7u pour durer jusqu&#039;\u00e0 12 mois ou 1 100 litres, pour une qualit\u00e9 d&#039;eau exceptionnelle.&quot;\" \/>\n<meta name=\"robots\" content=\"index, follow, max-snippet:-1, max-image-preview:large, max-video-preview:-1\" \/>\n<link rel=\"canonical\" href=\"https:\/\/sequoiaprevention.com\/en\/product\/filtre-alkaplus\/\" \/>\n<meta property=\"og:locale\" content=\"en_US\" \/>\n<meta property=\"og:type\" content=\"article\" \/>\n<meta property=\"og:title\" content=\"Filtre Alkaplus | Hidrolux | S\u00e9quoia Pr\u00e9vention\" \/>\n<meta property=\"og:description\" content=\"D\u00e9couvrez notre filtre exclusif \u00e0 9 \u00e9tapes, con\u00e7u pour durer jusqu&#039;\u00e0 12 mois ou 1 100 litres, pour une qualit\u00e9 d&#039;eau exceptionnelle.&quot;\" \/>\n<meta property=\"og:url\" content=\"https:\/\/sequoiaprevention.com\/en\/product\/filtre-alkaplus\/\" \/>\n<meta property=\"og:site_name\" content=\"S\u00e9quoia Pr\u00e9vention\" \/>\n<meta property=\"article:modified_time\" content=\"2026-04-11T04:38:03+00:00\" \/>\n<meta property=\"og:image\" content=\"https:\/\/sequoiaprevention.com\/wp-content\/uploads\/2024\/03\/Filtre-de-remplacement-pour-ALKAPLUS.png\" \/>\n\t<meta property=\"og:image:width\" content=\"1089\" \/>\n\t<meta property=\"og:image:height\" content=\"1280\" \/>\n\t<meta property=\"og:image:type\" content=\"image\/png\" \/>\n<meta name=\"twitter:card\" content=\"summary_large_image\" \/>\n<script type=\"application\/ld+json\" class=\"yoast-schema-graph\">{\"@context\":\"https:\/\/schema.org\",\"@graph\":[{\"@type\":\"WebPage\",\"@id\":\"https:\/\/sequoiaprevention.com\/produit\/filtre-alkaplus\/\",\"url\":\"https:\/\/sequoiaprevention.com\/produit\/filtre-alkaplus\/\",\"name\":\"Filtre Alkaplus | Hidrolux | S\u00e9quoia Pr\u00e9vention\",\"isPartOf\":{\"@id\":\"https:\/\/sequoiaprevention.com\/#website\"},\"primaryImageOfPage\":{\"@id\":\"https:\/\/sequoiaprevention.com\/produit\/filtre-alkaplus\/#primaryimage\"},\"image\":{\"@id\":\"https:\/\/sequoiaprevention.com\/produit\/filtre-alkaplus\/#primaryimage\"},\"thumbnailUrl\":\"https:\/\/sequoiaprevention.com\/wp-content\/uploads\/2024\/03\/Filtre-de-remplacement-pour-ALKAPLUS.png\",\"datePublished\":\"2024-03-26T14:12:52+00:00\",\"dateModified\":\"2026-04-11T04:38:03+00:00\",\"description\":\"D\u00e9couvrez notre filtre exclusif \u00e0 9 \u00e9tapes, con\u00e7u pour durer jusqu'\u00e0 12 mois ou 1 100 litres, pour une qualit\u00e9 d'eau exceptionnelle.\\\"\",\"breadcrumb\":{\"@id\":\"https:\/\/sequoiaprevention.com\/produit\/filtre-alkaplus\/#breadcrumb\"},\"inLanguage\":\"en-US\",\"potentialAction\":[{\"@type\":\"ReadAction\",\"target\":[\"https:\/\/sequoiaprevention.com\/produit\/filtre-alkaplus\/\"]}]},{\"@type\":\"ImageObject\",\"inLanguage\":\"en-US\",\"@id\":\"https:\/\/sequoiaprevention.com\/produit\/filtre-alkaplus\/#primaryimage\",\"url\":\"https:\/\/sequoiaprevention.com\/wp-content\/uploads\/2024\/03\/Filtre-de-remplacement-pour-ALKAPLUS.png\",\"contentUrl\":\"https:\/\/sequoiaprevention.com\/wp-content\/uploads\/2024\/03\/Filtre-de-remplacement-pour-ALKAPLUS.png\",\"width\":1089,\"height\":1280},{\"@type\":\"BreadcrumbList\",\"@id\":\"https:\/\/sequoiaprevention.com\/produit\/filtre-alkaplus\/#breadcrumb\",\"itemListElement\":[{\"@type\":\"ListItem\",\"position\":1,\"name\":\"Accueil\",\"item\":\"https:\/\/sequoiaprevention.com\/\"},{\"@type\":\"ListItem\",\"position\":2,\"name\":\"Boutique\",\"item\":\"https:\/\/sequoiaprevention.com\/boutique\/\"},{\"@type\":\"ListItem\",\"position\":3,\"name\":\"Filtre Alkaplus\"}]},{\"@type\":\"WebSite\",\"@id\":\"https:\/\/sequoiaprevention.com\/#website\",\"url\":\"https:\/\/sequoiaprevention.com\/\",\"name\":\"S\u00e9quoia Pr\u00e9vention\",\"description\":\"Votre chemin vers le mieux-\u00eatre\",\"potentialAction\":[{\"@type\":\"SearchAction\",\"target\":{\"@type\":\"EntryPoint\",\"urlTemplate\":\"https:\/\/sequoiaprevention.com\/?s={search_term_string}\"},\"query-input\":\"required name=search_term_string\"}],\"inLanguage\":\"en-US\"}]}<\/script>\n<!-- \/ Yoast SEO plugin. -->","yoast_head_json":{"title":"Filtre Alkaplus | Hidrolux | S\u00e9quoia Pr\u00e9vention","description":"D\u00e9couvrez notre filtre exclusif \u00e0 9 \u00e9tapes, con\u00e7u pour durer jusqu'\u00e0 12 mois ou 1 100 litres, pour une qualit\u00e9 d'eau exceptionnelle.\"","robots":{"index":"index","follow":"follow","max-snippet":"max-snippet:-1","max-image-preview":"max-image-preview:large","max-video-preview":"max-video-preview:-1"},"canonical":"https:\/\/sequoiaprevention.com\/en\/product\/filtre-alkaplus\/","og_locale":"en_US","og_type":"article","og_title":"Filtre Alkaplus | Hidrolux | S\u00e9quoia Pr\u00e9vention","og_description":"D\u00e9couvrez notre filtre exclusif \u00e0 9 \u00e9tapes, con\u00e7u pour durer jusqu'\u00e0 12 mois ou 1 100 litres, pour une qualit\u00e9 d'eau exceptionnelle.\"","og_url":"https:\/\/sequoiaprevention.com\/en\/product\/filtre-alkaplus\/","og_site_name":"S\u00e9quoia Pr\u00e9vention","article_modified_time":"2026-04-11T04:38:03+00:00","og_image":[{"width":1089,"height":1280,"url":"https:\/\/sequoiaprevention.com\/wp-content\/uploads\/2024\/03\/Filtre-de-remplacement-pour-ALKAPLUS.png","type":"image\/png"}],"twitter_card":"summary_large_image","schema":{"@context":"https:\/\/schema.org","@graph":[{"@type":"WebPage","@id":"https:\/\/sequoiaprevention.com\/produit\/filtre-alkaplus\/","url":"https:\/\/sequoiaprevention.com\/produit\/filtre-alkaplus\/","name":"Filtre Alkaplus | Hidrolux | S\u00e9quoia Pr\u00e9vention","isPartOf":{"@id":"https:\/\/sequoiaprevention.com\/#website"},"primaryImageOfPage":{"@id":"https:\/\/sequoiaprevention.com\/produit\/filtre-alkaplus\/#primaryimage"},"image":{"@id":"https:\/\/sequoiaprevention.com\/produit\/filtre-alkaplus\/#primaryimage"},"thumbnailUrl":"https:\/\/sequoiaprevention.com\/wp-content\/uploads\/2024\/03\/Filtre-de-remplacement-pour-ALKAPLUS.png","datePublished":"2024-03-26T14:12:52+00:00","dateModified":"2026-04-11T04:38:03+00:00","description":"D\u00e9couvrez notre filtre exclusif \u00e0 9 \u00e9tapes, con\u00e7u pour durer jusqu'\u00e0 12 mois ou 1 100 litres, pour une qualit\u00e9 d'eau exceptionnelle.\"","breadcrumb":{"@id":"https:\/\/sequoiaprevention.com\/produit\/filtre-alkaplus\/#breadcrumb"},"inLanguage":"en-US","potentialAction":[{"@type":"ReadAction","target":["https:\/\/sequoiaprevention.com\/produit\/filtre-alkaplus\/"]}]},{"@type":"ImageObject","inLanguage":"en-US","@id":"https:\/\/sequoiaprevention.com\/produit\/filtre-alkaplus\/#primaryimage","url":"https:\/\/sequoiaprevention.com\/wp-content\/uploads\/2024\/03\/Filtre-de-remplacement-pour-ALKAPLUS.png","contentUrl":"https:\/\/sequoiaprevention.com\/wp-content\/uploads\/2024\/03\/Filtre-de-remplacement-pour-ALKAPLUS.png","width":1089,"height":1280},{"@type":"BreadcrumbList","@id":"https:\/\/sequoiaprevention.com\/produit\/filtre-alkaplus\/#breadcrumb","itemListElement":[{"@type":"ListItem","position":1,"name":"Accueil","item":"https:\/\/sequoiaprevention.com\/"},{"@type":"ListItem","position":2,"name":"Boutique","item":"https:\/\/sequoiaprevention.com\/boutique\/"},{"@type":"ListItem","position":3,"name":"Filtre Alkaplus"}]},{"@type":"WebSite","@id":"https:\/\/sequoiaprevention.com\/#website","url":"https:\/\/sequoiaprevention.com\/","name":"S\u00e9quoia Pr\u00e9vention","description":"Votre chemin vers le mieux-\u00eatre","potentialAction":[{"@type":"SearchAction","target":{"@type":"EntryPoint","urlTemplate":"https:\/\/sequoiaprevention.com\/?s={search_term_string}"},"query-input":"required name=search_term_string"}],"inLanguage":"en-US"}]}},"jetpack_sharing_enabled":true,"_links":{"self":[{"href":"https:\/\/sequoiaprevention.com\/en\/wp-json\/wp\/v2\/product\/10275","targetHints":{"allow":["GET"]}}],"collection":[{"href":"https:\/\/sequoiaprevention.com\/en\/wp-json\/wp\/v2\/product"}],"about":[{"href":"https:\/\/sequoiaprevention.com\/en\/wp-json\/wp\/v2\/types\/product"}],"version-history":[{"count":1,"href":"https:\/\/sequoiaprevention.com\/en\/wp-json\/wp\/v2\/product\/10275\/revisions"}],"predecessor-version":[{"id":10276,"href":"https:\/\/sequoiaprevention.com\/en\/wp-json\/wp\/v2\/product\/10275\/revisions\/10276"}],"wp:featuredmedia":[{"embeddable":true,"href":"https:\/\/sequoiaprevention.com\/en\/wp-json\/wp\/v2\/media\/10277"}],"wp:attachment":[{"href":"https:\/\/sequoiaprevention.com\/en\/wp-json\/wp\/v2\/media?parent=10275"}],"wp:term":[{"taxonomy":"product_cat","embeddable":true,"href":"https:\/\/sequoiaprevention.com\/en\/wp-json\/wp\/v2\/product_cat?post=10275"},{"taxonomy":"product_tag","embeddable":true,"href":"https:\/\/sequoiaprevention.com\/en\/wp-json\/wp\/v2\/product_tag?post=10275"}],"curies":[{"name":"wp","href":"https:\/\/api.w.org\/{rel}","templated":true}]}}