{"id":4960,"date":"2021-07-30T14:17:46","date_gmt":"2021-07-30T14:17:46","guid":{"rendered":"https:\/\/sequoiaprevention.com\/?post_type=product&#038;p=4960"},"modified":"2026-04-15T20:58:10","modified_gmt":"2026-04-15T20:58:10","slug":"douche-therapeutique-waters","status":"publish","type":"product","link":"https:\/\/sequoiaprevention.com\/en\/product\/douche-therapeutique-waters\/","title":{"rendered":"Waters Therapy Shower Head"},"content":{"rendered":"<p><div>&#13;<\/p>\n<p>&#13;<\/p>\n<p>\u00a0&#13;<\/p>\n<p>&#13;<\/p>\n<p><strong>Benefits<\/strong>&#13;<\/p>\n<p>&#13;<\/p>\n<p>La cartouche permet d\u2019ajouter \u00e0 l\u2019eau de la vitamine C, du collag\u00e8ne et de l\u2019huile essentielle de lavande naturelle.&#13;<\/p>\n<p><ul>&#13;<\/p>\n<li>&#13;<\/p>\n<p><ul>&#13;<\/p>\n<li>Vitamin C is an organic broad-spectrum photoprotector that neutralizes free radicals from solar radiation. It smooths, moisturizes, and reduces the appearance of wrinkles for gorgeous, glowing skin.<\/li>\n<p>&#13;<\/p>\n<li>It also promotes collagen synthesis and repairs damaged collagen.<\/li>\n<p>&#13;<\/p>\n<li>Collagen restores the skin\u2019s surface layer by improving elasticity and replacing dead cells.<\/li>\n<p>&#13;<\/p>\n<li>The cartridge also provides a continuous stream of natural French lavender essential oils to promote relaxation and alleviate stress.<\/li>\n<p>&#13;<\/p>\n<\/ul>\n<p>&#13;<\/p>\n<\/li>\n<p>&#13;<\/p>\n<\/ul>\n<p>&#13;<\/p>\n<\/div>","protected":false},"excerpt":{"rendered":"<p>This innovative multifunctional Waters Therapy Shower Head and Filter Cartridge removes chlorine from tap water, eliminating its negative effects on your skin, reducing hair loss while restoring your skin\u2019s freshness and elasticity.<\/p>\n<ul>\n<li>Provides the same pressure as a standard shower head but uses up to 50% less water<\/li>\n<li>Cartridge contains continuous stream of vitamin C, collagen, and lavender essential oil<\/li>\n<li>Attaches to all standard flexible shower hoses<\/li>\n<li>Long lifespan (approx. 10,000 litres or 4 months)<\/li>\n<\/ul>","protected":false},"featured_media":4963,"template":"","meta":[],"product_cat":[63],"product_tag":[],"class_list":{"0":"post-4960","1":"product","2":"type-product","3":"status-publish","4":"has-post-thumbnail","6":"wc_square_synced-yes","7":"product_cat-prevention","8":"product_brand-hidrolux","10":"first","11":"instock","12":"taxable","13":"shipping-taxable","14":"purchasable","15":"product-type-simple"},"yoast_head":"<!-- This site is optimized with the Yoast SEO plugin v22.3 - https:\/\/yoast.com\/wordpress\/plugins\/seo\/ -->\n<title>S\u00c9QUOIA | Pomme de douche th\u00e9rapeutique WATERS<\/title>\n<meta name=\"description\" content=\"Contrez les effets nocifs du chlore et restaurez la fra\u00eecheur et l&#039;\u00e9lasticit\u00e9 de votre peau tout en consommant moins d&#039;eau! La pomme de douche id\u00e9ale!\" \/>\n<meta name=\"robots\" content=\"index, follow, max-snippet:-1, max-image-preview:large, max-video-preview:-1\" \/>\n<link rel=\"canonical\" href=\"https:\/\/sequoiaprevention.com\/en\/product\/douche-therapeutique-waters\/\" \/>\n<meta property=\"og:locale\" content=\"en_US\" \/>\n<meta property=\"og:type\" content=\"article\" \/>\n<meta property=\"og:title\" content=\"S\u00c9QUOIA | Pomme de douche th\u00e9rapeutique WATERS\" \/>\n<meta property=\"og:description\" content=\"Contrez les effets nocifs du chlore et restaurez la fra\u00eecheur et l&#039;\u00e9lasticit\u00e9 de votre peau tout en consommant moins d&#039;eau! La pomme de douche id\u00e9ale!\" \/>\n<meta property=\"og:url\" content=\"https:\/\/sequoiaprevention.com\/en\/product\/douche-therapeutique-waters\/\" \/>\n<meta property=\"og:site_name\" content=\"S\u00e9quoia Pr\u00e9vention\" \/>\n<meta property=\"article:modified_time\" content=\"2026-04-15T20:58:10+00:00\" \/>\n<meta property=\"og:image\" content=\"https:\/\/sequoiaprevention.com\/wp-content\/uploads\/2021\/07\/ducha3.jpg\" \/>\n\t<meta property=\"og:image:width\" content=\"500\" \/>\n\t<meta property=\"og:image:height\" content=\"500\" \/>\n\t<meta property=\"og:image:type\" content=\"image\/jpeg\" \/>\n<meta name=\"twitter:card\" content=\"summary_large_image\" \/>\n<meta name=\"twitter:label1\" content=\"Est. reading time\" \/>\n\t<meta name=\"twitter:data1\" content=\"1 minute\" \/>\n<script type=\"application\/ld+json\" class=\"yoast-schema-graph\">{\"@context\":\"https:\/\/schema.org\",\"@graph\":[{\"@type\":\"WebPage\",\"@id\":\"https:\/\/sequoiaprevention.com\/produit\/douche-therapeutique-waters\/\",\"url\":\"https:\/\/sequoiaprevention.com\/produit\/douche-therapeutique-waters\/\",\"name\":\"S\u00c9QUOIA | Pomme de douche th\u00e9rapeutique WATERS\",\"isPartOf\":{\"@id\":\"https:\/\/sequoiaprevention.com\/#website\"},\"primaryImageOfPage\":{\"@id\":\"https:\/\/sequoiaprevention.com\/produit\/douche-therapeutique-waters\/#primaryimage\"},\"image\":{\"@id\":\"https:\/\/sequoiaprevention.com\/produit\/douche-therapeutique-waters\/#primaryimage\"},\"thumbnailUrl\":\"https:\/\/sequoiaprevention.com\/wp-content\/uploads\/2021\/07\/ducha3.jpg\",\"datePublished\":\"2021-07-30T14:17:46+00:00\",\"dateModified\":\"2026-04-15T20:58:10+00:00\",\"description\":\"Contrez les effets nocifs du chlore et restaurez la fra\u00eecheur et l'\u00e9lasticit\u00e9 de votre peau tout en consommant moins d'eau! La pomme de douche id\u00e9ale!\",\"breadcrumb\":{\"@id\":\"https:\/\/sequoiaprevention.com\/produit\/douche-therapeutique-waters\/#breadcrumb\"},\"inLanguage\":\"en-US\",\"potentialAction\":[{\"@type\":\"ReadAction\",\"target\":[\"https:\/\/sequoiaprevention.com\/produit\/douche-therapeutique-waters\/\"]}]},{\"@type\":\"ImageObject\",\"inLanguage\":\"en-US\",\"@id\":\"https:\/\/sequoiaprevention.com\/produit\/douche-therapeutique-waters\/#primaryimage\",\"url\":\"https:\/\/sequoiaprevention.com\/wp-content\/uploads\/2021\/07\/ducha3.jpg\",\"contentUrl\":\"https:\/\/sequoiaprevention.com\/wp-content\/uploads\/2021\/07\/ducha3.jpg\",\"width\":500,\"height\":500},{\"@type\":\"BreadcrumbList\",\"@id\":\"https:\/\/sequoiaprevention.com\/produit\/douche-therapeutique-waters\/#breadcrumb\",\"itemListElement\":[{\"@type\":\"ListItem\",\"position\":1,\"name\":\"Accueil\",\"item\":\"https:\/\/sequoiaprevention.com\/\"},{\"@type\":\"ListItem\",\"position\":2,\"name\":\"Boutique\",\"item\":\"https:\/\/sequoiaprevention.com\/boutique\/\"},{\"@type\":\"ListItem\",\"position\":3,\"name\":\"Pomme de douche th\u00e9rapeutique WATERS\"}]},{\"@type\":\"WebSite\",\"@id\":\"https:\/\/sequoiaprevention.com\/#website\",\"url\":\"https:\/\/sequoiaprevention.com\/\",\"name\":\"S\u00e9quoia Pr\u00e9vention\",\"description\":\"Votre chemin vers le mieux-\u00eatre\",\"potentialAction\":[{\"@type\":\"SearchAction\",\"target\":{\"@type\":\"EntryPoint\",\"urlTemplate\":\"https:\/\/sequoiaprevention.com\/?s={search_term_string}\"},\"query-input\":\"required name=search_term_string\"}],\"inLanguage\":\"en-US\"}]}<\/script>\n<!-- \/ Yoast SEO plugin. -->","yoast_head_json":{"title":"S\u00c9QUOIA | Pomme de douche th\u00e9rapeutique WATERS","description":"Contrez les effets nocifs du chlore et restaurez la fra\u00eecheur et l'\u00e9lasticit\u00e9 de votre peau tout en consommant moins d'eau! La pomme de douche id\u00e9ale!","robots":{"index":"index","follow":"follow","max-snippet":"max-snippet:-1","max-image-preview":"max-image-preview:large","max-video-preview":"max-video-preview:-1"},"canonical":"https:\/\/sequoiaprevention.com\/en\/product\/douche-therapeutique-waters\/","og_locale":"en_US","og_type":"article","og_title":"S\u00c9QUOIA | Pomme de douche th\u00e9rapeutique WATERS","og_description":"Contrez les effets nocifs du chlore et restaurez la fra\u00eecheur et l'\u00e9lasticit\u00e9 de votre peau tout en consommant moins d'eau! La pomme de douche id\u00e9ale!","og_url":"https:\/\/sequoiaprevention.com\/en\/product\/douche-therapeutique-waters\/","og_site_name":"S\u00e9quoia Pr\u00e9vention","article_modified_time":"2026-04-15T20:58:10+00:00","og_image":[{"width":500,"height":500,"url":"https:\/\/sequoiaprevention.com\/wp-content\/uploads\/2021\/07\/ducha3.jpg","type":"image\/jpeg"}],"twitter_card":"summary_large_image","twitter_misc":{"Est. reading time":"1 minute"},"schema":{"@context":"https:\/\/schema.org","@graph":[{"@type":"WebPage","@id":"https:\/\/sequoiaprevention.com\/produit\/douche-therapeutique-waters\/","url":"https:\/\/sequoiaprevention.com\/produit\/douche-therapeutique-waters\/","name":"S\u00c9QUOIA | Pomme de douche th\u00e9rapeutique WATERS","isPartOf":{"@id":"https:\/\/sequoiaprevention.com\/#website"},"primaryImageOfPage":{"@id":"https:\/\/sequoiaprevention.com\/produit\/douche-therapeutique-waters\/#primaryimage"},"image":{"@id":"https:\/\/sequoiaprevention.com\/produit\/douche-therapeutique-waters\/#primaryimage"},"thumbnailUrl":"https:\/\/sequoiaprevention.com\/wp-content\/uploads\/2021\/07\/ducha3.jpg","datePublished":"2021-07-30T14:17:46+00:00","dateModified":"2026-04-15T20:58:10+00:00","description":"Contrez les effets nocifs du chlore et restaurez la fra\u00eecheur et l'\u00e9lasticit\u00e9 de votre peau tout en consommant moins d'eau! La pomme de douche id\u00e9ale!","breadcrumb":{"@id":"https:\/\/sequoiaprevention.com\/produit\/douche-therapeutique-waters\/#breadcrumb"},"inLanguage":"en-US","potentialAction":[{"@type":"ReadAction","target":["https:\/\/sequoiaprevention.com\/produit\/douche-therapeutique-waters\/"]}]},{"@type":"ImageObject","inLanguage":"en-US","@id":"https:\/\/sequoiaprevention.com\/produit\/douche-therapeutique-waters\/#primaryimage","url":"https:\/\/sequoiaprevention.com\/wp-content\/uploads\/2021\/07\/ducha3.jpg","contentUrl":"https:\/\/sequoiaprevention.com\/wp-content\/uploads\/2021\/07\/ducha3.jpg","width":500,"height":500},{"@type":"BreadcrumbList","@id":"https:\/\/sequoiaprevention.com\/produit\/douche-therapeutique-waters\/#breadcrumb","itemListElement":[{"@type":"ListItem","position":1,"name":"Accueil","item":"https:\/\/sequoiaprevention.com\/"},{"@type":"ListItem","position":2,"name":"Boutique","item":"https:\/\/sequoiaprevention.com\/boutique\/"},{"@type":"ListItem","position":3,"name":"Pomme de douche th\u00e9rapeutique WATERS"}]},{"@type":"WebSite","@id":"https:\/\/sequoiaprevention.com\/#website","url":"https:\/\/sequoiaprevention.com\/","name":"S\u00e9quoia Pr\u00e9vention","description":"Votre chemin vers le mieux-\u00eatre","potentialAction":[{"@type":"SearchAction","target":{"@type":"EntryPoint","urlTemplate":"https:\/\/sequoiaprevention.com\/?s={search_term_string}"},"query-input":"required name=search_term_string"}],"inLanguage":"en-US"}]}},"jetpack_sharing_enabled":true,"_links":{"self":[{"href":"https:\/\/sequoiaprevention.com\/en\/wp-json\/wp\/v2\/product\/4960","targetHints":{"allow":["GET"]}}],"collection":[{"href":"https:\/\/sequoiaprevention.com\/en\/wp-json\/wp\/v2\/product"}],"about":[{"href":"https:\/\/sequoiaprevention.com\/en\/wp-json\/wp\/v2\/types\/product"}],"version-history":[{"count":7,"href":"https:\/\/sequoiaprevention.com\/en\/wp-json\/wp\/v2\/product\/4960\/revisions"}],"predecessor-version":[{"id":10310,"href":"https:\/\/sequoiaprevention.com\/en\/wp-json\/wp\/v2\/product\/4960\/revisions\/10310"}],"wp:featuredmedia":[{"embeddable":true,"href":"https:\/\/sequoiaprevention.com\/en\/wp-json\/wp\/v2\/media\/4963"}],"wp:attachment":[{"href":"https:\/\/sequoiaprevention.com\/en\/wp-json\/wp\/v2\/media?parent=4960"}],"wp:term":[{"taxonomy":"product_cat","embeddable":true,"href":"https:\/\/sequoiaprevention.com\/en\/wp-json\/wp\/v2\/product_cat?post=4960"},{"taxonomy":"product_tag","embeddable":true,"href":"https:\/\/sequoiaprevention.com\/en\/wp-json\/wp\/v2\/product_tag?post=4960"}],"curies":[{"name":"wp","href":"https:\/\/api.w.org\/{rel}","templated":true}]}}