{"id":4976,"date":"2021-07-30T14:22:36","date_gmt":"2021-07-30T14:22:36","guid":{"rendered":"https:\/\/sequoiaprevention.com\/?post_type=product&#038;p=4976"},"modified":"2026-04-11T04:44:02","modified_gmt":"2026-04-11T04:44:02","slug":"hydrogenerateur-portable-hidrolux","status":"publish","type":"product","link":"https:\/\/sequoiaprevention.com\/en\/product\/hydrogenerateur-portable-hidrolux\/","title":{"rendered":"Portable Hydrogen Water Generator Bottle"},"content":{"rendered":"<p><div>&#13;<\/p>\n<p>&#13;<\/p>\n<p>\u00a0&#13;<\/p>\n<p>&#13;<\/p>\n<p><strong>Benefits of hydrogen water<\/strong>&#13;<\/p>\n<p><ul>&#13;<\/p>\n<li>High antioxidant potential<\/li>\n<p>&#13;<\/p>\n<li>Promotes healthy gut bacteria growth<\/li>\n<p>&#13;<\/p>\n<li>Reduces inflammation<\/li>\n<p>&#13;<\/p>\n<li>Reduces DNA\/RNA and protein oxidation<\/li>\n<p>&#13;<\/p>\n<li>Promotes recovery after exercise<\/li>\n<p>&#13;<\/p>\n<\/ul>\n<p>&#13;<\/p>\n<\/div>","protected":false},"excerpt":{"rendered":"<p><strong>Portable Hydrogen Water Generator Bottle<\/strong><\/p>\n<p>It isn\u2019t always easy to drink quality water on the go, especially if you\u2019re trying not to buy bottled water for environmental and safety reasons.<\/p>\n<p>This portable hydrogen water generator is as compact as a regular water bottle and the perfect green solution for enjoying the benefits of hydrogen water\u2014anytime, anywhere.<\/p>\n<ul>\n<li>Easy to use: just add filtered or mineral water and turn on<\/li>\n<li>Portable, lightweight, compact<\/li>\n<li>Includes 320 mL BPA-free bottle<\/li>\n<li>Provided adapter can be screwed onto most standard bottles<\/li>\n<li>Rechargeable battery (micro USB) with excellent battery life (up to 18 uses per charge)<\/li>\n<li>Continuous hydrogen production during 3,000-hour product lifespan<\/li>\n<\/ul>","protected":false},"featured_media":4978,"template":"","meta":[],"product_cat":[62],"product_tag":[],"class_list":{"0":"post-4976","1":"product","2":"type-product","3":"status-publish","4":"has-post-thumbnail","6":"wc_square_synced-yes","7":"product_cat-vitalite","8":"product_brand-hidrolux","10":"first","11":"instock","12":"taxable","13":"shipping-taxable","14":"purchasable","15":"product-type-simple"},"yoast_head":"<!-- This site is optimized with the Yoast SEO plugin v22.3 - https:\/\/yoast.com\/wordpress\/plugins\/seo\/ -->\n<title>S\u00c9QUOIA | Dispositif d\u2019hydrog\u00e9nation portatif<\/title>\n<meta name=\"description\" content=\"Buvez une eau de qualit\u00e9 partout o\u00f9 vous vous trouvez, sans avoir \u00e0 acheter d&#039;eau embouteill\u00e9e gr\u00e2ce \u00e0 notre dispositif d&#039;hydrog\u00e9nation portatif!\" \/>\n<meta name=\"robots\" content=\"index, follow, max-snippet:-1, max-image-preview:large, max-video-preview:-1\" \/>\n<link rel=\"canonical\" href=\"https:\/\/sequoiaprevention.com\/en\/product\/hydrogenerateur-portable-hidrolux\/\" \/>\n<meta property=\"og:locale\" content=\"en_US\" \/>\n<meta property=\"og:type\" content=\"article\" \/>\n<meta property=\"og:title\" content=\"S\u00c9QUOIA | Dispositif d\u2019hydrog\u00e9nation portatif\" \/>\n<meta property=\"og:description\" content=\"Buvez une eau de qualit\u00e9 partout o\u00f9 vous vous trouvez, sans avoir \u00e0 acheter d&#039;eau embouteill\u00e9e gr\u00e2ce \u00e0 notre dispositif d&#039;hydrog\u00e9nation portatif!\" \/>\n<meta property=\"og:url\" content=\"https:\/\/sequoiaprevention.com\/en\/product\/hydrogenerateur-portable-hidrolux\/\" \/>\n<meta property=\"og:site_name\" content=\"S\u00e9quoia Pr\u00e9vention\" \/>\n<meta property=\"article:modified_time\" content=\"2026-04-11T04:44:02+00:00\" \/>\n<meta property=\"og:image\" content=\"https:\/\/sequoiaprevention.com\/wp-content\/uploads\/2021\/07\/hidrogenador2.jpg\" \/>\n\t<meta property=\"og:image:width\" content=\"500\" \/>\n\t<meta property=\"og:image:height\" content=\"500\" \/>\n\t<meta property=\"og:image:type\" content=\"image\/jpeg\" \/>\n<meta name=\"twitter:card\" content=\"summary_large_image\" \/>\n<meta name=\"twitter:label1\" content=\"Est. reading time\" \/>\n\t<meta name=\"twitter:data1\" content=\"1 minute\" \/>\n<script type=\"application\/ld+json\" class=\"yoast-schema-graph\">{\"@context\":\"https:\/\/schema.org\",\"@graph\":[{\"@type\":\"WebPage\",\"@id\":\"https:\/\/sequoiaprevention.com\/produit\/hydrogenerateur-portable-hidrolux\/\",\"url\":\"https:\/\/sequoiaprevention.com\/produit\/hydrogenerateur-portable-hidrolux\/\",\"name\":\"S\u00c9QUOIA | Dispositif d\u2019hydrog\u00e9nation portatif\",\"isPartOf\":{\"@id\":\"https:\/\/sequoiaprevention.com\/#website\"},\"primaryImageOfPage\":{\"@id\":\"https:\/\/sequoiaprevention.com\/produit\/hydrogenerateur-portable-hidrolux\/#primaryimage\"},\"image\":{\"@id\":\"https:\/\/sequoiaprevention.com\/produit\/hydrogenerateur-portable-hidrolux\/#primaryimage\"},\"thumbnailUrl\":\"https:\/\/sequoiaprevention.com\/wp-content\/uploads\/2021\/07\/hidrogenador2.jpg\",\"datePublished\":\"2021-07-30T14:22:36+00:00\",\"dateModified\":\"2026-04-11T04:44:02+00:00\",\"description\":\"Buvez une eau de qualit\u00e9 partout o\u00f9 vous vous trouvez, sans avoir \u00e0 acheter d'eau embouteill\u00e9e gr\u00e2ce \u00e0 notre dispositif d'hydrog\u00e9nation portatif!\",\"breadcrumb\":{\"@id\":\"https:\/\/sequoiaprevention.com\/produit\/hydrogenerateur-portable-hidrolux\/#breadcrumb\"},\"inLanguage\":\"en-US\",\"potentialAction\":[{\"@type\":\"ReadAction\",\"target\":[\"https:\/\/sequoiaprevention.com\/produit\/hydrogenerateur-portable-hidrolux\/\"]}]},{\"@type\":\"ImageObject\",\"inLanguage\":\"en-US\",\"@id\":\"https:\/\/sequoiaprevention.com\/produit\/hydrogenerateur-portable-hidrolux\/#primaryimage\",\"url\":\"https:\/\/sequoiaprevention.com\/wp-content\/uploads\/2021\/07\/hidrogenador2.jpg\",\"contentUrl\":\"https:\/\/sequoiaprevention.com\/wp-content\/uploads\/2021\/07\/hidrogenador2.jpg\",\"width\":500,\"height\":500},{\"@type\":\"BreadcrumbList\",\"@id\":\"https:\/\/sequoiaprevention.com\/produit\/hydrogenerateur-portable-hidrolux\/#breadcrumb\",\"itemListElement\":[{\"@type\":\"ListItem\",\"position\":1,\"name\":\"Accueil\",\"item\":\"https:\/\/sequoiaprevention.com\/\"},{\"@type\":\"ListItem\",\"position\":2,\"name\":\"Boutique\",\"item\":\"https:\/\/sequoiaprevention.com\/boutique\/\"},{\"@type\":\"ListItem\",\"position\":3,\"name\":\"Dispositif d\u2019hydrog\u00e9nation portatif\"}]},{\"@type\":\"WebSite\",\"@id\":\"https:\/\/sequoiaprevention.com\/#website\",\"url\":\"https:\/\/sequoiaprevention.com\/\",\"name\":\"S\u00e9quoia Pr\u00e9vention\",\"description\":\"Votre chemin vers le mieux-\u00eatre\",\"potentialAction\":[{\"@type\":\"SearchAction\",\"target\":{\"@type\":\"EntryPoint\",\"urlTemplate\":\"https:\/\/sequoiaprevention.com\/?s={search_term_string}\"},\"query-input\":\"required name=search_term_string\"}],\"inLanguage\":\"en-US\"}]}<\/script>\n<!-- \/ Yoast SEO plugin. -->","yoast_head_json":{"title":"S\u00c9QUOIA | Dispositif d\u2019hydrog\u00e9nation portatif","description":"Buvez une eau de qualit\u00e9 partout o\u00f9 vous vous trouvez, sans avoir \u00e0 acheter d'eau embouteill\u00e9e gr\u00e2ce \u00e0 notre dispositif d'hydrog\u00e9nation portatif!","robots":{"index":"index","follow":"follow","max-snippet":"max-snippet:-1","max-image-preview":"max-image-preview:large","max-video-preview":"max-video-preview:-1"},"canonical":"https:\/\/sequoiaprevention.com\/en\/product\/hydrogenerateur-portable-hidrolux\/","og_locale":"en_US","og_type":"article","og_title":"S\u00c9QUOIA | Dispositif d\u2019hydrog\u00e9nation portatif","og_description":"Buvez une eau de qualit\u00e9 partout o\u00f9 vous vous trouvez, sans avoir \u00e0 acheter d'eau embouteill\u00e9e gr\u00e2ce \u00e0 notre dispositif d'hydrog\u00e9nation portatif!","og_url":"https:\/\/sequoiaprevention.com\/en\/product\/hydrogenerateur-portable-hidrolux\/","og_site_name":"S\u00e9quoia Pr\u00e9vention","article_modified_time":"2026-04-11T04:44:02+00:00","og_image":[{"width":500,"height":500,"url":"https:\/\/sequoiaprevention.com\/wp-content\/uploads\/2021\/07\/hidrogenador2.jpg","type":"image\/jpeg"}],"twitter_card":"summary_large_image","twitter_misc":{"Est. reading time":"1 minute"},"schema":{"@context":"https:\/\/schema.org","@graph":[{"@type":"WebPage","@id":"https:\/\/sequoiaprevention.com\/produit\/hydrogenerateur-portable-hidrolux\/","url":"https:\/\/sequoiaprevention.com\/produit\/hydrogenerateur-portable-hidrolux\/","name":"S\u00c9QUOIA | Dispositif d\u2019hydrog\u00e9nation portatif","isPartOf":{"@id":"https:\/\/sequoiaprevention.com\/#website"},"primaryImageOfPage":{"@id":"https:\/\/sequoiaprevention.com\/produit\/hydrogenerateur-portable-hidrolux\/#primaryimage"},"image":{"@id":"https:\/\/sequoiaprevention.com\/produit\/hydrogenerateur-portable-hidrolux\/#primaryimage"},"thumbnailUrl":"https:\/\/sequoiaprevention.com\/wp-content\/uploads\/2021\/07\/hidrogenador2.jpg","datePublished":"2021-07-30T14:22:36+00:00","dateModified":"2026-04-11T04:44:02+00:00","description":"Buvez une eau de qualit\u00e9 partout o\u00f9 vous vous trouvez, sans avoir \u00e0 acheter d'eau embouteill\u00e9e gr\u00e2ce \u00e0 notre dispositif d'hydrog\u00e9nation portatif!","breadcrumb":{"@id":"https:\/\/sequoiaprevention.com\/produit\/hydrogenerateur-portable-hidrolux\/#breadcrumb"},"inLanguage":"en-US","potentialAction":[{"@type":"ReadAction","target":["https:\/\/sequoiaprevention.com\/produit\/hydrogenerateur-portable-hidrolux\/"]}]},{"@type":"ImageObject","inLanguage":"en-US","@id":"https:\/\/sequoiaprevention.com\/produit\/hydrogenerateur-portable-hidrolux\/#primaryimage","url":"https:\/\/sequoiaprevention.com\/wp-content\/uploads\/2021\/07\/hidrogenador2.jpg","contentUrl":"https:\/\/sequoiaprevention.com\/wp-content\/uploads\/2021\/07\/hidrogenador2.jpg","width":500,"height":500},{"@type":"BreadcrumbList","@id":"https:\/\/sequoiaprevention.com\/produit\/hydrogenerateur-portable-hidrolux\/#breadcrumb","itemListElement":[{"@type":"ListItem","position":1,"name":"Accueil","item":"https:\/\/sequoiaprevention.com\/"},{"@type":"ListItem","position":2,"name":"Boutique","item":"https:\/\/sequoiaprevention.com\/boutique\/"},{"@type":"ListItem","position":3,"name":"Dispositif d\u2019hydrog\u00e9nation portatif"}]},{"@type":"WebSite","@id":"https:\/\/sequoiaprevention.com\/#website","url":"https:\/\/sequoiaprevention.com\/","name":"S\u00e9quoia Pr\u00e9vention","description":"Votre chemin vers le mieux-\u00eatre","potentialAction":[{"@type":"SearchAction","target":{"@type":"EntryPoint","urlTemplate":"https:\/\/sequoiaprevention.com\/?s={search_term_string}"},"query-input":"required name=search_term_string"}],"inLanguage":"en-US"}]}},"jetpack_sharing_enabled":true,"_links":{"self":[{"href":"https:\/\/sequoiaprevention.com\/en\/wp-json\/wp\/v2\/product\/4976","targetHints":{"allow":["GET"]}}],"collection":[{"href":"https:\/\/sequoiaprevention.com\/en\/wp-json\/wp\/v2\/product"}],"about":[{"href":"https:\/\/sequoiaprevention.com\/en\/wp-json\/wp\/v2\/types\/product"}],"version-history":[{"count":8,"href":"https:\/\/sequoiaprevention.com\/en\/wp-json\/wp\/v2\/product\/4976\/revisions"}],"predecessor-version":[{"id":10307,"href":"https:\/\/sequoiaprevention.com\/en\/wp-json\/wp\/v2\/product\/4976\/revisions\/10307"}],"wp:featuredmedia":[{"embeddable":true,"href":"https:\/\/sequoiaprevention.com\/en\/wp-json\/wp\/v2\/media\/4978"}],"wp:attachment":[{"href":"https:\/\/sequoiaprevention.com\/en\/wp-json\/wp\/v2\/media?parent=4976"}],"wp:term":[{"taxonomy":"product_cat","embeddable":true,"href":"https:\/\/sequoiaprevention.com\/en\/wp-json\/wp\/v2\/product_cat?post=4976"},{"taxonomy":"product_tag","embeddable":true,"href":"https:\/\/sequoiaprevention.com\/en\/wp-json\/wp\/v2\/product_tag?post=4976"}],"curies":[{"name":"wp","href":"https:\/\/api.w.org\/{rel}","templated":true}]}}