{"id":4987,"date":"2021-07-30T14:24:04","date_gmt":"2021-07-30T14:24:04","guid":{"rendered":"https:\/\/sequoiaprevention.com\/?post_type=product&#038;p=4987"},"modified":"2026-04-11T04:36:00","modified_gmt":"2026-04-11T04:36:00","slug":"bouteille-thermo-acier-hydrolux","status":"publish","type":"product","link":"https:\/\/sequoiaprevention.com\/en\/product\/bouteille-thermo-acier-hydrolux\/","title":{"rendered":"500 mL Bottle"},"content":{"rendered":"<p>\u00a0&#13;<\/p>\n<p><ul>&#13;<\/p>\n<li>Lightweight, durable 500 mL vacuum flask<\/li>\n<p>&#13;<\/p>\n<li>BPA- and toxin-free, safe for children<\/li>\n<p>&#13;<\/p>\n<li>Keeps water hydrogenated for 48 hours<\/li>\n<p>&#13;<\/p>\n<li>Keeps drinks hot for 12 hours and cold for 24 hours<\/li>\n<p>&#13;<\/p>\n<\/ul>","protected":false},"excerpt":{"rendered":"<p>This 500 mL vacuum flask will keep your water hydrogenated for 48 hours. It\u2019s BPA- and toxin-free so it\u2019s even safe for children. Light and durable, it keeps drinks hot for 12 hours and cold for 24 hours.<\/p>","protected":false},"featured_media":4989,"template":"","meta":[],"product_cat":[62],"product_tag":[],"class_list":{"0":"post-4987","1":"product","2":"type-product","3":"status-publish","4":"has-post-thumbnail","6":"wc_square_synced-yes","7":"product_cat-vitalite","8":"product_brand-hidrolux","10":"first","11":"instock","12":"taxable","13":"shipping-taxable","14":"purchasable","15":"product-type-simple"},"yoast_head":"<!-- This site is optimized with the Yoast SEO plugin v22.3 - https:\/\/yoast.com\/wordpress\/plugins\/seo\/ -->\n<title>S\u00c9QUOIA | Bouteille isotherme Hydrolux 500 ml<\/title>\n<meta name=\"description\" content=\"Procurez-vous la bouteille isotherme Hydrolux, parfaite pour maintenir l&#039;hydrog\u00e9nation de l&#039;eau et la temp\u00e9rature de vos boissons durant des heures!\" \/>\n<meta name=\"robots\" content=\"index, follow, max-snippet:-1, max-image-preview:large, max-video-preview:-1\" \/>\n<link rel=\"canonical\" href=\"https:\/\/sequoiaprevention.com\/en\/product\/bouteille-thermo-acier-hydrolux\/\" \/>\n<meta property=\"og:locale\" content=\"en_US\" \/>\n<meta property=\"og:type\" content=\"article\" \/>\n<meta property=\"og:title\" content=\"S\u00c9QUOIA | Bouteille isotherme Hydrolux 500 ml\" \/>\n<meta property=\"og:description\" content=\"Procurez-vous la bouteille isotherme Hydrolux, parfaite pour maintenir l&#039;hydrog\u00e9nation de l&#039;eau et la temp\u00e9rature de vos boissons durant des heures!\" \/>\n<meta property=\"og:url\" content=\"https:\/\/sequoiaprevention.com\/en\/product\/bouteille-thermo-acier-hydrolux\/\" \/>\n<meta property=\"og:site_name\" content=\"S\u00e9quoia Pr\u00e9vention\" \/>\n<meta property=\"article:modified_time\" content=\"2026-04-11T04:36:00+00:00\" \/>\n<meta property=\"og:image\" content=\"https:\/\/sequoiaprevention.com\/wp-content\/uploads\/2021\/07\/botella2.jpg\" \/>\n\t<meta property=\"og:image:width\" content=\"500\" \/>\n\t<meta property=\"og:image:height\" content=\"500\" \/>\n\t<meta property=\"og:image:type\" content=\"image\/jpeg\" \/>\n<meta name=\"twitter:card\" content=\"summary_large_image\" \/>\n<meta name=\"twitter:label1\" content=\"Est. reading time\" \/>\n\t<meta name=\"twitter:data1\" content=\"1 minute\" \/>\n<script type=\"application\/ld+json\" class=\"yoast-schema-graph\">{\"@context\":\"https:\/\/schema.org\",\"@graph\":[{\"@type\":\"WebPage\",\"@id\":\"https:\/\/sequoiaprevention.com\/produit\/bouteille-thermo-acier-hydrolux\/\",\"url\":\"https:\/\/sequoiaprevention.com\/produit\/bouteille-thermo-acier-hydrolux\/\",\"name\":\"S\u00c9QUOIA | Bouteille isotherme Hydrolux 500 ml\",\"isPartOf\":{\"@id\":\"https:\/\/sequoiaprevention.com\/#website\"},\"primaryImageOfPage\":{\"@id\":\"https:\/\/sequoiaprevention.com\/produit\/bouteille-thermo-acier-hydrolux\/#primaryimage\"},\"image\":{\"@id\":\"https:\/\/sequoiaprevention.com\/produit\/bouteille-thermo-acier-hydrolux\/#primaryimage\"},\"thumbnailUrl\":\"https:\/\/sequoiaprevention.com\/wp-content\/uploads\/2021\/07\/botella2.jpg\",\"datePublished\":\"2021-07-30T14:24:04+00:00\",\"dateModified\":\"2026-04-11T04:36:00+00:00\",\"description\":\"Procurez-vous la bouteille isotherme Hydrolux, parfaite pour maintenir l'hydrog\u00e9nation de l'eau et la temp\u00e9rature de vos boissons durant des heures!\",\"breadcrumb\":{\"@id\":\"https:\/\/sequoiaprevention.com\/produit\/bouteille-thermo-acier-hydrolux\/#breadcrumb\"},\"inLanguage\":\"en-US\",\"potentialAction\":[{\"@type\":\"ReadAction\",\"target\":[\"https:\/\/sequoiaprevention.com\/produit\/bouteille-thermo-acier-hydrolux\/\"]}]},{\"@type\":\"ImageObject\",\"inLanguage\":\"en-US\",\"@id\":\"https:\/\/sequoiaprevention.com\/produit\/bouteille-thermo-acier-hydrolux\/#primaryimage\",\"url\":\"https:\/\/sequoiaprevention.com\/wp-content\/uploads\/2021\/07\/botella2.jpg\",\"contentUrl\":\"https:\/\/sequoiaprevention.com\/wp-content\/uploads\/2021\/07\/botella2.jpg\",\"width\":500,\"height\":500},{\"@type\":\"BreadcrumbList\",\"@id\":\"https:\/\/sequoiaprevention.com\/produit\/bouteille-thermo-acier-hydrolux\/#breadcrumb\",\"itemListElement\":[{\"@type\":\"ListItem\",\"position\":1,\"name\":\"Accueil\",\"item\":\"https:\/\/sequoiaprevention.com\/\"},{\"@type\":\"ListItem\",\"position\":2,\"name\":\"Boutique\",\"item\":\"https:\/\/sequoiaprevention.com\/boutique\/\"},{\"@type\":\"ListItem\",\"position\":3,\"name\":\"Bouteille 500\u00a0ml\"}]},{\"@type\":\"WebSite\",\"@id\":\"https:\/\/sequoiaprevention.com\/#website\",\"url\":\"https:\/\/sequoiaprevention.com\/\",\"name\":\"S\u00e9quoia Pr\u00e9vention\",\"description\":\"Votre chemin vers le mieux-\u00eatre\",\"potentialAction\":[{\"@type\":\"SearchAction\",\"target\":{\"@type\":\"EntryPoint\",\"urlTemplate\":\"https:\/\/sequoiaprevention.com\/?s={search_term_string}\"},\"query-input\":\"required name=search_term_string\"}],\"inLanguage\":\"en-US\"}]}<\/script>\n<!-- \/ Yoast SEO plugin. -->","yoast_head_json":{"title":"S\u00c9QUOIA | Bouteille isotherme Hydrolux 500 ml","description":"Procurez-vous la bouteille isotherme Hydrolux, parfaite pour maintenir l'hydrog\u00e9nation de l'eau et la temp\u00e9rature de vos boissons durant des heures!","robots":{"index":"index","follow":"follow","max-snippet":"max-snippet:-1","max-image-preview":"max-image-preview:large","max-video-preview":"max-video-preview:-1"},"canonical":"https:\/\/sequoiaprevention.com\/en\/product\/bouteille-thermo-acier-hydrolux\/","og_locale":"en_US","og_type":"article","og_title":"S\u00c9QUOIA | Bouteille isotherme Hydrolux 500 ml","og_description":"Procurez-vous la bouteille isotherme Hydrolux, parfaite pour maintenir l'hydrog\u00e9nation de l'eau et la temp\u00e9rature de vos boissons durant des heures!","og_url":"https:\/\/sequoiaprevention.com\/en\/product\/bouteille-thermo-acier-hydrolux\/","og_site_name":"S\u00e9quoia Pr\u00e9vention","article_modified_time":"2026-04-11T04:36:00+00:00","og_image":[{"width":500,"height":500,"url":"https:\/\/sequoiaprevention.com\/wp-content\/uploads\/2021\/07\/botella2.jpg","type":"image\/jpeg"}],"twitter_card":"summary_large_image","twitter_misc":{"Est. reading time":"1 minute"},"schema":{"@context":"https:\/\/schema.org","@graph":[{"@type":"WebPage","@id":"https:\/\/sequoiaprevention.com\/produit\/bouteille-thermo-acier-hydrolux\/","url":"https:\/\/sequoiaprevention.com\/produit\/bouteille-thermo-acier-hydrolux\/","name":"S\u00c9QUOIA | Bouteille isotherme Hydrolux 500 ml","isPartOf":{"@id":"https:\/\/sequoiaprevention.com\/#website"},"primaryImageOfPage":{"@id":"https:\/\/sequoiaprevention.com\/produit\/bouteille-thermo-acier-hydrolux\/#primaryimage"},"image":{"@id":"https:\/\/sequoiaprevention.com\/produit\/bouteille-thermo-acier-hydrolux\/#primaryimage"},"thumbnailUrl":"https:\/\/sequoiaprevention.com\/wp-content\/uploads\/2021\/07\/botella2.jpg","datePublished":"2021-07-30T14:24:04+00:00","dateModified":"2026-04-11T04:36:00+00:00","description":"Procurez-vous la bouteille isotherme Hydrolux, parfaite pour maintenir l'hydrog\u00e9nation de l'eau et la temp\u00e9rature de vos boissons durant des heures!","breadcrumb":{"@id":"https:\/\/sequoiaprevention.com\/produit\/bouteille-thermo-acier-hydrolux\/#breadcrumb"},"inLanguage":"en-US","potentialAction":[{"@type":"ReadAction","target":["https:\/\/sequoiaprevention.com\/produit\/bouteille-thermo-acier-hydrolux\/"]}]},{"@type":"ImageObject","inLanguage":"en-US","@id":"https:\/\/sequoiaprevention.com\/produit\/bouteille-thermo-acier-hydrolux\/#primaryimage","url":"https:\/\/sequoiaprevention.com\/wp-content\/uploads\/2021\/07\/botella2.jpg","contentUrl":"https:\/\/sequoiaprevention.com\/wp-content\/uploads\/2021\/07\/botella2.jpg","width":500,"height":500},{"@type":"BreadcrumbList","@id":"https:\/\/sequoiaprevention.com\/produit\/bouteille-thermo-acier-hydrolux\/#breadcrumb","itemListElement":[{"@type":"ListItem","position":1,"name":"Accueil","item":"https:\/\/sequoiaprevention.com\/"},{"@type":"ListItem","position":2,"name":"Boutique","item":"https:\/\/sequoiaprevention.com\/boutique\/"},{"@type":"ListItem","position":3,"name":"Bouteille 500\u00a0ml"}]},{"@type":"WebSite","@id":"https:\/\/sequoiaprevention.com\/#website","url":"https:\/\/sequoiaprevention.com\/","name":"S\u00e9quoia Pr\u00e9vention","description":"Votre chemin vers le mieux-\u00eatre","potentialAction":[{"@type":"SearchAction","target":{"@type":"EntryPoint","urlTemplate":"https:\/\/sequoiaprevention.com\/?s={search_term_string}"},"query-input":"required name=search_term_string"}],"inLanguage":"en-US"}]}},"jetpack_sharing_enabled":true,"_links":{"self":[{"href":"https:\/\/sequoiaprevention.com\/en\/wp-json\/wp\/v2\/product\/4987","targetHints":{"allow":["GET"]}}],"collection":[{"href":"https:\/\/sequoiaprevention.com\/en\/wp-json\/wp\/v2\/product"}],"about":[{"href":"https:\/\/sequoiaprevention.com\/en\/wp-json\/wp\/v2\/types\/product"}],"version-history":[{"count":6,"href":"https:\/\/sequoiaprevention.com\/en\/wp-json\/wp\/v2\/product\/4987\/revisions"}],"predecessor-version":[{"id":10306,"href":"https:\/\/sequoiaprevention.com\/en\/wp-json\/wp\/v2\/product\/4987\/revisions\/10306"}],"wp:featuredmedia":[{"embeddable":true,"href":"https:\/\/sequoiaprevention.com\/en\/wp-json\/wp\/v2\/media\/4989"}],"wp:attachment":[{"href":"https:\/\/sequoiaprevention.com\/en\/wp-json\/wp\/v2\/media?parent=4987"}],"wp:term":[{"taxonomy":"product_cat","embeddable":true,"href":"https:\/\/sequoiaprevention.com\/en\/wp-json\/wp\/v2\/product_cat?post=4987"},{"taxonomy":"product_tag","embeddable":true,"href":"https:\/\/sequoiaprevention.com\/en\/wp-json\/wp\/v2\/product_tag?post=4987"}],"curies":[{"name":"wp","href":"https:\/\/api.w.org\/{rel}","templated":true}]}}