{"id":5001,"date":"2021-07-30T14:26:03","date_gmt":"2021-07-30T14:26:03","guid":{"rendered":"https:\/\/sequoiaprevention.com\/?post_type=product&#038;p=5001"},"modified":"2026-04-29T05:30:05","modified_gmt":"2026-04-29T05:30:05","slug":"emf-sequoia-ufo","status":"publish","type":"product","link":"https:\/\/sequoiaprevention.com\/en\/product\/emf-sequoia-ufo\/","title":{"rendered":"Personal Protection Sphere"},"content":{"rendered":"","protected":false},"excerpt":{"rendered":"<p>Smaller than the EMF-S\u00e9quoia Home Protection Sphere, this wearable personal protection sphere creates a protective \u201cbubble\u201d 2 metres in diameter. It\u2019s designed to shield you wherever you are from the harmful effects of electromagnetic waves emitted by nearby wireless networks.<\/p>\n<ul>\n<li>50 mm diameter sphere you can carry in your pocket or bag<\/li>\n<li>Lifespan of 24 months after first exposure to wireless network waves<\/li>\n<li>Place in box for 30 minutes every day to cleanse and recharge<\/li>\n<li>Does not need to be plugged into an outlet<\/li>\n<li>Keep away from metal objects in your pocket or bag, as they may reduce its effectiveness<\/li>\n<\/ul>","protected":false},"featured_media":5762,"template":"elementor_theme","meta":[],"product_cat":[59],"product_tag":[73],"class_list":{"0":"post-5001","1":"product","2":"type-product","3":"status-publish","4":"has-post-thumbnail","6":"wc_square_synced-yes","7":"product_cat-protection","8":"product_tag-emf-sequoia","9":"product_brand-emf","11":"first","12":"instock","13":"taxable","14":"shipping-taxable","15":"purchasable","16":"product-type-simple"},"yoast_head":"<!-- This site is optimized with the Yoast SEO plugin v22.3 - https:\/\/yoast.com\/wordpress\/plugins\/seo\/ -->\n<title>S\u00c9QUOIA | Sph\u00e8re de protection personnelle<\/title>\n<meta name=\"description\" content=\"Cette sph\u00e8re de protection \u00e0 porter sur soi vous enveloppe d&#039;une bulle de protection de 2 m de diam\u00e8tre contre les ondes des r\u00e9seaux sans fil. \u00c0 voir!\" \/>\n<meta name=\"robots\" content=\"index, follow, max-snippet:-1, max-image-preview:large, max-video-preview:-1\" \/>\n<link rel=\"canonical\" href=\"https:\/\/sequoiaprevention.com\/en\/product\/emf-sequoia-ufo\/\" \/>\n<meta property=\"og:locale\" content=\"en_US\" \/>\n<meta property=\"og:type\" content=\"article\" \/>\n<meta property=\"og:title\" content=\"S\u00c9QUOIA | Sph\u00e8re de protection personnelle\" \/>\n<meta property=\"og:description\" content=\"Cette sph\u00e8re de protection \u00e0 porter sur soi vous enveloppe d&#039;une bulle de protection de 2 m de diam\u00e8tre contre les ondes des r\u00e9seaux sans fil. \u00c0 voir!\" \/>\n<meta property=\"og:url\" content=\"https:\/\/sequoiaprevention.com\/en\/product\/emf-sequoia-ufo\/\" \/>\n<meta property=\"og:site_name\" content=\"S\u00e9quoia Pr\u00e9vention\" \/>\n<meta property=\"article:modified_time\" content=\"2026-04-29T05:30:05+00:00\" \/>\n<meta property=\"og:image\" content=\"https:\/\/sequoiaprevention.com\/wp-content\/uploads\/2021\/09\/HAMELIN__22491-scaled-e1648045247334.jpg\" \/>\n\t<meta property=\"og:image:width\" content=\"1661\" \/>\n\t<meta property=\"og:image:height\" content=\"1707\" \/>\n\t<meta property=\"og:image:type\" content=\"image\/jpeg\" \/>\n<meta name=\"twitter:card\" content=\"summary_large_image\" \/>\n<meta name=\"twitter:label1\" content=\"Est. reading time\" \/>\n\t<meta name=\"twitter:data1\" content=\"1 minute\" \/>\n<script type=\"application\/ld+json\" class=\"yoast-schema-graph\">{\"@context\":\"https:\/\/schema.org\",\"@graph\":[{\"@type\":\"WebPage\",\"@id\":\"https:\/\/sequoiaprevention.com\/produit\/emf-sequoia-ufo\/\",\"url\":\"https:\/\/sequoiaprevention.com\/produit\/emf-sequoia-ufo\/\",\"name\":\"S\u00c9QUOIA | Sph\u00e8re de protection personnelle\",\"isPartOf\":{\"@id\":\"https:\/\/sequoiaprevention.com\/#website\"},\"primaryImageOfPage\":{\"@id\":\"https:\/\/sequoiaprevention.com\/produit\/emf-sequoia-ufo\/#primaryimage\"},\"image\":{\"@id\":\"https:\/\/sequoiaprevention.com\/produit\/emf-sequoia-ufo\/#primaryimage\"},\"thumbnailUrl\":\"https:\/\/sequoiaprevention.com\/wp-content\/uploads\/2021\/09\/HAMELIN__22491-scaled-e1648045247334.jpg\",\"datePublished\":\"2021-07-30T14:26:03+00:00\",\"dateModified\":\"2026-04-29T05:30:05+00:00\",\"description\":\"Cette sph\u00e8re de protection \u00e0 porter sur soi vous enveloppe d'une bulle de protection de 2 m de diam\u00e8tre contre les ondes des r\u00e9seaux sans fil. \u00c0 voir!\",\"breadcrumb\":{\"@id\":\"https:\/\/sequoiaprevention.com\/produit\/emf-sequoia-ufo\/#breadcrumb\"},\"inLanguage\":\"en-US\",\"potentialAction\":[{\"@type\":\"ReadAction\",\"target\":[\"https:\/\/sequoiaprevention.com\/produit\/emf-sequoia-ufo\/\"]}]},{\"@type\":\"ImageObject\",\"inLanguage\":\"en-US\",\"@id\":\"https:\/\/sequoiaprevention.com\/produit\/emf-sequoia-ufo\/#primaryimage\",\"url\":\"https:\/\/sequoiaprevention.com\/wp-content\/uploads\/2021\/09\/HAMELIN__22491-scaled-e1648045247334.jpg\",\"contentUrl\":\"https:\/\/sequoiaprevention.com\/wp-content\/uploads\/2021\/09\/HAMELIN__22491-scaled-e1648045247334.jpg\",\"width\":1661,\"height\":1707},{\"@type\":\"BreadcrumbList\",\"@id\":\"https:\/\/sequoiaprevention.com\/produit\/emf-sequoia-ufo\/#breadcrumb\",\"itemListElement\":[{\"@type\":\"ListItem\",\"position\":1,\"name\":\"Accueil\",\"item\":\"https:\/\/sequoiaprevention.com\/\"},{\"@type\":\"ListItem\",\"position\":2,\"name\":\"Boutique\",\"item\":\"https:\/\/sequoiaprevention.com\/boutique\/\"},{\"@type\":\"ListItem\",\"position\":3,\"name\":\"Sph\u00e8re de protection personnelle\"}]},{\"@type\":\"WebSite\",\"@id\":\"https:\/\/sequoiaprevention.com\/#website\",\"url\":\"https:\/\/sequoiaprevention.com\/\",\"name\":\"S\u00e9quoia Pr\u00e9vention\",\"description\":\"Votre chemin vers le mieux-\u00eatre\",\"potentialAction\":[{\"@type\":\"SearchAction\",\"target\":{\"@type\":\"EntryPoint\",\"urlTemplate\":\"https:\/\/sequoiaprevention.com\/?s={search_term_string}\"},\"query-input\":\"required name=search_term_string\"}],\"inLanguage\":\"en-US\"}]}<\/script>\n<!-- \/ Yoast SEO plugin. -->","yoast_head_json":{"title":"S\u00c9QUOIA | Sph\u00e8re de protection personnelle","description":"Cette sph\u00e8re de protection \u00e0 porter sur soi vous enveloppe d'une bulle de protection de 2 m de diam\u00e8tre contre les ondes des r\u00e9seaux sans fil. \u00c0 voir!","robots":{"index":"index","follow":"follow","max-snippet":"max-snippet:-1","max-image-preview":"max-image-preview:large","max-video-preview":"max-video-preview:-1"},"canonical":"https:\/\/sequoiaprevention.com\/en\/product\/emf-sequoia-ufo\/","og_locale":"en_US","og_type":"article","og_title":"S\u00c9QUOIA | Sph\u00e8re de protection personnelle","og_description":"Cette sph\u00e8re de protection \u00e0 porter sur soi vous enveloppe d'une bulle de protection de 2 m de diam\u00e8tre contre les ondes des r\u00e9seaux sans fil. \u00c0 voir!","og_url":"https:\/\/sequoiaprevention.com\/en\/product\/emf-sequoia-ufo\/","og_site_name":"S\u00e9quoia Pr\u00e9vention","article_modified_time":"2026-04-29T05:30:05+00:00","og_image":[{"width":1661,"height":1707,"url":"https:\/\/sequoiaprevention.com\/wp-content\/uploads\/2021\/09\/HAMELIN__22491-scaled-e1648045247334.jpg","type":"image\/jpeg"}],"twitter_card":"summary_large_image","twitter_misc":{"Est. reading time":"1 minute"},"schema":{"@context":"https:\/\/schema.org","@graph":[{"@type":"WebPage","@id":"https:\/\/sequoiaprevention.com\/produit\/emf-sequoia-ufo\/","url":"https:\/\/sequoiaprevention.com\/produit\/emf-sequoia-ufo\/","name":"S\u00c9QUOIA | Sph\u00e8re de protection personnelle","isPartOf":{"@id":"https:\/\/sequoiaprevention.com\/#website"},"primaryImageOfPage":{"@id":"https:\/\/sequoiaprevention.com\/produit\/emf-sequoia-ufo\/#primaryimage"},"image":{"@id":"https:\/\/sequoiaprevention.com\/produit\/emf-sequoia-ufo\/#primaryimage"},"thumbnailUrl":"https:\/\/sequoiaprevention.com\/wp-content\/uploads\/2021\/09\/HAMELIN__22491-scaled-e1648045247334.jpg","datePublished":"2021-07-30T14:26:03+00:00","dateModified":"2026-04-29T05:30:05+00:00","description":"Cette sph\u00e8re de protection \u00e0 porter sur soi vous enveloppe d'une bulle de protection de 2 m de diam\u00e8tre contre les ondes des r\u00e9seaux sans fil. \u00c0 voir!","breadcrumb":{"@id":"https:\/\/sequoiaprevention.com\/produit\/emf-sequoia-ufo\/#breadcrumb"},"inLanguage":"en-US","potentialAction":[{"@type":"ReadAction","target":["https:\/\/sequoiaprevention.com\/produit\/emf-sequoia-ufo\/"]}]},{"@type":"ImageObject","inLanguage":"en-US","@id":"https:\/\/sequoiaprevention.com\/produit\/emf-sequoia-ufo\/#primaryimage","url":"https:\/\/sequoiaprevention.com\/wp-content\/uploads\/2021\/09\/HAMELIN__22491-scaled-e1648045247334.jpg","contentUrl":"https:\/\/sequoiaprevention.com\/wp-content\/uploads\/2021\/09\/HAMELIN__22491-scaled-e1648045247334.jpg","width":1661,"height":1707},{"@type":"BreadcrumbList","@id":"https:\/\/sequoiaprevention.com\/produit\/emf-sequoia-ufo\/#breadcrumb","itemListElement":[{"@type":"ListItem","position":1,"name":"Accueil","item":"https:\/\/sequoiaprevention.com\/"},{"@type":"ListItem","position":2,"name":"Boutique","item":"https:\/\/sequoiaprevention.com\/boutique\/"},{"@type":"ListItem","position":3,"name":"Sph\u00e8re de protection personnelle"}]},{"@type":"WebSite","@id":"https:\/\/sequoiaprevention.com\/#website","url":"https:\/\/sequoiaprevention.com\/","name":"S\u00e9quoia Pr\u00e9vention","description":"Votre chemin vers le mieux-\u00eatre","potentialAction":[{"@type":"SearchAction","target":{"@type":"EntryPoint","urlTemplate":"https:\/\/sequoiaprevention.com\/?s={search_term_string}"},"query-input":"required name=search_term_string"}],"inLanguage":"en-US"}]}},"jetpack_sharing_enabled":true,"_links":{"self":[{"href":"https:\/\/sequoiaprevention.com\/en\/wp-json\/wp\/v2\/product\/5001","targetHints":{"allow":["GET"]}}],"collection":[{"href":"https:\/\/sequoiaprevention.com\/en\/wp-json\/wp\/v2\/product"}],"about":[{"href":"https:\/\/sequoiaprevention.com\/en\/wp-json\/wp\/v2\/types\/product"}],"version-history":[{"count":9,"href":"https:\/\/sequoiaprevention.com\/en\/wp-json\/wp\/v2\/product\/5001\/revisions"}],"predecessor-version":[{"id":10237,"href":"https:\/\/sequoiaprevention.com\/en\/wp-json\/wp\/v2\/product\/5001\/revisions\/10237"}],"wp:featuredmedia":[{"embeddable":true,"href":"https:\/\/sequoiaprevention.com\/en\/wp-json\/wp\/v2\/media\/5762"}],"wp:attachment":[{"href":"https:\/\/sequoiaprevention.com\/en\/wp-json\/wp\/v2\/media?parent=5001"}],"wp:term":[{"taxonomy":"product_cat","embeddable":true,"href":"https:\/\/sequoiaprevention.com\/en\/wp-json\/wp\/v2\/product_cat?post=5001"},{"taxonomy":"product_tag","embeddable":true,"href":"https:\/\/sequoiaprevention.com\/en\/wp-json\/wp\/v2\/product_tag?post=5001"}],"curies":[{"name":"wp","href":"https:\/\/api.w.org\/{rel}","templated":true}]}}