{"id":6024,"date":"2021-11-18T20:48:24","date_gmt":"2021-11-18T20:48:24","guid":{"rendered":"https:\/\/sequoiaprevention.com\/?post_type=product&#038;p=6024"},"modified":"2026-04-09T03:18:41","modified_gmt":"2026-04-09T03:18:41","slug":"carafe-deau-alcaline-alkaplus","status":"publish","type":"product","link":"https:\/\/sequoiaprevention.com\/en\/product\/carafe-deau-alcaline-alkaplus\/","title":{"rendered":"AlkaPlus Alkaline Filter Pitcher"},"content":{"rendered":"","protected":false},"excerpt":{"rendered":"<p>The AlkaPlus filter pitcher removes toxins, bacteria, impurities, and odours\u2014putting high-quality, chlorine-free water for drinking, washing, and cooking just a pour away.<\/p>\n<ul>\n<li>Essential mineral blends raise the pH to make alkaline water<\/li>\n<li>Removes 99.9% of chlorine, bacteria, pesticides, and fluoride<\/li>\n<li>Helps fortify cells against the effects of poor diet, pollution, and more<\/li>\n<\/ul>","protected":false},"featured_media":6025,"template":"","meta":[],"product_cat":[62],"product_tag":[],"class_list":{"0":"post-6024","1":"product","2":"type-product","3":"status-publish","4":"has-post-thumbnail","6":"wc_square_synced-yes","7":"product_cat-vitalite","8":"product_brand-hidrolux","10":"first","11":"instock","12":"taxable","13":"shipping-taxable","14":"purchasable","15":"product-type-simple"},"yoast_head":"<!-- This site is optimized with the Yoast SEO plugin v22.3 - https:\/\/yoast.com\/wordpress\/plugins\/seo\/ -->\n<title>S\u00c9QUOIA | Carafe d\u2019eau alcaline Alkaplus<\/title>\n<meta name=\"description\" content=\"Optez pour la pr\u00e9vention! Obtenez une eau de qualit\u00e9 \u00e9lev\u00e9e, exempte d&#039;impuret\u00e9s, d&#039;odeurs et de chlore gr\u00e2ce \u00e0 la carafe d&#039;eau alcaline Alkaplus.\" \/>\n<meta name=\"robots\" content=\"index, follow, max-snippet:-1, max-image-preview:large, max-video-preview:-1\" \/>\n<link rel=\"canonical\" href=\"https:\/\/sequoiaprevention.com\/en\/product\/carafe-deau-alcaline-alkaplus\/\" \/>\n<meta property=\"og:locale\" content=\"en_US\" \/>\n<meta property=\"og:type\" content=\"article\" \/>\n<meta property=\"og:title\" content=\"S\u00c9QUOIA | Carafe d\u2019eau alcaline Alkaplus\" \/>\n<meta property=\"og:description\" content=\"Optez pour la pr\u00e9vention! Obtenez une eau de qualit\u00e9 \u00e9lev\u00e9e, exempte d&#039;impuret\u00e9s, d&#039;odeurs et de chlore gr\u00e2ce \u00e0 la carafe d&#039;eau alcaline Alkaplus.\" \/>\n<meta property=\"og:url\" content=\"https:\/\/sequoiaprevention.com\/en\/product\/carafe-deau-alcaline-alkaplus\/\" \/>\n<meta property=\"og:site_name\" content=\"S\u00e9quoia Pr\u00e9vention\" \/>\n<meta property=\"article:modified_time\" content=\"2026-04-09T03:18:41+00:00\" \/>\n<meta property=\"og:image\" content=\"https:\/\/sequoiaprevention.com\/wp-content\/uploads\/2021\/11\/Screen-Shot-2021-11-18-at-3.45.38-PM.png\" \/>\n\t<meta property=\"og:image:width\" content=\"497\" \/>\n\t<meta property=\"og:image:height\" content=\"494\" \/>\n\t<meta property=\"og:image:type\" content=\"image\/png\" \/>\n<meta name=\"twitter:card\" content=\"summary_large_image\" \/>\n<meta name=\"twitter:label1\" content=\"Est. reading time\" \/>\n\t<meta name=\"twitter:data1\" content=\"1 minute\" \/>\n<script type=\"application\/ld+json\" class=\"yoast-schema-graph\">{\"@context\":\"https:\/\/schema.org\",\"@graph\":[{\"@type\":\"WebPage\",\"@id\":\"https:\/\/sequoiaprevention.com\/produit\/carafe-deau-alcaline-alkaplus\/\",\"url\":\"https:\/\/sequoiaprevention.com\/produit\/carafe-deau-alcaline-alkaplus\/\",\"name\":\"S\u00c9QUOIA | Carafe d\u2019eau alcaline Alkaplus\",\"isPartOf\":{\"@id\":\"https:\/\/sequoiaprevention.com\/#website\"},\"primaryImageOfPage\":{\"@id\":\"https:\/\/sequoiaprevention.com\/produit\/carafe-deau-alcaline-alkaplus\/#primaryimage\"},\"image\":{\"@id\":\"https:\/\/sequoiaprevention.com\/produit\/carafe-deau-alcaline-alkaplus\/#primaryimage\"},\"thumbnailUrl\":\"https:\/\/sequoiaprevention.com\/wp-content\/uploads\/2021\/11\/Screen-Shot-2021-11-18-at-3.45.38-PM.png\",\"datePublished\":\"2021-11-18T20:48:24+00:00\",\"dateModified\":\"2026-04-09T03:18:41+00:00\",\"description\":\"Optez pour la pr\u00e9vention! Obtenez une eau de qualit\u00e9 \u00e9lev\u00e9e, exempte d'impuret\u00e9s, d'odeurs et de chlore gr\u00e2ce \u00e0 la carafe d'eau alcaline Alkaplus.\",\"breadcrumb\":{\"@id\":\"https:\/\/sequoiaprevention.com\/produit\/carafe-deau-alcaline-alkaplus\/#breadcrumb\"},\"inLanguage\":\"en-US\",\"potentialAction\":[{\"@type\":\"ReadAction\",\"target\":[\"https:\/\/sequoiaprevention.com\/produit\/carafe-deau-alcaline-alkaplus\/\"]}]},{\"@type\":\"ImageObject\",\"inLanguage\":\"en-US\",\"@id\":\"https:\/\/sequoiaprevention.com\/produit\/carafe-deau-alcaline-alkaplus\/#primaryimage\",\"url\":\"https:\/\/sequoiaprevention.com\/wp-content\/uploads\/2021\/11\/Screen-Shot-2021-11-18-at-3.45.38-PM.png\",\"contentUrl\":\"https:\/\/sequoiaprevention.com\/wp-content\/uploads\/2021\/11\/Screen-Shot-2021-11-18-at-3.45.38-PM.png\",\"width\":497,\"height\":494},{\"@type\":\"BreadcrumbList\",\"@id\":\"https:\/\/sequoiaprevention.com\/produit\/carafe-deau-alcaline-alkaplus\/#breadcrumb\",\"itemListElement\":[{\"@type\":\"ListItem\",\"position\":1,\"name\":\"Accueil\",\"item\":\"https:\/\/sequoiaprevention.com\/\"},{\"@type\":\"ListItem\",\"position\":2,\"name\":\"Boutique\",\"item\":\"https:\/\/sequoiaprevention.com\/boutique\/\"},{\"@type\":\"ListItem\",\"position\":3,\"name\":\"Carafe d\u2019eau\u00a0alcaline Alkaplus\"}]},{\"@type\":\"WebSite\",\"@id\":\"https:\/\/sequoiaprevention.com\/#website\",\"url\":\"https:\/\/sequoiaprevention.com\/\",\"name\":\"S\u00e9quoia Pr\u00e9vention\",\"description\":\"Votre chemin vers le mieux-\u00eatre\",\"potentialAction\":[{\"@type\":\"SearchAction\",\"target\":{\"@type\":\"EntryPoint\",\"urlTemplate\":\"https:\/\/sequoiaprevention.com\/?s={search_term_string}\"},\"query-input\":\"required name=search_term_string\"}],\"inLanguage\":\"en-US\"}]}<\/script>\n<!-- \/ Yoast SEO plugin. -->","yoast_head_json":{"title":"S\u00c9QUOIA | Carafe d\u2019eau alcaline Alkaplus","description":"Optez pour la pr\u00e9vention! Obtenez une eau de qualit\u00e9 \u00e9lev\u00e9e, exempte d'impuret\u00e9s, d'odeurs et de chlore gr\u00e2ce \u00e0 la carafe d'eau alcaline Alkaplus.","robots":{"index":"index","follow":"follow","max-snippet":"max-snippet:-1","max-image-preview":"max-image-preview:large","max-video-preview":"max-video-preview:-1"},"canonical":"https:\/\/sequoiaprevention.com\/en\/product\/carafe-deau-alcaline-alkaplus\/","og_locale":"en_US","og_type":"article","og_title":"S\u00c9QUOIA | Carafe d\u2019eau alcaline Alkaplus","og_description":"Optez pour la pr\u00e9vention! Obtenez une eau de qualit\u00e9 \u00e9lev\u00e9e, exempte d'impuret\u00e9s, d'odeurs et de chlore gr\u00e2ce \u00e0 la carafe d'eau alcaline Alkaplus.","og_url":"https:\/\/sequoiaprevention.com\/en\/product\/carafe-deau-alcaline-alkaplus\/","og_site_name":"S\u00e9quoia Pr\u00e9vention","article_modified_time":"2026-04-09T03:18:41+00:00","og_image":[{"width":497,"height":494,"url":"https:\/\/sequoiaprevention.com\/wp-content\/uploads\/2021\/11\/Screen-Shot-2021-11-18-at-3.45.38-PM.png","type":"image\/png"}],"twitter_card":"summary_large_image","twitter_misc":{"Est. reading time":"1 minute"},"schema":{"@context":"https:\/\/schema.org","@graph":[{"@type":"WebPage","@id":"https:\/\/sequoiaprevention.com\/produit\/carafe-deau-alcaline-alkaplus\/","url":"https:\/\/sequoiaprevention.com\/produit\/carafe-deau-alcaline-alkaplus\/","name":"S\u00c9QUOIA | Carafe d\u2019eau alcaline Alkaplus","isPartOf":{"@id":"https:\/\/sequoiaprevention.com\/#website"},"primaryImageOfPage":{"@id":"https:\/\/sequoiaprevention.com\/produit\/carafe-deau-alcaline-alkaplus\/#primaryimage"},"image":{"@id":"https:\/\/sequoiaprevention.com\/produit\/carafe-deau-alcaline-alkaplus\/#primaryimage"},"thumbnailUrl":"https:\/\/sequoiaprevention.com\/wp-content\/uploads\/2021\/11\/Screen-Shot-2021-11-18-at-3.45.38-PM.png","datePublished":"2021-11-18T20:48:24+00:00","dateModified":"2026-04-09T03:18:41+00:00","description":"Optez pour la pr\u00e9vention! Obtenez une eau de qualit\u00e9 \u00e9lev\u00e9e, exempte d'impuret\u00e9s, d'odeurs et de chlore gr\u00e2ce \u00e0 la carafe d'eau alcaline Alkaplus.","breadcrumb":{"@id":"https:\/\/sequoiaprevention.com\/produit\/carafe-deau-alcaline-alkaplus\/#breadcrumb"},"inLanguage":"en-US","potentialAction":[{"@type":"ReadAction","target":["https:\/\/sequoiaprevention.com\/produit\/carafe-deau-alcaline-alkaplus\/"]}]},{"@type":"ImageObject","inLanguage":"en-US","@id":"https:\/\/sequoiaprevention.com\/produit\/carafe-deau-alcaline-alkaplus\/#primaryimage","url":"https:\/\/sequoiaprevention.com\/wp-content\/uploads\/2021\/11\/Screen-Shot-2021-11-18-at-3.45.38-PM.png","contentUrl":"https:\/\/sequoiaprevention.com\/wp-content\/uploads\/2021\/11\/Screen-Shot-2021-11-18-at-3.45.38-PM.png","width":497,"height":494},{"@type":"BreadcrumbList","@id":"https:\/\/sequoiaprevention.com\/produit\/carafe-deau-alcaline-alkaplus\/#breadcrumb","itemListElement":[{"@type":"ListItem","position":1,"name":"Accueil","item":"https:\/\/sequoiaprevention.com\/"},{"@type":"ListItem","position":2,"name":"Boutique","item":"https:\/\/sequoiaprevention.com\/boutique\/"},{"@type":"ListItem","position":3,"name":"Carafe d\u2019eau\u00a0alcaline Alkaplus"}]},{"@type":"WebSite","@id":"https:\/\/sequoiaprevention.com\/#website","url":"https:\/\/sequoiaprevention.com\/","name":"S\u00e9quoia Pr\u00e9vention","description":"Votre chemin vers le mieux-\u00eatre","potentialAction":[{"@type":"SearchAction","target":{"@type":"EntryPoint","urlTemplate":"https:\/\/sequoiaprevention.com\/?s={search_term_string}"},"query-input":"required name=search_term_string"}],"inLanguage":"en-US"}]}},"jetpack_sharing_enabled":true,"_links":{"self":[{"href":"https:\/\/sequoiaprevention.com\/en\/wp-json\/wp\/v2\/product\/6024","targetHints":{"allow":["GET"]}}],"collection":[{"href":"https:\/\/sequoiaprevention.com\/en\/wp-json\/wp\/v2\/product"}],"about":[{"href":"https:\/\/sequoiaprevention.com\/en\/wp-json\/wp\/v2\/types\/product"}],"version-history":[{"count":8,"href":"https:\/\/sequoiaprevention.com\/en\/wp-json\/wp\/v2\/product\/6024\/revisions"}],"predecessor-version":[{"id":10236,"href":"https:\/\/sequoiaprevention.com\/en\/wp-json\/wp\/v2\/product\/6024\/revisions\/10236"}],"wp:featuredmedia":[{"embeddable":true,"href":"https:\/\/sequoiaprevention.com\/en\/wp-json\/wp\/v2\/media\/6025"}],"wp:attachment":[{"href":"https:\/\/sequoiaprevention.com\/en\/wp-json\/wp\/v2\/media?parent=6024"}],"wp:term":[{"taxonomy":"product_cat","embeddable":true,"href":"https:\/\/sequoiaprevention.com\/en\/wp-json\/wp\/v2\/product_cat?post=6024"},{"taxonomy":"product_tag","embeddable":true,"href":"https:\/\/sequoiaprevention.com\/en\/wp-json\/wp\/v2\/product_tag?post=6024"}],"curies":[{"name":"wp","href":"https:\/\/api.w.org\/{rel}","templated":true}]}}