{"id":1572,"date":"2018-10-17T03:25:55","date_gmt":"2018-10-17T03:25:55","guid":{"rendered":"https:\/\/demo2wpopal.b-cdn.net\/auros\/?page_id=1572"},"modified":"2023-12-14T22:51:12","modified_gmt":"2023-12-14T22:51:12","slug":"ressources","status":"publish","type":"page","link":"https:\/\/sequoiaprevention.com\/es\/ressources\/","title":{"rendered":"Politiques"},"content":{"rendered":"<div data-elementor-type=\"wp-post\" data-elementor-id=\"1572\" class=\"elementor elementor-1572\" data-elementor-post-type=\"page\">\n\t\t\t\t\t\t\t\t\t<section class=\"elementor-section elementor-top-section elementor-element elementor-element-c01b0c1 elementor-section-boxed elementor-section-height-default elementor-section-height-default\" data-id=\"c01b0c1\" data-element_type=\"section\">\n\t\t\t\t\t\t<div class=\"elementor-container elementor-column-gap-no\">\n\t\t\t\t\t<div class=\"elementor-column elementor-col-100 elementor-top-column elementor-element elementor-element-9cb2588\" data-id=\"9cb2588\" data-element_type=\"column\">\n\t\t\t<div class=\"elementor-widget-wrap elementor-element-populated\">\n\t\t\t\t\t\t\t\t<section class=\"elementor-section elementor-inner-section elementor-element elementor-element-40b4732 elementor-section-boxed elementor-section-height-default elementor-section-height-default\" data-id=\"40b4732\" data-element_type=\"section\">\n\t\t\t\t\t\t<div class=\"elementor-container elementor-column-gap-no\">\n\t\t\t\t\t<div class=\"elementor-column elementor-col-100 elementor-inner-column elementor-element elementor-element-0ebf6e1\" data-id=\"0ebf6e1\" data-element_type=\"column\">\n\t\t\t<div class=\"elementor-widget-wrap elementor-element-populated\">\n\t\t\t\t\t\t\t\t<div class=\"elementor-element elementor-element-7a428d9 elementor-widget elementor-widget-heading\" data-id=\"7a428d9\" data-element_type=\"widget\" data-widget_type=\"heading.default\">\n\t\t\t\t<div class=\"elementor-widget-container\">\n\t\t\t<h2 class=\"elementor-heading-title elementor-size-default\">Condici\u00f3n<\/h2>\t\t<\/div>\n\t\t\t\t<\/div>\n\t\t\t\t<div class=\"elementor-element elementor-element-c3634d6 elementor-widget elementor-widget-text-editor\" data-id=\"c3634d6\" data-element_type=\"widget\" data-widget_type=\"text-editor.default\">\n\t\t\t\t<div class=\"elementor-widget-container\">\n\t\t\t\t\t<div class=\"elementor-text-editor elementor-clearfix\"><p>S\u00e9quoia Pr\u00e9vention se reserva el derecho a rechazar una solicitud de acompa\u00f1amiento por diferentes motivos y se compromete a efectuar un reembolso total al cliente, llegado el caso.<\/p><\/div>\n\t\t\t\t<\/div>\n\t\t\t\t<\/div>\n\t\t\t\t\t<\/div>\n\t\t<\/div>\n\t\t\t\t\t\t\t<\/div>\n\t\t<\/section>\n\t\t\t\t<section class=\"elementor-section elementor-inner-section elementor-element elementor-element-8d59d38 elementor-section-boxed elementor-section-height-default elementor-section-height-default\" data-id=\"8d59d38\" data-element_type=\"section\">\n\t\t\t\t\t\t<div class=\"elementor-container elementor-column-gap-no\">\n\t\t\t\t\t<div class=\"elementor-column elementor-col-100 elementor-inner-column elementor-element elementor-element-815d4d0\" data-id=\"815d4d0\" data-element_type=\"column\">\n\t\t\t<div class=\"elementor-widget-wrap elementor-element-populated\">\n\t\t\t\t\t\t\t\t<div class=\"elementor-element elementor-element-9270fcc elementor-widget elementor-widget-heading\" data-id=\"9270fcc\" data-element_type=\"widget\" data-widget_type=\"heading.default\">\n\t\t\t\t<div class=\"elementor-widget-container\">\n\t\t\t<h2 class=\"elementor-heading-title elementor-size-default\">Devoluci\u00f3n<\/h2>\t\t<\/div>\n\t\t\t\t<\/div>\n\t\t\t\t<div class=\"elementor-element elementor-element-eaf13a1 elementor-widget elementor-widget-text-editor\" data-id=\"eaf13a1\" data-element_type=\"widget\" data-widget_type=\"text-editor.default\">\n\t\t\t\t<div class=\"elementor-widget-container\">\n\t\t\t\t\t<div class=\"elementor-text-editor elementor-clearfix\"><p>Los productos comprados en S\u00e9quoia Pr\u00e9vention pueden devolverse dentro de los 30 d\u00edas siguientes a la entrega, siempre que est\u00e9n acompa\u00f1ados por el recibo original y que no hayan sido usados y se encuentren en su embalaje original. Revise sus productos inmediatamente despu\u00e9s de recibirlos.<\/p><p>Le client pourra s\u2019adresser \u00e0 <a href=\"mailto:info@sequoiaprevention.com\">info@sequoiaprevention.com<\/a> en cas de d\u00e9faut de conformit\u00e9 si le produit n\u2019a pas les caract\u00e9ristiques ou fonctionnalit\u00e9s initialement offertes ou s\u2019il pr\u00e9sente des d\u00e9fauts qui emp\u00eachent son utilisation normale conform\u00e9ment \u00e0 sa fonction d\u2019origine.<\/p><p>Las devoluciones requieren autorizaci\u00f3n previa.\nEl vendedor procede, si corresponde, a la reparaci\u00f3n, sustituci\u00f3n o reducci\u00f3n del precio sin costo para el consumidor, excepto en los gastos de env\u00edo relacionados con la devoluci\u00f3n del producto. El costo real del env\u00edo del art\u00edculo no se acreditar\u00e1 ni reembolsar\u00e1.<\/p><p>Si el pedido recibido presenta marcas de golpes, embalaje roto, humedad o cualquier otra se\u00f1al de manipulaci\u00f3n anormal, indique en la orden de entrega el estado del env\u00edo para poder reclamar en el acto su reemplazo inmediato a la compa\u00f1\u00eda de transporte.<\/p><\/div>\n\t\t\t\t<\/div>\n\t\t\t\t<\/div>\n\t\t\t\t\t<\/div>\n\t\t<\/div>\n\t\t\t\t\t\t\t<\/div>\n\t\t<\/section>\n\t\t\t\t<section class=\"elementor-section elementor-inner-section elementor-element elementor-element-e43d1fd elementor-section-boxed elementor-section-height-default elementor-section-height-default\" data-id=\"e43d1fd\" data-element_type=\"section\">\n\t\t\t\t\t\t<div class=\"elementor-container elementor-column-gap-no\">\n\t\t\t\t\t<div class=\"elementor-column elementor-col-100 elementor-inner-column elementor-element elementor-element-f7dff99\" data-id=\"f7dff99\" data-element_type=\"column\">\n\t\t\t<div class=\"elementor-widget-wrap elementor-element-populated\">\n\t\t\t\t\t\t\t\t<div class=\"elementor-element elementor-element-7fab571 elementor-widget elementor-widget-heading\" data-id=\"7fab571\" data-element_type=\"widget\" data-widget_type=\"heading.default\">\n\t\t\t\t<div class=\"elementor-widget-container\">\n\t\t\t<h2 class=\"elementor-heading-title elementor-size-default\">Garant\u00eda<\/h2>\t\t<\/div>\n\t\t\t\t<\/div>\n\t\t\t\t<div class=\"elementor-element elementor-element-53b5d26 elementor-widget elementor-widget-text-editor\" data-id=\"53b5d26\" data-element_type=\"widget\" data-widget_type=\"text-editor.default\">\n\t\t\t\t<div class=\"elementor-widget-container\">\n\t\t\t\t\t<div class=\"elementor-text-editor elementor-clearfix\"><p>Los productos cuentan con garant\u00eda durante un periodo de dos (2) a\u00f1os a partir de la fecha de entrega.<\/p><\/div>\n\t\t\t\t<\/div>\n\t\t\t\t<\/div>\n\t\t\t\t\t<\/div>\n\t\t<\/div>\n\t\t\t\t\t\t\t<\/div>\n\t\t<\/section>\n\t\t\t\t\t<\/div>\n\t\t<\/div>\n\t\t\t\t\t\t\t<\/div>\n\t\t<\/section>\n\t\t\t\t<section class=\"elementor-section elementor-top-section elementor-element elementor-element-7f8c11a elementor-section-stretched elementor-section-boxed elementor-section-height-default elementor-section-height-default\" data-id=\"7f8c11a\" data-element_type=\"section\" data-settings=\"{&quot;stretch_section&quot;:&quot;section-stretched&quot;,&quot;background_background&quot;:&quot;classic&quot;}\">\n\t\t\t\t\t\t<div class=\"elementor-container elementor-column-gap-no\">\n\t\t\t\t\t<div class=\"elementor-column elementor-col-100 elementor-top-column elementor-element elementor-element-e02688a\" data-id=\"e02688a\" data-element_type=\"column\">\n\t\t\t<div class=\"elementor-widget-wrap elementor-element-populated\">\n\t\t\t\t\t\t\t\t<div class=\"elementor-element elementor-element-cca734a animated-fast elementor-invisible elementor-widget elementor-widget-heading\" data-id=\"cca734a\" data-element_type=\"widget\" data-settings=\"{&quot;_animation&quot;:&quot;opal-move-up&quot;}\" data-widget_type=\"heading.default\">\n\t\t\t\t<div class=\"elementor-widget-container\">\n\t\t\t<h2 class=\"elementor-heading-title elementor-size-default\">\u00a1Visite nuestra tienda!<\/h2>\t\t<\/div>\n\t\t\t\t<\/div>\n\t\t\t\t<div class=\"elementor-element elementor-element-475bf2d animated-fast elementor-invisible elementor-widget elementor-widget-text-editor\" data-id=\"475bf2d\" data-element_type=\"widget\" data-settings=\"{&quot;_animation&quot;:&quot;opal-move-up&quot;}\" data-widget_type=\"text-editor.default\">\n\t\t\t\t<div class=\"elementor-widget-container\">\n\t\t\t\t\t<div class=\"elementor-text-editor elementor-clearfix\"><p>Estamos siempre a la expectativa para ofrecerle los mejores productos del mercado.<\/p><\/div>\n\t\t\t\t<\/div>\n\t\t\t\t<\/div>\n\t\t\t\t<div class=\"elementor-element elementor-element-01e122d elementor-align-center animated-fast elementor-invisible elementor-widget elementor-widget-button\" data-id=\"01e122d\" data-element_type=\"widget\" data-settings=\"{&quot;_animation&quot;:&quot;opal-move-up&quot;}\" data-widget_type=\"button.default\">\n\t\t\t\t<div class=\"elementor-widget-container\">\n\t\t\t\t\t<div class=\"elementor-button-wrapper\">\n\t\t\t<a class=\"elementor-button elementor-button-link elementor-size-sm\" href=\"\/es\/boutique\/\">\n\t\t\t\t\t\t<span class=\"elementor-button-content-wrapper\">\n\t\t\t\t\t\t<span class=\"elementor-button-text\">Ver la tienda<\/span>\n\t\t<\/span>\n\t\t\t\t\t<\/a>\n\t\t<\/div>\n\t\t\t\t<\/div>\n\t\t\t\t<\/div>\n\t\t\t\t\t<\/div>\n\t\t<\/div>\n\t\t\t\t\t\t\t<\/div>\n\t\t<\/section>\n\t\t\t\t<section class=\"elementor-section elementor-top-section elementor-element elementor-element-c118a15 elementor-section-boxed elementor-section-height-default elementor-section-height-default\" data-id=\"c118a15\" data-element_type=\"section\">\n\t\t\t\t\t\t<div class=\"elementor-container elementor-column-gap-no\">\n\t\t\t\t\t<div class=\"elementor-column elementor-col-100 elementor-top-column elementor-element elementor-element-1e88195\" data-id=\"1e88195\" data-element_type=\"column\">\n\t\t\t<div class=\"elementor-widget-wrap elementor-element-populated\">\n\t\t\t\t\t\t\t\t<section class=\"elementor-section elementor-inner-section elementor-element elementor-element-8ba2d0a elementor-section-boxed elementor-section-height-default elementor-section-height-default\" data-id=\"8ba2d0a\" data-element_type=\"section\">\n\t\t\t\t\t\t<div class=\"elementor-container elementor-column-gap-no\">\n\t\t\t\t\t<div class=\"elementor-column elementor-col-100 elementor-inner-column elementor-element elementor-element-f5a164c\" data-id=\"f5a164c\" data-element_type=\"column\">\n\t\t\t<div class=\"elementor-widget-wrap elementor-element-populated\">\n\t\t\t\t\t\t\t\t<div class=\"elementor-element elementor-element-561b525 elementor-widget elementor-widget-heading\" data-id=\"561b525\" data-element_type=\"widget\" data-widget_type=\"heading.default\">\n\t\t\t\t<div class=\"elementor-widget-container\">\n\t\t\t<h2 class=\"elementor-heading-title elementor-size-default\">Env\u00edo<\/h2>\t\t<\/div>\n\t\t\t\t<\/div>\n\t\t\t\t<div class=\"elementor-element elementor-element-5fcb25f elementor-widget elementor-widget-text-editor\" data-id=\"5fcb25f\" data-element_type=\"widget\" data-widget_type=\"text-editor.default\">\n\t\t\t\t<div class=\"elementor-widget-container\">\n\t\t\t\t\t<div class=\"elementor-text-editor elementor-clearfix\"><p>S\u00e9quoia Pr\u00e9vention tratar\u00e1 de enviar todos sus productos dentro de los tres d\u00edas h\u00e1biles siguientes a la compra, salvo que se indique lo contrario. Los plazos de entrega pueden variar en funci\u00f3n de \u00e9poca de afluencia de la empresa de trasporte, la direcci\u00f3n de env\u00edo y la disponibilidad de los productos.<\/p><\/div>\n\t\t\t\t<\/div>\n\t\t\t\t<\/div>\n\t\t\t\t\t<\/div>\n\t\t<\/div>\n\t\t\t\t\t\t\t<\/div>\n\t\t<\/section>\n\t\t\t\t<section class=\"elementor-section elementor-inner-section elementor-element elementor-element-cc97d98 elementor-section-boxed elementor-section-height-default elementor-section-height-default\" data-id=\"cc97d98\" data-element_type=\"section\">\n\t\t\t\t\t\t<div class=\"elementor-container elementor-column-gap-no\">\n\t\t\t\t\t<div class=\"elementor-column elementor-col-100 elementor-inner-column elementor-element elementor-element-96af291\" data-id=\"96af291\" data-element_type=\"column\">\n\t\t\t<div class=\"elementor-widget-wrap elementor-element-populated\">\n\t\t\t\t\t\t\t\t<div class=\"elementor-element elementor-element-abcd852 elementor-widget elementor-widget-heading\" data-id=\"abcd852\" data-element_type=\"widget\" data-widget_type=\"heading.default\">\n\t\t\t\t<div class=\"elementor-widget-container\">\n\t\t\t<h2 class=\"elementor-heading-title elementor-size-default\">Anulaci\u00f3n del pedido<\/h2>\t\t<\/div>\n\t\t\t\t<\/div>\n\t\t\t\t<div class=\"elementor-element elementor-element-c6d2c5f elementor-widget elementor-widget-text-editor\" data-id=\"c6d2c5f\" data-element_type=\"widget\" data-widget_type=\"text-editor.default\">\n\t\t\t\t<div class=\"elementor-widget-container\">\n\t\t\t\t\t<div class=\"elementor-text-editor elementor-clearfix\"><p class=\"\"><span lang=\"FR-CA\">Los pedidos anulados despu\u00e9s de 24 horas pueden suponer cargos de anulaci\u00f3n en caso de que los productos ya se hayan enviado.<\/span><\/p><\/div>\n\t\t\t\t<\/div>\n\t\t\t\t<\/div>\n\t\t\t\t\t<\/div>\n\t\t<\/div>\n\t\t\t\t\t\t\t<\/div>\n\t\t<\/section>\n\t\t\t\t<section class=\"elementor-section elementor-inner-section elementor-element elementor-element-3bc010a elementor-section-boxed elementor-section-height-default elementor-section-height-default\" data-id=\"3bc010a\" data-element_type=\"section\">\n\t\t\t\t\t\t<div class=\"elementor-container elementor-column-gap-no\">\n\t\t\t\t\t<div class=\"elementor-column elementor-col-100 elementor-inner-column elementor-element elementor-element-7e41cf0\" data-id=\"7e41cf0\" data-element_type=\"column\">\n\t\t\t<div class=\"elementor-widget-wrap elementor-element-populated\">\n\t\t\t\t\t\t\t\t<div class=\"elementor-element elementor-element-8f195b9 elementor-widget elementor-widget-heading\" data-id=\"8f195b9\" data-element_type=\"widget\" data-widget_type=\"heading.default\">\n\t\t\t\t<div class=\"elementor-widget-container\">\n\t\t\t<h2 class=\"elementor-heading-title elementor-size-default\">Aviso legal<\/h2>\t\t<\/div>\n\t\t\t\t<\/div>\n\t\t\t\t<div class=\"elementor-element elementor-element-dfaec25 elementor-widget elementor-widget-text-editor\" data-id=\"dfaec25\" data-element_type=\"widget\" data-widget_type=\"text-editor.default\">\n\t\t\t\t<div class=\"elementor-widget-container\">\n\t\t\t\t\t<div class=\"elementor-text-editor elementor-clearfix\"><p><span lang=\"FR-CA\">Los productos vendidos por S\u00e9quoia Pr\u00e9vention no est\u00e1n dise\u00f1ados para tratar o curar una enfermedad o problema de salud ni para crear un cambio espec\u00edfico en su salud.\nTodas las declaraciones de los comentarios de los clientes hacen referencia exclusivamente a estas personas, los resultados del uso de nuestros productos var\u00edan de una persona a otra.<\/span><\/p>\n\n\n\n\n\n<p><style>@font-face\n\t{font-family:\"Cambria Math\";\n\tpanose-1:2 4 5 3 5 4 6 3 2 4;\n\tmso-font-charset:0;\n\tmso-generic-font-family:roman;\n\tmso-font-pitch:variable;\n\tmso-font-signature:3 0 0 0 1 0;}@font-face\n\t{font-family:Calibri;\n\tpanose-1:2 15 5 2 2 2 4 3 2 4;\n\tmso-font-charset:0;\n\tmso-generic-font-family:swiss;\n\tmso-font-pitch:variable;\n\tmso-font-signature:-469750017 -1073732485 9 0 511 0;}p.MsoNormal, li.MsoNormal, div.MsoNormal\n\t{mso-style-unhide:no;\n\tmso-style-qformat:yes;\n\tmso-style-parent:\"\";\n\tmargin-top:0cm;\n\tmargin-right:0cm;\n\tmargin-bottom:8.0pt;\n\tmargin-left:0cm;\n\tline-height:107%;\n\tmso-pagination:widow-orphan;\n\tfont-size:11.0pt;\n\tfont-family:\"Calibri\",sans-serif;\n\tmso-ascii-font-family:Calibri;\n\tmso-ascii-theme-font:minor-latin;\n\tmso-fareast-font-family:Calibri;\n\tmso-fareast-theme-font:minor-latin;\n\tmso-hansi-font-family:Calibri;\n\tmso-hansi-theme-font:minor-latin;\n\tmso-bidi-font-family:\"Times New Roman\";\n\tmso-bidi-theme-font:minor-bidi;\n\tmso-ansi-language:FR-CA;}p.MsoHeader, li.MsoHeader, div.MsoHeader\n\t{mso-style-priority:99;\n\tmso-style-link:\"Header Char\";\n\tmargin:0cm;\n\tmso-pagination:widow-orphan;\n\ttab-stops:center 216.0pt right 432.0pt;\n\tfont-size:11.0pt;\n\tfont-family:\"Calibri\",sans-serif;\n\tmso-ascii-font-family:Calibri;\n\tmso-ascii-theme-font:minor-latin;\n\tmso-fareast-font-family:Calibri;\n\tmso-fareast-theme-font:minor-latin;\n\tmso-hansi-font-family:Calibri;\n\tmso-hansi-theme-font:minor-latin;\n\tmso-bidi-font-family:\"Times New Roman\";\n\tmso-bidi-theme-font:minor-bidi;\n\tmso-ansi-language:FR-CA;}p.MsoFooter, li.MsoFooter, div.MsoFooter\n\t{mso-style-priority:99;\n\tmso-style-link:\"Footer Char\";\n\tmargin:0cm;\n\tmso-pagination:widow-orphan;\n\ttab-stops:center 216.0pt right 432.0pt;\n\tfont-size:11.0pt;\n\tfont-family:\"Calibri\",sans-serif;\n\tmso-ascii-font-family:Calibri;\n\tmso-ascii-theme-font:minor-latin;\n\tmso-fareast-font-family:Calibri;\n\tmso-fareast-theme-font:minor-latin;\n\tmso-hansi-font-family:Calibri;\n\tmso-hansi-theme-font:minor-latin;\n\tmso-bidi-font-family:\"Times New Roman\";\n\tmso-bidi-theme-font:minor-bidi;\n\tmso-ansi-language:FR-CA;}span.HeaderChar\n\t{mso-style-name:\"Header Char\";\n\tmso-style-priority:99;\n\tmso-style-unhide:no;\n\tmso-style-locked:yes;\n\tmso-style-link:Header;}span.FooterChar\n\t{mso-style-name:\"Footer Char\";\n\tmso-style-priority:99;\n\tmso-style-unhide:no;\n\tmso-style-locked:yes;\n\tmso-style-link:Footer;}.MsoChpDefault\n\t{mso-style-type:export-only;\n\tmso-default-props:yes;\n\tfont-size:11.0pt;\n\tmso-ansi-font-size:11.0pt;\n\tmso-bidi-font-size:11.0pt;\n\tfont-family:\"Calibri\",sans-serif;\n\tmso-ascii-font-family:Calibri;\n\tmso-ascii-theme-font:minor-latin;\n\tmso-fareast-font-family:Calibri;\n\tmso-fareast-theme-font:minor-latin;\n\tmso-hansi-font-family:Calibri;\n\tmso-hansi-theme-font:minor-latin;\n\tmso-bidi-font-family:\"Times New Roman\";\n\tmso-bidi-theme-font:minor-bidi;\n\tmso-ansi-language:FR-CA;}.MsoPapDefault\n\t{mso-style-type:export-only;\n\tmargin-bottom:8.0pt;\n\tline-height:107%;}div.WordSection1\n\t{page:WordSection1;}<\/style><\/p><\/div>\n\t\t\t\t<\/div>\n\t\t\t\t<\/div>\n\t\t\t\t\t<\/div>\n\t\t<\/div>\n\t\t\t\t\t\t\t<\/div>\n\t\t<\/section>\n\t\t\t\t\t<\/div>\n\t\t<\/div>\n\t\t\t\t\t\t\t<\/div>\n\t\t<\/section>\n\t\t\t\t\t\t\t<\/div>","protected":false},"excerpt":{"rendered":"<p>Condition S\u00e9quoia Pr\u00e9vention se r\u00e9serve le droit de refuser une demande d\u2019accompagnement pour des motifs vari\u00e9s et s\u2019engage \u00e0 rembourser enti\u00e8rement le client, le cas \u00e9ch\u00e9ant. Retour Les marchandises achet\u00e9es chez S\u00e9quoia Pr\u00e9vention peuvent \u00eatre retourn\u00e9es dans les 30 jours suivant la livraison, si elles sont accompagn\u00e9es du re\u00e7u original et qu\u2019elles sont \u00e0 l\u2019\u00e9tat &hellip; <\/p>\n<p class=\"link-more\"><a href=\"https:\/\/sequoiaprevention.com\/es\/ressources\/\" class=\"more-link\">Read More <span class=\"screen-reader-text\"> \u00ab\u00a0Politiques\u00a0\u00bb<\/span><\/a><\/p>","protected":false},"author":1,"featured_media":0,"parent":0,"menu_order":0,"comment_status":"closed","ping_status":"closed","template":"","meta":{"footnotes":""},"class_list":["post-1572","page","type-page","status-publish","hentry"],"yoast_head":"<!-- This site is optimized with the Yoast SEO plugin v22.3 - https:\/\/yoast.com\/wordpress\/plugins\/seo\/ -->\n<title>S\u00c9QUOIA | Ressources<\/title>\n<meta name=\"description\" content=\"Trouvez les r\u00e9ponses \u00e0 vos questions sur notre politique de retour, notre garantie, la livraison de nos produits et le traitement de votre commande.\" \/>\n<meta name=\"robots\" content=\"index, follow, max-snippet:-1, max-image-preview:large, max-video-preview:-1\" \/>\n<link rel=\"canonical\" href=\"https:\/\/sequoiaprevention.com\/es\/ressources\/\" \/>\n<meta property=\"og:locale\" content=\"es_ES\" \/>\n<meta property=\"og:type\" content=\"article\" \/>\n<meta property=\"og:title\" content=\"S\u00c9QUOIA | Ressources\" \/>\n<meta property=\"og:description\" content=\"Trouvez les r\u00e9ponses \u00e0 vos questions sur notre politique de retour, notre garantie, la livraison de nos produits et le traitement de votre commande.\" \/>\n<meta property=\"og:url\" content=\"https:\/\/sequoiaprevention.com\/es\/ressources\/\" \/>\n<meta property=\"og:site_name\" content=\"S\u00e9quoia Pr\u00e9vention\" \/>\n<meta property=\"article:modified_time\" content=\"2023-12-14T22:51:12+00:00\" \/>\n<meta name=\"twitter:card\" content=\"summary_large_image\" \/>\n<meta name=\"twitter:label1\" content=\"Tiempo de lectura\" \/>\n\t<meta name=\"twitter:data1\" content=\"2 minutos\" \/>\n<script type=\"application\/ld+json\" class=\"yoast-schema-graph\">{\"@context\":\"https:\/\/schema.org\",\"@graph\":[{\"@type\":\"WebPage\",\"@id\":\"https:\/\/sequoiaprevention.com\/ressources\/\",\"url\":\"https:\/\/sequoiaprevention.com\/ressources\/\",\"name\":\"S\u00c9QUOIA | Ressources\",\"isPartOf\":{\"@id\":\"https:\/\/sequoiaprevention.com\/#website\"},\"datePublished\":\"2018-10-17T03:25:55+00:00\",\"dateModified\":\"2023-12-14T22:51:12+00:00\",\"description\":\"Trouvez les r\u00e9ponses \u00e0 vos questions sur notre politique de retour, notre garantie, la livraison de nos produits et le traitement de votre commande.\",\"breadcrumb\":{\"@id\":\"https:\/\/sequoiaprevention.com\/ressources\/#breadcrumb\"},\"inLanguage\":\"es-AR\",\"potentialAction\":[{\"@type\":\"ReadAction\",\"target\":[\"https:\/\/sequoiaprevention.com\/ressources\/\"]}]},{\"@type\":\"BreadcrumbList\",\"@id\":\"https:\/\/sequoiaprevention.com\/ressources\/#breadcrumb\",\"itemListElement\":[{\"@type\":\"ListItem\",\"position\":1,\"name\":\"Accueil\",\"item\":\"https:\/\/sequoiaprevention.com\/\"},{\"@type\":\"ListItem\",\"position\":2,\"name\":\"Politiques\"}]},{\"@type\":\"WebSite\",\"@id\":\"https:\/\/sequoiaprevention.com\/#website\",\"url\":\"https:\/\/sequoiaprevention.com\/\",\"name\":\"S\u00e9quoia Pr\u00e9vention\",\"description\":\"Votre chemin vers le mieux-\u00eatre\",\"potentialAction\":[{\"@type\":\"SearchAction\",\"target\":{\"@type\":\"EntryPoint\",\"urlTemplate\":\"https:\/\/sequoiaprevention.com\/?s={search_term_string}\"},\"query-input\":\"required name=search_term_string\"}],\"inLanguage\":\"es-AR\"}]}<\/script>\n<!-- \/ Yoast SEO plugin. -->","yoast_head_json":{"title":"S\u00c9QUOIA | Ressources","description":"Trouvez les r\u00e9ponses \u00e0 vos questions sur notre politique de retour, notre garantie, la livraison de nos produits et le traitement de votre commande.","robots":{"index":"index","follow":"follow","max-snippet":"max-snippet:-1","max-image-preview":"max-image-preview:large","max-video-preview":"max-video-preview:-1"},"canonical":"https:\/\/sequoiaprevention.com\/es\/ressources\/","og_locale":"es_ES","og_type":"article","og_title":"S\u00c9QUOIA | Ressources","og_description":"Trouvez les r\u00e9ponses \u00e0 vos questions sur notre politique de retour, notre garantie, la livraison de nos produits et le traitement de votre commande.","og_url":"https:\/\/sequoiaprevention.com\/es\/ressources\/","og_site_name":"S\u00e9quoia Pr\u00e9vention","article_modified_time":"2023-12-14T22:51:12+00:00","twitter_card":"summary_large_image","twitter_misc":{"Tiempo de lectura":"2 minutos"},"schema":{"@context":"https:\/\/schema.org","@graph":[{"@type":"WebPage","@id":"https:\/\/sequoiaprevention.com\/ressources\/","url":"https:\/\/sequoiaprevention.com\/ressources\/","name":"S\u00c9QUOIA | Ressources","isPartOf":{"@id":"https:\/\/sequoiaprevention.com\/#website"},"datePublished":"2018-10-17T03:25:55+00:00","dateModified":"2023-12-14T22:51:12+00:00","description":"Trouvez les r\u00e9ponses \u00e0 vos questions sur notre politique de retour, notre garantie, la livraison de nos produits et le traitement de votre commande.","breadcrumb":{"@id":"https:\/\/sequoiaprevention.com\/ressources\/#breadcrumb"},"inLanguage":"es-AR","potentialAction":[{"@type":"ReadAction","target":["https:\/\/sequoiaprevention.com\/ressources\/"]}]},{"@type":"BreadcrumbList","@id":"https:\/\/sequoiaprevention.com\/ressources\/#breadcrumb","itemListElement":[{"@type":"ListItem","position":1,"name":"Accueil","item":"https:\/\/sequoiaprevention.com\/"},{"@type":"ListItem","position":2,"name":"Politiques"}]},{"@type":"WebSite","@id":"https:\/\/sequoiaprevention.com\/#website","url":"https:\/\/sequoiaprevention.com\/","name":"S\u00e9quoia Pr\u00e9vention","description":"Votre chemin vers le mieux-\u00eatre","potentialAction":[{"@type":"SearchAction","target":{"@type":"EntryPoint","urlTemplate":"https:\/\/sequoiaprevention.com\/?s={search_term_string}"},"query-input":"required name=search_term_string"}],"inLanguage":"es-AR"}]}},"jetpack_sharing_enabled":true,"_links":{"self":[{"href":"https:\/\/sequoiaprevention.com\/es\/wp-json\/wp\/v2\/pages\/1572","targetHints":{"allow":["GET"]}}],"collection":[{"href":"https:\/\/sequoiaprevention.com\/es\/wp-json\/wp\/v2\/pages"}],"about":[{"href":"https:\/\/sequoiaprevention.com\/es\/wp-json\/wp\/v2\/types\/page"}],"author":[{"embeddable":true,"href":"https:\/\/sequoiaprevention.com\/es\/wp-json\/wp\/v2\/users\/1"}],"replies":[{"embeddable":true,"href":"https:\/\/sequoiaprevention.com\/es\/wp-json\/wp\/v2\/comments?post=1572"}],"version-history":[{"count":67,"href":"https:\/\/sequoiaprevention.com\/es\/wp-json\/wp\/v2\/pages\/1572\/revisions"}],"predecessor-version":[{"id":10207,"href":"https:\/\/sequoiaprevention.com\/es\/wp-json\/wp\/v2\/pages\/1572\/revisions\/10207"}],"wp:attachment":[{"href":"https:\/\/sequoiaprevention.com\/es\/wp-json\/wp\/v2\/media?parent=1572"}],"curies":[{"name":"wp","href":"https:\/\/api.w.org\/{rel}","templated":true}]}}