{"id":6,"date":"2018-09-10T01:57:32","date_gmt":"2018-09-10T01:57:32","guid":{"rendered":"https:\/\/demo2wpopal.b-cdn.net\/auros\/?page_id=6"},"modified":"2022-03-14T13:55:57","modified_gmt":"2022-03-14T13:55:57","slug":"boutique-produits","status":"publish","type":"page","link":"https:\/\/sequoiaprevention.com\/es\/boutique-produits\/","title":{"rendered":"Boutique-produits"},"content":{"rendered":"<div data-elementor-type=\"wp-page\" data-elementor-id=\"6\" class=\"elementor elementor-6\" data-elementor-post-type=\"page\">\n\t\t\t\t\t\t\t\t\t<section class=\"elementor-section elementor-top-section elementor-element elementor-element-7730bc1 elementor-section-boxed elementor-section-height-default elementor-section-height-default\" data-id=\"7730bc1\" data-element_type=\"section\">\n\t\t\t\t\t\t<div class=\"elementor-container elementor-column-gap-default\">\n\t\t\t\t\t<div class=\"elementor-column elementor-col-100 elementor-top-column elementor-element elementor-element-93fcfde\" data-id=\"93fcfde\" data-element_type=\"column\">\n\t\t\t<div class=\"elementor-widget-wrap elementor-element-populated\">\n\t\t\t\t\t\t\t\t<div class=\"elementor-element elementor-element-c53f7c4 elementor-widget elementor-widget-image\" data-id=\"c53f7c4\" data-element_type=\"widget\" data-widget_type=\"image.default\">\n\t\t\t\t<div class=\"elementor-widget-container\">\n\t\t\t        <div class=\"elementor-image\">\n                                                <img decoding=\"async\" width=\"561\" height=\"566\" src=\"https:\/\/sequoiaprevention.com\/wp-content\/uploads\/2021\/11\/Screen-Shot-2021-11-18-at-3.46.06-PM.png\" class=\"attachment-large size-large wp-image-6027\" alt=\"\" srcset=\"https:\/\/sequoiaprevention.com\/wp-content\/uploads\/2021\/11\/Screen-Shot-2021-11-18-at-3.46.06-PM.png 561w, https:\/\/sequoiaprevention.com\/wp-content\/uploads\/2021\/11\/Screen-Shot-2021-11-18-at-3.46.06-PM-100x100.png 100w, https:\/\/sequoiaprevention.com\/wp-content\/uploads\/2021\/11\/Screen-Shot-2021-11-18-at-3.46.06-PM-297x300.png 297w, https:\/\/sequoiaprevention.com\/wp-content\/uploads\/2021\/11\/Screen-Shot-2021-11-18-at-3.46.06-PM-150x150.png 150w, https:\/\/sequoiaprevention.com\/wp-content\/uploads\/2021\/11\/Screen-Shot-2021-11-18-at-3.46.06-PM-400x404.png 400w\" sizes=\"(max-width: 561px) 100vw, 561px\" \/>                                                            <\/div>\n        \t\t<\/div>\n\t\t\t\t<\/div>\n\t\t\t\t\t<\/div>\n\t\t<\/div>\n\t\t\t\t\t\t\t<\/div>\n\t\t<\/section>\n\t\t\t\t\t\t\t<\/div>","protected":false},"excerpt":{"rendered":"","protected":false},"author":1,"featured_media":0,"parent":0,"menu_order":0,"comment_status":"closed","ping_status":"closed","template":"","meta":{"footnotes":""},"class_list":["post-6","page","type-page","status-publish","hentry"],"yoast_head":"<!-- This site is optimized with the Yoast SEO plugin v22.3 - https:\/\/yoast.com\/wordpress\/plugins\/seo\/ -->\n<title>Boutique-produits - S\u00e9quoia Pr\u00e9vention<\/title>\n<meta name=\"robots\" content=\"index, follow, max-snippet:-1, max-image-preview:large, max-video-preview:-1\" \/>\n<link rel=\"canonical\" href=\"https:\/\/sequoiaprevention.com\/es\/boutique-produits\/\" \/>\n<meta property=\"og:locale\" content=\"es_ES\" \/>\n<meta property=\"og:type\" content=\"article\" \/>\n<meta property=\"og:title\" content=\"Boutique-produits - S\u00e9quoia Pr\u00e9vention\" \/>\n<meta property=\"og:url\" content=\"https:\/\/sequoiaprevention.com\/es\/boutique-produits\/\" \/>\n<meta property=\"og:site_name\" content=\"S\u00e9quoia Pr\u00e9vention\" \/>\n<meta property=\"article:modified_time\" content=\"2022-03-14T13:55:57+00:00\" \/>\n<meta property=\"og:image\" content=\"https:\/\/sequoiaprevention.com\/wp-content\/uploads\/2021\/11\/Screen-Shot-2021-11-18-at-3.46.06-PM.png\" \/>\n<meta name=\"twitter:card\" content=\"summary_large_image\" \/>\n<script type=\"application\/ld+json\" class=\"yoast-schema-graph\">{\"@context\":\"https:\/\/schema.org\",\"@graph\":[{\"@type\":\"WebPage\",\"@id\":\"https:\/\/sequoiaprevention.com\/boutique-produits\/\",\"url\":\"https:\/\/sequoiaprevention.com\/boutique-produits\/\",\"name\":\"Boutique-produits - S\u00e9quoia Pr\u00e9vention\",\"isPartOf\":{\"@id\":\"https:\/\/sequoiaprevention.com\/#website\"},\"primaryImageOfPage\":{\"@id\":\"https:\/\/sequoiaprevention.com\/boutique-produits\/#primaryimage\"},\"image\":{\"@id\":\"https:\/\/sequoiaprevention.com\/boutique-produits\/#primaryimage\"},\"thumbnailUrl\":\"https:\/\/sequoiaprevention.com\/wp-content\/uploads\/2021\/11\/Screen-Shot-2021-11-18-at-3.46.06-PM.png\",\"datePublished\":\"2018-09-10T01:57:32+00:00\",\"dateModified\":\"2022-03-14T13:55:57+00:00\",\"breadcrumb\":{\"@id\":\"https:\/\/sequoiaprevention.com\/boutique-produits\/#breadcrumb\"},\"inLanguage\":\"es-AR\",\"potentialAction\":[{\"@type\":\"ReadAction\",\"target\":[\"https:\/\/sequoiaprevention.com\/boutique-produits\/\"]}]},{\"@type\":\"ImageObject\",\"inLanguage\":\"es-AR\",\"@id\":\"https:\/\/sequoiaprevention.com\/boutique-produits\/#primaryimage\",\"url\":\"https:\/\/sequoiaprevention.com\/wp-content\/uploads\/2021\/11\/Screen-Shot-2021-11-18-at-3.46.06-PM.png\",\"contentUrl\":\"https:\/\/sequoiaprevention.com\/wp-content\/uploads\/2021\/11\/Screen-Shot-2021-11-18-at-3.46.06-PM.png\",\"width\":561,\"height\":566},{\"@type\":\"BreadcrumbList\",\"@id\":\"https:\/\/sequoiaprevention.com\/boutique-produits\/#breadcrumb\",\"itemListElement\":[{\"@type\":\"ListItem\",\"position\":1,\"name\":\"Accueil\",\"item\":\"https:\/\/sequoiaprevention.com\/\"},{\"@type\":\"ListItem\",\"position\":2,\"name\":\"Boutique-produits\"}]},{\"@type\":\"WebSite\",\"@id\":\"https:\/\/sequoiaprevention.com\/#website\",\"url\":\"https:\/\/sequoiaprevention.com\/\",\"name\":\"S\u00e9quoia Pr\u00e9vention\",\"description\":\"Votre chemin vers le mieux-\u00eatre\",\"potentialAction\":[{\"@type\":\"SearchAction\",\"target\":{\"@type\":\"EntryPoint\",\"urlTemplate\":\"https:\/\/sequoiaprevention.com\/?s={search_term_string}\"},\"query-input\":\"required name=search_term_string\"}],\"inLanguage\":\"es-AR\"}]}<\/script>\n<!-- \/ Yoast SEO plugin. -->","yoast_head_json":{"title":"Boutique-produits - S\u00e9quoia Pr\u00e9vention","robots":{"index":"index","follow":"follow","max-snippet":"max-snippet:-1","max-image-preview":"max-image-preview:large","max-video-preview":"max-video-preview:-1"},"canonical":"https:\/\/sequoiaprevention.com\/es\/boutique-produits\/","og_locale":"es_ES","og_type":"article","og_title":"Boutique-produits - S\u00e9quoia Pr\u00e9vention","og_url":"https:\/\/sequoiaprevention.com\/es\/boutique-produits\/","og_site_name":"S\u00e9quoia Pr\u00e9vention","article_modified_time":"2022-03-14T13:55:57+00:00","og_image":[{"url":"https:\/\/sequoiaprevention.com\/wp-content\/uploads\/2021\/11\/Screen-Shot-2021-11-18-at-3.46.06-PM.png"}],"twitter_card":"summary_large_image","schema":{"@context":"https:\/\/schema.org","@graph":[{"@type":"WebPage","@id":"https:\/\/sequoiaprevention.com\/boutique-produits\/","url":"https:\/\/sequoiaprevention.com\/boutique-produits\/","name":"Boutique-produits - S\u00e9quoia Pr\u00e9vention","isPartOf":{"@id":"https:\/\/sequoiaprevention.com\/#website"},"primaryImageOfPage":{"@id":"https:\/\/sequoiaprevention.com\/boutique-produits\/#primaryimage"},"image":{"@id":"https:\/\/sequoiaprevention.com\/boutique-produits\/#primaryimage"},"thumbnailUrl":"https:\/\/sequoiaprevention.com\/wp-content\/uploads\/2021\/11\/Screen-Shot-2021-11-18-at-3.46.06-PM.png","datePublished":"2018-09-10T01:57:32+00:00","dateModified":"2022-03-14T13:55:57+00:00","breadcrumb":{"@id":"https:\/\/sequoiaprevention.com\/boutique-produits\/#breadcrumb"},"inLanguage":"es-AR","potentialAction":[{"@type":"ReadAction","target":["https:\/\/sequoiaprevention.com\/boutique-produits\/"]}]},{"@type":"ImageObject","inLanguage":"es-AR","@id":"https:\/\/sequoiaprevention.com\/boutique-produits\/#primaryimage","url":"https:\/\/sequoiaprevention.com\/wp-content\/uploads\/2021\/11\/Screen-Shot-2021-11-18-at-3.46.06-PM.png","contentUrl":"https:\/\/sequoiaprevention.com\/wp-content\/uploads\/2021\/11\/Screen-Shot-2021-11-18-at-3.46.06-PM.png","width":561,"height":566},{"@type":"BreadcrumbList","@id":"https:\/\/sequoiaprevention.com\/boutique-produits\/#breadcrumb","itemListElement":[{"@type":"ListItem","position":1,"name":"Accueil","item":"https:\/\/sequoiaprevention.com\/"},{"@type":"ListItem","position":2,"name":"Boutique-produits"}]},{"@type":"WebSite","@id":"https:\/\/sequoiaprevention.com\/#website","url":"https:\/\/sequoiaprevention.com\/","name":"S\u00e9quoia Pr\u00e9vention","description":"Votre chemin vers le mieux-\u00eatre","potentialAction":[{"@type":"SearchAction","target":{"@type":"EntryPoint","urlTemplate":"https:\/\/sequoiaprevention.com\/?s={search_term_string}"},"query-input":"required name=search_term_string"}],"inLanguage":"es-AR"}]}},"jetpack_sharing_enabled":true,"_links":{"self":[{"href":"https:\/\/sequoiaprevention.com\/es\/wp-json\/wp\/v2\/pages\/6","targetHints":{"allow":["GET"]}}],"collection":[{"href":"https:\/\/sequoiaprevention.com\/es\/wp-json\/wp\/v2\/pages"}],"about":[{"href":"https:\/\/sequoiaprevention.com\/es\/wp-json\/wp\/v2\/types\/page"}],"author":[{"embeddable":true,"href":"https:\/\/sequoiaprevention.com\/es\/wp-json\/wp\/v2\/users\/1"}],"replies":[{"embeddable":true,"href":"https:\/\/sequoiaprevention.com\/es\/wp-json\/wp\/v2\/comments?post=6"}],"version-history":[{"count":10,"href":"https:\/\/sequoiaprevention.com\/es\/wp-json\/wp\/v2\/pages\/6\/revisions"}],"predecessor-version":[{"id":8672,"href":"https:\/\/sequoiaprevention.com\/es\/wp-json\/wp\/v2\/pages\/6\/revisions\/8672"}],"wp:attachment":[{"href":"https:\/\/sequoiaprevention.com\/es\/wp-json\/wp\/v2\/media?parent=6"}],"curies":[{"name":"wp","href":"https:\/\/api.w.org\/{rel}","templated":true}]}}