{"id":10069,"date":"2023-12-14T16:29:44","date_gmt":"2023-12-14T16:29:44","guid":{"rendered":"https:\/\/sequoiaprevention.com\/?post_type=product&#038;p=10069"},"modified":"2026-04-16T02:59:44","modified_gmt":"2026-04-16T02:59:44","slug":"phione","status":"publish","type":"product","link":"https:\/\/sequoiaprevention.com\/es\/producto\/phione\/","title":{"rendered":"PHIONE"},"content":{"rendered":"<p>\u00a0&#13;<\/p>\n<p>&#13;<\/p>\n<p><strong>Caracter\u00edsticas<\/strong>&#13;<\/p>\n<p><ul>&#13;<\/p>\n<li>Protecci\u00f3n eficaz contra las alteraciones causadas por la contaminaci\u00f3n electromagn\u00e9tica generada por ondas electromagn\u00e9ticas, wifi, antenas de telefon\u00eda, etc.<\/li>\n<p>&#13;<\/p>\n<li>Radio de acci\u00f3n de 70 cm (alcance de 1.4 m)<\/li>\n<p>&#13;<\/p>\n<li>Dimensiones: 36 x 52 x 2 mm<\/li>\n<p>&#13;<\/p>\n<\/ul>","protected":false},"excerpt":{"rendered":"<p>PHIONE es un dispositivo dise\u00f1ado para proteger a los usuarios de las radiaciones emitidas por sus tel\u00e9fonos m\u00f3viles, incluidos los de \u00faltima generaci\u00f3n (5G y 6G), mientras est\u00e1n encendidos o en uso. La fuente de radiaci\u00f3n est\u00e1 cerca del centro, as\u00ed que debes asegurarte de colocar el PHIONE en la parte trasera de tu tel\u00e9fono para obtener una protecci\u00f3n eficaz.<\/p>","protected":false},"featured_media":10107,"template":"","meta":[],"product_cat":[59],"product_tag":[77],"class_list":{"0":"post-10069","1":"product","2":"type-product","3":"status-publish","4":"has-post-thumbnail","6":"wc_square_synced-yes","7":"product_cat-protection","8":"product_tag-pranan","9":"product_brand-pranan","11":"first","12":"instock","13":"taxable","14":"shipping-taxable","15":"purchasable","16":"product-type-simple"},"yoast_head":"<!-- This site is optimized with the Yoast SEO plugin v22.3 - https:\/\/yoast.com\/wordpress\/plugins\/seo\/ -->\n<title>Protection Anti-Rayonnements pour mobiles | PHIONE | S\u00e9quoia<\/title>\n<meta name=\"description\" content=\"D\u00e9couvrez le PHIONE, un dispositif r\u00e9duisant les rayonnements des t\u00e9l\u00e9phones, incluant les mod\u00e8les 5G et 6G. Fixez-le \u00e0 l&#039;arri\u00e8re de votre appareil pour une protection efficace.\" \/>\n<meta name=\"robots\" content=\"index, follow, max-snippet:-1, max-image-preview:large, max-video-preview:-1\" \/>\n<link rel=\"canonical\" href=\"https:\/\/sequoiaprevention.com\/es\/producto\/phione\/\" \/>\n<meta property=\"og:locale\" content=\"es_ES\" \/>\n<meta property=\"og:type\" content=\"article\" \/>\n<meta property=\"og:title\" content=\"Protection Anti-Rayonnements pour mobiles | PHIONE | S\u00e9quoia\" \/>\n<meta property=\"og:description\" content=\"D\u00e9couvrez le PHIONE, un dispositif r\u00e9duisant les rayonnements des t\u00e9l\u00e9phones, incluant les mod\u00e8les 5G et 6G. Fixez-le \u00e0 l&#039;arri\u00e8re de votre appareil pour une protection efficace.\" \/>\n<meta property=\"og:url\" content=\"https:\/\/sequoiaprevention.com\/es\/producto\/phione\/\" \/>\n<meta property=\"og:site_name\" content=\"S\u00e9quoia Pr\u00e9vention\" \/>\n<meta property=\"article:modified_time\" content=\"2026-04-16T02:59:44+00:00\" \/>\n<meta property=\"og:image\" content=\"https:\/\/sequoiaprevention.com\/wp-content\/uploads\/2023\/12\/Capture-decran-le-2023-12-14-a-13.10.06.png\" \/>\n\t<meta property=\"og:image:width\" content=\"1432\" \/>\n\t<meta property=\"og:image:height\" content=\"1206\" \/>\n\t<meta property=\"og:image:type\" content=\"image\/png\" \/>\n<meta name=\"twitter:card\" content=\"summary_large_image\" \/>\n<meta name=\"twitter:label1\" content=\"Tiempo de lectura\" \/>\n\t<meta name=\"twitter:data1\" content=\"1 minuto\" \/>\n<script type=\"application\/ld+json\" class=\"yoast-schema-graph\">{\"@context\":\"https:\/\/schema.org\",\"@graph\":[{\"@type\":\"WebPage\",\"@id\":\"https:\/\/sequoiaprevention.com\/produit\/phione\/\",\"url\":\"https:\/\/sequoiaprevention.com\/produit\/phione\/\",\"name\":\"Protection Anti-Rayonnements pour mobiles | PHIONE | S\u00e9quoia\",\"isPartOf\":{\"@id\":\"https:\/\/sequoiaprevention.com\/#website\"},\"primaryImageOfPage\":{\"@id\":\"https:\/\/sequoiaprevention.com\/produit\/phione\/#primaryimage\"},\"image\":{\"@id\":\"https:\/\/sequoiaprevention.com\/produit\/phione\/#primaryimage\"},\"thumbnailUrl\":\"https:\/\/sequoiaprevention.com\/wp-content\/uploads\/2023\/12\/Capture-decran-le-2023-12-14-a-13.10.06.png\",\"datePublished\":\"2023-12-14T16:29:44+00:00\",\"dateModified\":\"2026-04-16T02:59:44+00:00\",\"description\":\"D\u00e9couvrez le PHIONE, un dispositif r\u00e9duisant les rayonnements des t\u00e9l\u00e9phones, incluant les mod\u00e8les 5G et 6G. Fixez-le \u00e0 l'arri\u00e8re de votre appareil pour une protection efficace.\",\"breadcrumb\":{\"@id\":\"https:\/\/sequoiaprevention.com\/produit\/phione\/#breadcrumb\"},\"inLanguage\":\"es-AR\",\"potentialAction\":[{\"@type\":\"ReadAction\",\"target\":[\"https:\/\/sequoiaprevention.com\/produit\/phione\/\"]}]},{\"@type\":\"ImageObject\",\"inLanguage\":\"es-AR\",\"@id\":\"https:\/\/sequoiaprevention.com\/produit\/phione\/#primaryimage\",\"url\":\"https:\/\/sequoiaprevention.com\/wp-content\/uploads\/2023\/12\/Capture-decran-le-2023-12-14-a-13.10.06.png\",\"contentUrl\":\"https:\/\/sequoiaprevention.com\/wp-content\/uploads\/2023\/12\/Capture-decran-le-2023-12-14-a-13.10.06.png\",\"width\":1432,\"height\":1206},{\"@type\":\"BreadcrumbList\",\"@id\":\"https:\/\/sequoiaprevention.com\/produit\/phione\/#breadcrumb\",\"itemListElement\":[{\"@type\":\"ListItem\",\"position\":1,\"name\":\"Accueil\",\"item\":\"https:\/\/sequoiaprevention.com\/\"},{\"@type\":\"ListItem\",\"position\":2,\"name\":\"Boutique\",\"item\":\"https:\/\/sequoiaprevention.com\/boutique\/\"},{\"@type\":\"ListItem\",\"position\":3,\"name\":\"PHIONE\"}]},{\"@type\":\"WebSite\",\"@id\":\"https:\/\/sequoiaprevention.com\/#website\",\"url\":\"https:\/\/sequoiaprevention.com\/\",\"name\":\"S\u00e9quoia Pr\u00e9vention\",\"description\":\"Votre chemin vers le mieux-\u00eatre\",\"potentialAction\":[{\"@type\":\"SearchAction\",\"target\":{\"@type\":\"EntryPoint\",\"urlTemplate\":\"https:\/\/sequoiaprevention.com\/?s={search_term_string}\"},\"query-input\":\"required name=search_term_string\"}],\"inLanguage\":\"es-AR\"}]}<\/script>\n<!-- \/ Yoast SEO plugin. -->","yoast_head_json":{"title":"Protection Anti-Rayonnements pour mobiles | PHIONE | S\u00e9quoia","description":"D\u00e9couvrez le PHIONE, un dispositif r\u00e9duisant les rayonnements des t\u00e9l\u00e9phones, incluant les mod\u00e8les 5G et 6G. Fixez-le \u00e0 l'arri\u00e8re de votre appareil pour une protection efficace.","robots":{"index":"index","follow":"follow","max-snippet":"max-snippet:-1","max-image-preview":"max-image-preview:large","max-video-preview":"max-video-preview:-1"},"canonical":"https:\/\/sequoiaprevention.com\/es\/producto\/phione\/","og_locale":"es_ES","og_type":"article","og_title":"Protection Anti-Rayonnements pour mobiles | PHIONE | S\u00e9quoia","og_description":"D\u00e9couvrez le PHIONE, un dispositif r\u00e9duisant les rayonnements des t\u00e9l\u00e9phones, incluant les mod\u00e8les 5G et 6G. Fixez-le \u00e0 l'arri\u00e8re de votre appareil pour une protection efficace.","og_url":"https:\/\/sequoiaprevention.com\/es\/producto\/phione\/","og_site_name":"S\u00e9quoia Pr\u00e9vention","article_modified_time":"2026-04-16T02:59:44+00:00","og_image":[{"width":1432,"height":1206,"url":"https:\/\/sequoiaprevention.com\/wp-content\/uploads\/2023\/12\/Capture-decran-le-2023-12-14-a-13.10.06.png","type":"image\/png"}],"twitter_card":"summary_large_image","twitter_misc":{"Tiempo de lectura":"1 minuto"},"schema":{"@context":"https:\/\/schema.org","@graph":[{"@type":"WebPage","@id":"https:\/\/sequoiaprevention.com\/produit\/phione\/","url":"https:\/\/sequoiaprevention.com\/produit\/phione\/","name":"Protection Anti-Rayonnements pour mobiles | PHIONE | S\u00e9quoia","isPartOf":{"@id":"https:\/\/sequoiaprevention.com\/#website"},"primaryImageOfPage":{"@id":"https:\/\/sequoiaprevention.com\/produit\/phione\/#primaryimage"},"image":{"@id":"https:\/\/sequoiaprevention.com\/produit\/phione\/#primaryimage"},"thumbnailUrl":"https:\/\/sequoiaprevention.com\/wp-content\/uploads\/2023\/12\/Capture-decran-le-2023-12-14-a-13.10.06.png","datePublished":"2023-12-14T16:29:44+00:00","dateModified":"2026-04-16T02:59:44+00:00","description":"D\u00e9couvrez le PHIONE, un dispositif r\u00e9duisant les rayonnements des t\u00e9l\u00e9phones, incluant les mod\u00e8les 5G et 6G. Fixez-le \u00e0 l'arri\u00e8re de votre appareil pour une protection efficace.","breadcrumb":{"@id":"https:\/\/sequoiaprevention.com\/produit\/phione\/#breadcrumb"},"inLanguage":"es-AR","potentialAction":[{"@type":"ReadAction","target":["https:\/\/sequoiaprevention.com\/produit\/phione\/"]}]},{"@type":"ImageObject","inLanguage":"es-AR","@id":"https:\/\/sequoiaprevention.com\/produit\/phione\/#primaryimage","url":"https:\/\/sequoiaprevention.com\/wp-content\/uploads\/2023\/12\/Capture-decran-le-2023-12-14-a-13.10.06.png","contentUrl":"https:\/\/sequoiaprevention.com\/wp-content\/uploads\/2023\/12\/Capture-decran-le-2023-12-14-a-13.10.06.png","width":1432,"height":1206},{"@type":"BreadcrumbList","@id":"https:\/\/sequoiaprevention.com\/produit\/phione\/#breadcrumb","itemListElement":[{"@type":"ListItem","position":1,"name":"Accueil","item":"https:\/\/sequoiaprevention.com\/"},{"@type":"ListItem","position":2,"name":"Boutique","item":"https:\/\/sequoiaprevention.com\/boutique\/"},{"@type":"ListItem","position":3,"name":"PHIONE"}]},{"@type":"WebSite","@id":"https:\/\/sequoiaprevention.com\/#website","url":"https:\/\/sequoiaprevention.com\/","name":"S\u00e9quoia Pr\u00e9vention","description":"Votre chemin vers le mieux-\u00eatre","potentialAction":[{"@type":"SearchAction","target":{"@type":"EntryPoint","urlTemplate":"https:\/\/sequoiaprevention.com\/?s={search_term_string}"},"query-input":"required name=search_term_string"}],"inLanguage":"es-AR"}]}},"jetpack_sharing_enabled":true,"_links":{"self":[{"href":"https:\/\/sequoiaprevention.com\/es\/wp-json\/wp\/v2\/product\/10069","targetHints":{"allow":["GET"]}}],"collection":[{"href":"https:\/\/sequoiaprevention.com\/es\/wp-json\/wp\/v2\/product"}],"about":[{"href":"https:\/\/sequoiaprevention.com\/es\/wp-json\/wp\/v2\/types\/product"}],"version-history":[{"count":6,"href":"https:\/\/sequoiaprevention.com\/es\/wp-json\/wp\/v2\/product\/10069\/revisions"}],"predecessor-version":[{"id":10311,"href":"https:\/\/sequoiaprevention.com\/es\/wp-json\/wp\/v2\/product\/10069\/revisions\/10311"}],"wp:featuredmedia":[{"embeddable":true,"href":"https:\/\/sequoiaprevention.com\/es\/wp-json\/wp\/v2\/media\/10107"}],"wp:attachment":[{"href":"https:\/\/sequoiaprevention.com\/es\/wp-json\/wp\/v2\/media?parent=10069"}],"wp:term":[{"taxonomy":"product_cat","embeddable":true,"href":"https:\/\/sequoiaprevention.com\/es\/wp-json\/wp\/v2\/product_cat?post=10069"},{"taxonomy":"product_tag","embeddable":true,"href":"https:\/\/sequoiaprevention.com\/es\/wp-json\/wp\/v2\/product_tag?post=10069"}],"curies":[{"name":"wp","href":"https:\/\/api.w.org\/{rel}","templated":true}]}}