{"id":10079,"date":"2023-12-14T17:06:59","date_gmt":"2023-12-14T17:06:59","guid":{"rendered":"https:\/\/sequoiaprevention.com\/?post_type=product&#038;p=10079"},"modified":"2026-04-16T23:04:39","modified_gmt":"2026-04-16T23:04:39","slug":"pendentif-phiwaves-jewel","status":"publish","type":"product","link":"https:\/\/sequoiaprevention.com\/es\/producto\/pendentif-phiwaves-jewel\/","title":{"rendered":"Pendentif PHIWAVES JEWEL"},"content":{"rendered":"<p>\u00a0&#13;<\/p>\n<p>&#13;<\/p>\n<p><strong>Caracter\u00edsticas<\/strong>&#13;<\/p>\n<p><ul>&#13;<\/p>\n<li>Fabricaci\u00f3n de alta tecnolog\u00eda: grafeno, nanotecnolog\u00eda y grabado l\u00e1ser<\/li>\n<p>&#13;<\/p>\n<li>Cascos de acero quir\u00fargico persistentes y de gran dureza<\/li>\n<p>&#13;<\/p>\n<li>Fabricados y pulidos a mano uno por uno<\/li>\n<p>&#13;<\/p>\n<li>Sin l\u00edmite de uso<\/li>\n<p>&#13;<\/p>\n<li>Protecci\u00f3n personal 24\/7<\/li>\n<p>&#13;<\/p>\n<li>Radio de acci\u00f3n de 120 cm (alcance de 2.4 m)<\/li>\n<p>&#13;<\/p>\n<li>Dimensiones: 36 x 4 mm<\/li>\n<p>&#13;<\/p>\n<\/ul>","protected":false},"excerpt":{"rendered":"<p>El colgante PHIWAVES JEWEL es una pieza \u00fanica y vanguardista que combina tecnolog\u00eda con t\u00e9cnicas tradicionales de la joyer\u00eda artesanal. Adem\u00e1s de proporcionar una protecci\u00f3n eficaz contra la contaminaci\u00f3n electromagn\u00e9tica, incluida la procedente del 5G, es hipoalerg\u00e9nico y puede utilizarse sin consecuencias ni efectos adversos para la piel. Puedes llevarlo a todas partes y colocarlo a tu lado para protegerte durante la noche.<\/p>","protected":false},"featured_media":10119,"template":"","meta":[],"product_cat":[59],"product_tag":[77],"class_list":{"0":"post-10079","1":"product","2":"type-product","3":"status-publish","4":"has-post-thumbnail","6":"wc_square_synced-yes","7":"product_cat-protection","8":"product_tag-pranan","9":"product_brand-pranan","11":"first","12":"instock","13":"taxable","14":"shipping-taxable","15":"purchasable","16":"product-type-simple"},"yoast_head":"<!-- This site is optimized with the Yoast SEO plugin v22.3 - https:\/\/yoast.com\/wordpress\/plugins\/seo\/ -->\n<title>PHIWAVES JEWEL: Pendentif artisanal et Anti-5G | S\u00e9quoia<\/title>\n<meta name=\"description\" content=\"D\u00e9couvrez ce magnifique pendentif avant-gardiste et hypoallerg\u00e9nique qui prot\u00e8ge de la pollution \u00e9lectromagn\u00e9tique 5G. Portez-le lors de vos d\u00e9placements!\" \/>\n<meta name=\"robots\" content=\"index, follow, max-snippet:-1, max-image-preview:large, max-video-preview:-1\" \/>\n<link rel=\"canonical\" href=\"https:\/\/sequoiaprevention.com\/es\/producto\/pendentif-phiwaves-jewel\/\" \/>\n<meta property=\"og:locale\" content=\"es_ES\" \/>\n<meta property=\"og:type\" content=\"article\" \/>\n<meta property=\"og:title\" content=\"PHIWAVES JEWEL: Pendentif artisanal et Anti-5G | S\u00e9quoia\" \/>\n<meta property=\"og:description\" content=\"D\u00e9couvrez ce magnifique pendentif avant-gardiste et hypoallerg\u00e9nique qui prot\u00e8ge de la pollution \u00e9lectromagn\u00e9tique 5G. Portez-le lors de vos d\u00e9placements!\" \/>\n<meta property=\"og:url\" content=\"https:\/\/sequoiaprevention.com\/es\/producto\/pendentif-phiwaves-jewel\/\" \/>\n<meta property=\"og:site_name\" content=\"S\u00e9quoia Pr\u00e9vention\" \/>\n<meta property=\"article:modified_time\" content=\"2026-04-16T23:04:39+00:00\" \/>\n<meta property=\"og:image\" content=\"https:\/\/sequoiaprevention.com\/wp-content\/uploads\/2023\/12\/Capture-decran-le-2023-12-14-a-13.52.30.png\" \/>\n\t<meta property=\"og:image:width\" content=\"1418\" \/>\n\t<meta property=\"og:image:height\" content=\"946\" \/>\n\t<meta property=\"og:image:type\" content=\"image\/png\" \/>\n<meta name=\"twitter:card\" content=\"summary_large_image\" \/>\n<meta name=\"twitter:label1\" content=\"Tiempo de lectura\" \/>\n\t<meta name=\"twitter:data1\" content=\"1 minuto\" \/>\n<script type=\"application\/ld+json\" class=\"yoast-schema-graph\">{\"@context\":\"https:\/\/schema.org\",\"@graph\":[{\"@type\":\"WebPage\",\"@id\":\"https:\/\/sequoiaprevention.com\/produit\/pendentif-phiwaves-jewel\/\",\"url\":\"https:\/\/sequoiaprevention.com\/produit\/pendentif-phiwaves-jewel\/\",\"name\":\"PHIWAVES JEWEL: Pendentif artisanal et Anti-5G | S\u00e9quoia\",\"isPartOf\":{\"@id\":\"https:\/\/sequoiaprevention.com\/#website\"},\"primaryImageOfPage\":{\"@id\":\"https:\/\/sequoiaprevention.com\/produit\/pendentif-phiwaves-jewel\/#primaryimage\"},\"image\":{\"@id\":\"https:\/\/sequoiaprevention.com\/produit\/pendentif-phiwaves-jewel\/#primaryimage\"},\"thumbnailUrl\":\"https:\/\/sequoiaprevention.com\/wp-content\/uploads\/2023\/12\/Capture-decran-le-2023-12-14-a-13.52.30.png\",\"datePublished\":\"2023-12-14T17:06:59+00:00\",\"dateModified\":\"2026-04-16T23:04:39+00:00\",\"description\":\"D\u00e9couvrez ce magnifique pendentif avant-gardiste et hypoallerg\u00e9nique qui prot\u00e8ge de la pollution \u00e9lectromagn\u00e9tique 5G. Portez-le lors de vos d\u00e9placements!\",\"breadcrumb\":{\"@id\":\"https:\/\/sequoiaprevention.com\/produit\/pendentif-phiwaves-jewel\/#breadcrumb\"},\"inLanguage\":\"es-AR\",\"potentialAction\":[{\"@type\":\"ReadAction\",\"target\":[\"https:\/\/sequoiaprevention.com\/produit\/pendentif-phiwaves-jewel\/\"]}]},{\"@type\":\"ImageObject\",\"inLanguage\":\"es-AR\",\"@id\":\"https:\/\/sequoiaprevention.com\/produit\/pendentif-phiwaves-jewel\/#primaryimage\",\"url\":\"https:\/\/sequoiaprevention.com\/wp-content\/uploads\/2023\/12\/Capture-decran-le-2023-12-14-a-13.52.30.png\",\"contentUrl\":\"https:\/\/sequoiaprevention.com\/wp-content\/uploads\/2023\/12\/Capture-decran-le-2023-12-14-a-13.52.30.png\",\"width\":1418,\"height\":946},{\"@type\":\"BreadcrumbList\",\"@id\":\"https:\/\/sequoiaprevention.com\/produit\/pendentif-phiwaves-jewel\/#breadcrumb\",\"itemListElement\":[{\"@type\":\"ListItem\",\"position\":1,\"name\":\"Accueil\",\"item\":\"https:\/\/sequoiaprevention.com\/\"},{\"@type\":\"ListItem\",\"position\":2,\"name\":\"Boutique\",\"item\":\"https:\/\/sequoiaprevention.com\/boutique\/\"},{\"@type\":\"ListItem\",\"position\":3,\"name\":\"Pendentif PHIWAVES JEWEL\"}]},{\"@type\":\"WebSite\",\"@id\":\"https:\/\/sequoiaprevention.com\/#website\",\"url\":\"https:\/\/sequoiaprevention.com\/\",\"name\":\"S\u00e9quoia Pr\u00e9vention\",\"description\":\"Votre chemin vers le mieux-\u00eatre\",\"potentialAction\":[{\"@type\":\"SearchAction\",\"target\":{\"@type\":\"EntryPoint\",\"urlTemplate\":\"https:\/\/sequoiaprevention.com\/?s={search_term_string}\"},\"query-input\":\"required name=search_term_string\"}],\"inLanguage\":\"es-AR\"}]}<\/script>\n<!-- \/ Yoast SEO plugin. -->","yoast_head_json":{"title":"PHIWAVES JEWEL: Pendentif artisanal et Anti-5G | S\u00e9quoia","description":"D\u00e9couvrez ce magnifique pendentif avant-gardiste et hypoallerg\u00e9nique qui prot\u00e8ge de la pollution \u00e9lectromagn\u00e9tique 5G. Portez-le lors de vos d\u00e9placements!","robots":{"index":"index","follow":"follow","max-snippet":"max-snippet:-1","max-image-preview":"max-image-preview:large","max-video-preview":"max-video-preview:-1"},"canonical":"https:\/\/sequoiaprevention.com\/es\/producto\/pendentif-phiwaves-jewel\/","og_locale":"es_ES","og_type":"article","og_title":"PHIWAVES JEWEL: Pendentif artisanal et Anti-5G | S\u00e9quoia","og_description":"D\u00e9couvrez ce magnifique pendentif avant-gardiste et hypoallerg\u00e9nique qui prot\u00e8ge de la pollution \u00e9lectromagn\u00e9tique 5G. Portez-le lors de vos d\u00e9placements!","og_url":"https:\/\/sequoiaprevention.com\/es\/producto\/pendentif-phiwaves-jewel\/","og_site_name":"S\u00e9quoia Pr\u00e9vention","article_modified_time":"2026-04-16T23:04:39+00:00","og_image":[{"width":1418,"height":946,"url":"https:\/\/sequoiaprevention.com\/wp-content\/uploads\/2023\/12\/Capture-decran-le-2023-12-14-a-13.52.30.png","type":"image\/png"}],"twitter_card":"summary_large_image","twitter_misc":{"Tiempo de lectura":"1 minuto"},"schema":{"@context":"https:\/\/schema.org","@graph":[{"@type":"WebPage","@id":"https:\/\/sequoiaprevention.com\/produit\/pendentif-phiwaves-jewel\/","url":"https:\/\/sequoiaprevention.com\/produit\/pendentif-phiwaves-jewel\/","name":"PHIWAVES JEWEL: Pendentif artisanal et Anti-5G | S\u00e9quoia","isPartOf":{"@id":"https:\/\/sequoiaprevention.com\/#website"},"primaryImageOfPage":{"@id":"https:\/\/sequoiaprevention.com\/produit\/pendentif-phiwaves-jewel\/#primaryimage"},"image":{"@id":"https:\/\/sequoiaprevention.com\/produit\/pendentif-phiwaves-jewel\/#primaryimage"},"thumbnailUrl":"https:\/\/sequoiaprevention.com\/wp-content\/uploads\/2023\/12\/Capture-decran-le-2023-12-14-a-13.52.30.png","datePublished":"2023-12-14T17:06:59+00:00","dateModified":"2026-04-16T23:04:39+00:00","description":"D\u00e9couvrez ce magnifique pendentif avant-gardiste et hypoallerg\u00e9nique qui prot\u00e8ge de la pollution \u00e9lectromagn\u00e9tique 5G. Portez-le lors de vos d\u00e9placements!","breadcrumb":{"@id":"https:\/\/sequoiaprevention.com\/produit\/pendentif-phiwaves-jewel\/#breadcrumb"},"inLanguage":"es-AR","potentialAction":[{"@type":"ReadAction","target":["https:\/\/sequoiaprevention.com\/produit\/pendentif-phiwaves-jewel\/"]}]},{"@type":"ImageObject","inLanguage":"es-AR","@id":"https:\/\/sequoiaprevention.com\/produit\/pendentif-phiwaves-jewel\/#primaryimage","url":"https:\/\/sequoiaprevention.com\/wp-content\/uploads\/2023\/12\/Capture-decran-le-2023-12-14-a-13.52.30.png","contentUrl":"https:\/\/sequoiaprevention.com\/wp-content\/uploads\/2023\/12\/Capture-decran-le-2023-12-14-a-13.52.30.png","width":1418,"height":946},{"@type":"BreadcrumbList","@id":"https:\/\/sequoiaprevention.com\/produit\/pendentif-phiwaves-jewel\/#breadcrumb","itemListElement":[{"@type":"ListItem","position":1,"name":"Accueil","item":"https:\/\/sequoiaprevention.com\/"},{"@type":"ListItem","position":2,"name":"Boutique","item":"https:\/\/sequoiaprevention.com\/boutique\/"},{"@type":"ListItem","position":3,"name":"Pendentif PHIWAVES JEWEL"}]},{"@type":"WebSite","@id":"https:\/\/sequoiaprevention.com\/#website","url":"https:\/\/sequoiaprevention.com\/","name":"S\u00e9quoia Pr\u00e9vention","description":"Votre chemin vers le mieux-\u00eatre","potentialAction":[{"@type":"SearchAction","target":{"@type":"EntryPoint","urlTemplate":"https:\/\/sequoiaprevention.com\/?s={search_term_string}"},"query-input":"required name=search_term_string"}],"inLanguage":"es-AR"}]}},"jetpack_sharing_enabled":true,"_links":{"self":[{"href":"https:\/\/sequoiaprevention.com\/es\/wp-json\/wp\/v2\/product\/10079","targetHints":{"allow":["GET"]}}],"collection":[{"href":"https:\/\/sequoiaprevention.com\/es\/wp-json\/wp\/v2\/product"}],"about":[{"href":"https:\/\/sequoiaprevention.com\/es\/wp-json\/wp\/v2\/types\/product"}],"version-history":[{"count":5,"href":"https:\/\/sequoiaprevention.com\/es\/wp-json\/wp\/v2\/product\/10079\/revisions"}],"predecessor-version":[{"id":10314,"href":"https:\/\/sequoiaprevention.com\/es\/wp-json\/wp\/v2\/product\/10079\/revisions\/10314"}],"wp:featuredmedia":[{"embeddable":true,"href":"https:\/\/sequoiaprevention.com\/es\/wp-json\/wp\/v2\/media\/10119"}],"wp:attachment":[{"href":"https:\/\/sequoiaprevention.com\/es\/wp-json\/wp\/v2\/media?parent=10079"}],"wp:term":[{"taxonomy":"product_cat","embeddable":true,"href":"https:\/\/sequoiaprevention.com\/es\/wp-json\/wp\/v2\/product_cat?post=10079"},{"taxonomy":"product_tag","embeddable":true,"href":"https:\/\/sequoiaprevention.com\/es\/wp-json\/wp\/v2\/product_tag?post=10079"}],"curies":[{"name":"wp","href":"https:\/\/api.w.org\/{rel}","templated":true}]}}