{"id":10083,"date":"2023-12-14T17:36:30","date_gmt":"2023-12-14T17:36:30","guid":{"rendered":"https:\/\/sequoiaprevention.com\/?post_type=product&#038;p=10083"},"modified":"2026-04-13T13:28:37","modified_gmt":"2026-04-13T13:28:37","slug":"phiwaves","status":"publish","type":"product","link":"https:\/\/sequoiaprevention.com\/es\/producto\/phiwaves\/","title":{"rendered":"PHIWAVES"},"content":{"rendered":"<p>\u00a0\n<\/p>\n<\/p>\n<p><strong>Caracter\u00edsticas<\/strong>\n<\/p>\n<\/p>\n<p>Fabricaci\u00f3n de alta tecnolog\u00eda (circuitos de nanodiamante)<\/p>\n<p>Vida \u00fatil ilimitada (sin mantenimiento ni pilas)<\/p>\n<p>Activaci\u00f3n autom\u00e1tica al contacto con radiaciones electromagn\u00e9ticas<\/p>\n<p>Protecci\u00f3n personal 24\/7<\/p>\n<p>Radio de acci\u00f3n de 150 cm (alcance de 3 m)<\/p>\n<p>Dimensiones: 83 x 52 x 5.4 mm<\/p>","protected":false},"excerpt":{"rendered":"<p>El protector personal contra la contaminaci\u00f3n electromagn\u00e9tica PHIWAVES es el dispositivo ideal para personas activas. Ll\u00e9valo en el bolsillo o en tu bolso de trabajo, cuando salgas de paseo o en tus viajes. Incluso puedes colocarlo debajo de tu almohada durante la noche para protegerte eficazmente de las radiaciones externas (4G, 5G, 6G, antenas de telefon\u00eda, wifi, etc.).<\/p>","protected":false},"featured_media":10109,"template":"","meta":[],"product_cat":[59],"product_tag":[77],"class_list":{"0":"post-10083","1":"product","2":"type-product","3":"status-publish","4":"has-post-thumbnail","6":"wc_square_synced-yes","7":"product_cat-protection","8":"product_tag-pranan","9":"product_brand-pranan","11":"first","12":"instock","13":"taxable","14":"shipping-taxable","15":"purchasable","16":"product-type-simple"},"yoast_head":"<!-- This site is optimized with the Yoast SEO plugin v22.3 - https:\/\/yoast.com\/wordpress\/plugins\/seo\/ -->\n<title>PHIWAVES: Protection Portable \u00c9lectromagn\u00e9tique | S\u00e9quoia<\/title>\n<meta name=\"description\" content=\"D\u00e9couvrez ce protecteur personnel contre la pollution \u00e9lectromagn\u00e9tique, id\u00e9al pour d\u00e9placements et nuit, efficace contre rayonnements 6G, 5G, 4G, Wi-Fi.\" \/>\n<meta name=\"robots\" content=\"index, follow, max-snippet:-1, max-image-preview:large, max-video-preview:-1\" \/>\n<link rel=\"canonical\" href=\"https:\/\/sequoiaprevention.com\/es\/producto\/phiwaves\/\" \/>\n<meta property=\"og:locale\" content=\"es_ES\" \/>\n<meta property=\"og:type\" content=\"article\" \/>\n<meta property=\"og:title\" content=\"PHIWAVES: Protection Portable \u00c9lectromagn\u00e9tique | S\u00e9quoia\" \/>\n<meta property=\"og:description\" content=\"D\u00e9couvrez ce protecteur personnel contre la pollution \u00e9lectromagn\u00e9tique, id\u00e9al pour d\u00e9placements et nuit, efficace contre rayonnements 6G, 5G, 4G, Wi-Fi.\" \/>\n<meta property=\"og:url\" content=\"https:\/\/sequoiaprevention.com\/es\/producto\/phiwaves\/\" \/>\n<meta property=\"og:site_name\" content=\"S\u00e9quoia Pr\u00e9vention\" \/>\n<meta property=\"article:modified_time\" content=\"2026-04-13T13:28:37+00:00\" \/>\n<meta property=\"og:image\" content=\"https:\/\/sequoiaprevention.com\/wp-content\/uploads\/2023\/12\/Capture-decran-le-2023-12-14-a-13.13.52.png\" \/>\n\t<meta property=\"og:image:width\" content=\"526\" \/>\n\t<meta property=\"og:image:height\" content=\"756\" \/>\n\t<meta property=\"og:image:type\" content=\"image\/png\" \/>\n<meta name=\"twitter:card\" content=\"summary_large_image\" \/>\n<meta name=\"twitter:label1\" content=\"Tiempo de lectura\" \/>\n\t<meta name=\"twitter:data1\" content=\"1 minuto\" \/>\n<script type=\"application\/ld+json\" class=\"yoast-schema-graph\">{\"@context\":\"https:\/\/schema.org\",\"@graph\":[{\"@type\":\"WebPage\",\"@id\":\"https:\/\/sequoiaprevention.com\/produit\/phiwaves\/\",\"url\":\"https:\/\/sequoiaprevention.com\/produit\/phiwaves\/\",\"name\":\"PHIWAVES: Protection Portable \u00c9lectromagn\u00e9tique | S\u00e9quoia\",\"isPartOf\":{\"@id\":\"https:\/\/sequoiaprevention.com\/#website\"},\"primaryImageOfPage\":{\"@id\":\"https:\/\/sequoiaprevention.com\/produit\/phiwaves\/#primaryimage\"},\"image\":{\"@id\":\"https:\/\/sequoiaprevention.com\/produit\/phiwaves\/#primaryimage\"},\"thumbnailUrl\":\"https:\/\/sequoiaprevention.com\/wp-content\/uploads\/2023\/12\/Capture-decran-le-2023-12-14-a-13.13.52.png\",\"datePublished\":\"2023-12-14T17:36:30+00:00\",\"dateModified\":\"2026-04-13T13:28:37+00:00\",\"description\":\"D\u00e9couvrez ce protecteur personnel contre la pollution \u00e9lectromagn\u00e9tique, id\u00e9al pour d\u00e9placements et nuit, efficace contre rayonnements 6G, 5G, 4G, Wi-Fi.\",\"breadcrumb\":{\"@id\":\"https:\/\/sequoiaprevention.com\/produit\/phiwaves\/#breadcrumb\"},\"inLanguage\":\"es-AR\",\"potentialAction\":[{\"@type\":\"ReadAction\",\"target\":[\"https:\/\/sequoiaprevention.com\/produit\/phiwaves\/\"]}]},{\"@type\":\"ImageObject\",\"inLanguage\":\"es-AR\",\"@id\":\"https:\/\/sequoiaprevention.com\/produit\/phiwaves\/#primaryimage\",\"url\":\"https:\/\/sequoiaprevention.com\/wp-content\/uploads\/2023\/12\/Capture-decran-le-2023-12-14-a-13.13.52.png\",\"contentUrl\":\"https:\/\/sequoiaprevention.com\/wp-content\/uploads\/2023\/12\/Capture-decran-le-2023-12-14-a-13.13.52.png\",\"width\":526,\"height\":756},{\"@type\":\"BreadcrumbList\",\"@id\":\"https:\/\/sequoiaprevention.com\/produit\/phiwaves\/#breadcrumb\",\"itemListElement\":[{\"@type\":\"ListItem\",\"position\":1,\"name\":\"Accueil\",\"item\":\"https:\/\/sequoiaprevention.com\/\"},{\"@type\":\"ListItem\",\"position\":2,\"name\":\"Boutique\",\"item\":\"https:\/\/sequoiaprevention.com\/boutique\/\"},{\"@type\":\"ListItem\",\"position\":3,\"name\":\"PHIWAVES\"}]},{\"@type\":\"WebSite\",\"@id\":\"https:\/\/sequoiaprevention.com\/#website\",\"url\":\"https:\/\/sequoiaprevention.com\/\",\"name\":\"S\u00e9quoia Pr\u00e9vention\",\"description\":\"Votre chemin vers le mieux-\u00eatre\",\"potentialAction\":[{\"@type\":\"SearchAction\",\"target\":{\"@type\":\"EntryPoint\",\"urlTemplate\":\"https:\/\/sequoiaprevention.com\/?s={search_term_string}\"},\"query-input\":\"required name=search_term_string\"}],\"inLanguage\":\"es-AR\"}]}<\/script>\n<!-- \/ Yoast SEO plugin. -->","yoast_head_json":{"title":"PHIWAVES: Protection Portable \u00c9lectromagn\u00e9tique | S\u00e9quoia","description":"D\u00e9couvrez ce protecteur personnel contre la pollution \u00e9lectromagn\u00e9tique, id\u00e9al pour d\u00e9placements et nuit, efficace contre rayonnements 6G, 5G, 4G, Wi-Fi.","robots":{"index":"index","follow":"follow","max-snippet":"max-snippet:-1","max-image-preview":"max-image-preview:large","max-video-preview":"max-video-preview:-1"},"canonical":"https:\/\/sequoiaprevention.com\/es\/producto\/phiwaves\/","og_locale":"es_ES","og_type":"article","og_title":"PHIWAVES: Protection Portable \u00c9lectromagn\u00e9tique | S\u00e9quoia","og_description":"D\u00e9couvrez ce protecteur personnel contre la pollution \u00e9lectromagn\u00e9tique, id\u00e9al pour d\u00e9placements et nuit, efficace contre rayonnements 6G, 5G, 4G, Wi-Fi.","og_url":"https:\/\/sequoiaprevention.com\/es\/producto\/phiwaves\/","og_site_name":"S\u00e9quoia Pr\u00e9vention","article_modified_time":"2026-04-13T13:28:37+00:00","og_image":[{"width":526,"height":756,"url":"https:\/\/sequoiaprevention.com\/wp-content\/uploads\/2023\/12\/Capture-decran-le-2023-12-14-a-13.13.52.png","type":"image\/png"}],"twitter_card":"summary_large_image","twitter_misc":{"Tiempo de lectura":"1 minuto"},"schema":{"@context":"https:\/\/schema.org","@graph":[{"@type":"WebPage","@id":"https:\/\/sequoiaprevention.com\/produit\/phiwaves\/","url":"https:\/\/sequoiaprevention.com\/produit\/phiwaves\/","name":"PHIWAVES: Protection Portable \u00c9lectromagn\u00e9tique | S\u00e9quoia","isPartOf":{"@id":"https:\/\/sequoiaprevention.com\/#website"},"primaryImageOfPage":{"@id":"https:\/\/sequoiaprevention.com\/produit\/phiwaves\/#primaryimage"},"image":{"@id":"https:\/\/sequoiaprevention.com\/produit\/phiwaves\/#primaryimage"},"thumbnailUrl":"https:\/\/sequoiaprevention.com\/wp-content\/uploads\/2023\/12\/Capture-decran-le-2023-12-14-a-13.13.52.png","datePublished":"2023-12-14T17:36:30+00:00","dateModified":"2026-04-13T13:28:37+00:00","description":"D\u00e9couvrez ce protecteur personnel contre la pollution \u00e9lectromagn\u00e9tique, id\u00e9al pour d\u00e9placements et nuit, efficace contre rayonnements 6G, 5G, 4G, Wi-Fi.","breadcrumb":{"@id":"https:\/\/sequoiaprevention.com\/produit\/phiwaves\/#breadcrumb"},"inLanguage":"es-AR","potentialAction":[{"@type":"ReadAction","target":["https:\/\/sequoiaprevention.com\/produit\/phiwaves\/"]}]},{"@type":"ImageObject","inLanguage":"es-AR","@id":"https:\/\/sequoiaprevention.com\/produit\/phiwaves\/#primaryimage","url":"https:\/\/sequoiaprevention.com\/wp-content\/uploads\/2023\/12\/Capture-decran-le-2023-12-14-a-13.13.52.png","contentUrl":"https:\/\/sequoiaprevention.com\/wp-content\/uploads\/2023\/12\/Capture-decran-le-2023-12-14-a-13.13.52.png","width":526,"height":756},{"@type":"BreadcrumbList","@id":"https:\/\/sequoiaprevention.com\/produit\/phiwaves\/#breadcrumb","itemListElement":[{"@type":"ListItem","position":1,"name":"Accueil","item":"https:\/\/sequoiaprevention.com\/"},{"@type":"ListItem","position":2,"name":"Boutique","item":"https:\/\/sequoiaprevention.com\/boutique\/"},{"@type":"ListItem","position":3,"name":"PHIWAVES"}]},{"@type":"WebSite","@id":"https:\/\/sequoiaprevention.com\/#website","url":"https:\/\/sequoiaprevention.com\/","name":"S\u00e9quoia Pr\u00e9vention","description":"Votre chemin vers le mieux-\u00eatre","potentialAction":[{"@type":"SearchAction","target":{"@type":"EntryPoint","urlTemplate":"https:\/\/sequoiaprevention.com\/?s={search_term_string}"},"query-input":"required name=search_term_string"}],"inLanguage":"es-AR"}]}},"jetpack_sharing_enabled":true,"_links":{"self":[{"href":"https:\/\/sequoiaprevention.com\/es\/wp-json\/wp\/v2\/product\/10083","targetHints":{"allow":["GET"]}}],"collection":[{"href":"https:\/\/sequoiaprevention.com\/es\/wp-json\/wp\/v2\/product"}],"about":[{"href":"https:\/\/sequoiaprevention.com\/es\/wp-json\/wp\/v2\/types\/product"}],"version-history":[{"count":4,"href":"https:\/\/sequoiaprevention.com\/es\/wp-json\/wp\/v2\/product\/10083\/revisions"}],"predecessor-version":[{"id":10256,"href":"https:\/\/sequoiaprevention.com\/es\/wp-json\/wp\/v2\/product\/10083\/revisions\/10256"}],"wp:featuredmedia":[{"embeddable":true,"href":"https:\/\/sequoiaprevention.com\/es\/wp-json\/wp\/v2\/media\/10109"}],"wp:attachment":[{"href":"https:\/\/sequoiaprevention.com\/es\/wp-json\/wp\/v2\/media?parent=10083"}],"wp:term":[{"taxonomy":"product_cat","embeddable":true,"href":"https:\/\/sequoiaprevention.com\/es\/wp-json\/wp\/v2\/product_cat?post=10083"},{"taxonomy":"product_tag","embeddable":true,"href":"https:\/\/sequoiaprevention.com\/es\/wp-json\/wp\/v2\/product_tag?post=10083"}],"curies":[{"name":"wp","href":"https:\/\/api.w.org\/{rel}","templated":true}]}}