{"id":10273,"date":"2024-03-26T14:07:21","date_gmt":"2024-03-26T14:07:21","guid":{"rendered":"https:\/\/sequoiaprevention.com\/?post_type=product&#038;p=10273"},"modified":"2026-04-29T05:43:58","modified_gmt":"2026-04-29T05:43:58","slug":"filtre-pour-air-10-purificateur-d-air","status":"publish","type":"product","link":"https:\/\/sequoiaprevention.com\/es\/producto\/filtre-pour-air-10-purificateur-d-air\/","title":{"rendered":"Filtro para Air-10 purificador"},"content":{"rendered":"<p>\u00a0<\/p>\n<p>Selon l&#39;Organisation mondiale de la sant\u00e9 (OMS), 92 % de la population mondiale respire de l&#39;air pollu\u00e9 et chaque ann\u00e9e, environ 7 millions de d\u00e9c\u00e8s sont attribu\u00e9s \u00e0 la pollution de l&#39;air.<\/p>\n<p>Dans l&#39;ensemble, selon les rapports mondiaux, l&#39;environnement toxique est responsable d&#39;au moins un d\u00e9c\u00e8s sur quatre, et la pollution de l&#39;air est le principal facteur de risque.<\/p>\n<ul>\n<li>Filtre \u00e0 charbon actif : absorption rapide des odeurs, d\u00e9composition du formald\u00e9hyde, du benz\u00e8ne, de l&#39;ammoniac, de la fum\u00e9e&#8230;<\/li>\n<li>Filtro HEPA13: elimina el moho, el polvo, los al\u00e9rgenos y las bacterias.<\/li>\n<li>Filtro antibacteriano.<\/li>\n<\/ul>","protected":false},"excerpt":{"rendered":"<p>Air10 Purifier: 100% eficaz contra SARS-Cov-2, bacterias y hongos, certificado oficialmente.<\/p>","protected":false},"featured_media":10278,"template":"","meta":[],"product_cat":[63],"product_tag":[],"class_list":{"0":"post-10273","1":"product","2":"type-product","3":"status-publish","4":"has-post-thumbnail","6":"wc_square_synced-yes","7":"product_cat-prevention","8":"product_brand-hidrolux","10":"first","11":"onbackorder","12":"taxable","13":"shipping-taxable","14":"purchasable","15":"product-type-simple"},"yoast_head":"<!-- This site is optimized with the Yoast SEO plugin v22.3 - https:\/\/yoast.com\/wordpress\/plugins\/seo\/ -->\n<title>Filtre pour Air-10 purificateur d\u2019air | Hidrolux | S\u00e9quoia Pr\u00e9vention<\/title>\n<meta name=\"description\" content=\"D\u00e9couvrez les filtres Purificateur Air10, officiellement certifi\u00e9 et 100% efficace contre le SARS-Cov-2, bact\u00e9ries, et champignons pour une protection optimale.\" \/>\n<meta name=\"robots\" content=\"index, follow, max-snippet:-1, max-image-preview:large, max-video-preview:-1\" \/>\n<link rel=\"canonical\" href=\"https:\/\/sequoiaprevention.com\/es\/producto\/filtre-pour-air-10-purificateur-d-air\/\" \/>\n<meta property=\"og:locale\" content=\"es_ES\" \/>\n<meta property=\"og:type\" content=\"article\" \/>\n<meta property=\"og:title\" content=\"Filtre pour Air-10 purificateur d\u2019air | Hidrolux | S\u00e9quoia Pr\u00e9vention\" \/>\n<meta property=\"og:description\" content=\"D\u00e9couvrez les filtres Purificateur Air10, officiellement certifi\u00e9 et 100% efficace contre le SARS-Cov-2, bact\u00e9ries, et champignons pour une protection optimale.\" \/>\n<meta property=\"og:url\" content=\"https:\/\/sequoiaprevention.com\/es\/producto\/filtre-pour-air-10-purificateur-d-air\/\" \/>\n<meta property=\"og:site_name\" content=\"S\u00e9quoia Pr\u00e9vention\" \/>\n<meta property=\"article:modified_time\" content=\"2026-04-29T05:43:58+00:00\" \/>\n<meta property=\"og:image\" content=\"https:\/\/sequoiaprevention.com\/wp-content\/uploads\/2024\/03\/Filtre-de-remplacement-pour-AIR-10.jpg\" \/>\n\t<meta property=\"og:image:width\" content=\"1000\" \/>\n\t<meta property=\"og:image:height\" content=\"1000\" \/>\n\t<meta property=\"og:image:type\" content=\"image\/jpeg\" \/>\n<meta name=\"twitter:card\" content=\"summary_large_image\" \/>\n<meta name=\"twitter:label1\" content=\"Tiempo de lectura\" \/>\n\t<meta name=\"twitter:data1\" content=\"1 minuto\" \/>\n<script type=\"application\/ld+json\" class=\"yoast-schema-graph\">{\"@context\":\"https:\/\/schema.org\",\"@graph\":[{\"@type\":\"WebPage\",\"@id\":\"https:\/\/sequoiaprevention.com\/produit\/filtre-pour-air-10-purificateur-d-air\/\",\"url\":\"https:\/\/sequoiaprevention.com\/produit\/filtre-pour-air-10-purificateur-d-air\/\",\"name\":\"Filtre pour Air-10 purificateur d\u2019air | Hidrolux | S\u00e9quoia Pr\u00e9vention\",\"isPartOf\":{\"@id\":\"https:\/\/sequoiaprevention.com\/#website\"},\"primaryImageOfPage\":{\"@id\":\"https:\/\/sequoiaprevention.com\/produit\/filtre-pour-air-10-purificateur-d-air\/#primaryimage\"},\"image\":{\"@id\":\"https:\/\/sequoiaprevention.com\/produit\/filtre-pour-air-10-purificateur-d-air\/#primaryimage\"},\"thumbnailUrl\":\"https:\/\/sequoiaprevention.com\/wp-content\/uploads\/2024\/03\/Filtre-de-remplacement-pour-AIR-10.jpg\",\"datePublished\":\"2024-03-26T14:07:21+00:00\",\"dateModified\":\"2026-04-29T05:43:58+00:00\",\"description\":\"D\u00e9couvrez les filtres Purificateur Air10, officiellement certifi\u00e9 et 100% efficace contre le SARS-Cov-2, bact\u00e9ries, et champignons pour une protection optimale.\",\"breadcrumb\":{\"@id\":\"https:\/\/sequoiaprevention.com\/produit\/filtre-pour-air-10-purificateur-d-air\/#breadcrumb\"},\"inLanguage\":\"es-AR\",\"potentialAction\":[{\"@type\":\"ReadAction\",\"target\":[\"https:\/\/sequoiaprevention.com\/produit\/filtre-pour-air-10-purificateur-d-air\/\"]}]},{\"@type\":\"ImageObject\",\"inLanguage\":\"es-AR\",\"@id\":\"https:\/\/sequoiaprevention.com\/produit\/filtre-pour-air-10-purificateur-d-air\/#primaryimage\",\"url\":\"https:\/\/sequoiaprevention.com\/wp-content\/uploads\/2024\/03\/Filtre-de-remplacement-pour-AIR-10.jpg\",\"contentUrl\":\"https:\/\/sequoiaprevention.com\/wp-content\/uploads\/2024\/03\/Filtre-de-remplacement-pour-AIR-10.jpg\",\"width\":1000,\"height\":1000},{\"@type\":\"BreadcrumbList\",\"@id\":\"https:\/\/sequoiaprevention.com\/produit\/filtre-pour-air-10-purificateur-d-air\/#breadcrumb\",\"itemListElement\":[{\"@type\":\"ListItem\",\"position\":1,\"name\":\"Accueil\",\"item\":\"https:\/\/sequoiaprevention.com\/\"},{\"@type\":\"ListItem\",\"position\":2,\"name\":\"Boutique\",\"item\":\"https:\/\/sequoiaprevention.com\/boutique\/\"},{\"@type\":\"ListItem\",\"position\":3,\"name\":\"Filtre pour Air-10 purificateur d\u2019air\"}]},{\"@type\":\"WebSite\",\"@id\":\"https:\/\/sequoiaprevention.com\/#website\",\"url\":\"https:\/\/sequoiaprevention.com\/\",\"name\":\"S\u00e9quoia Pr\u00e9vention\",\"description\":\"Votre chemin vers le mieux-\u00eatre\",\"potentialAction\":[{\"@type\":\"SearchAction\",\"target\":{\"@type\":\"EntryPoint\",\"urlTemplate\":\"https:\/\/sequoiaprevention.com\/?s={search_term_string}\"},\"query-input\":\"required name=search_term_string\"}],\"inLanguage\":\"es-AR\"}]}<\/script>\n<!-- \/ Yoast SEO plugin. -->","yoast_head_json":{"title":"Filtre pour Air-10 purificateur d\u2019air | Hidrolux | S\u00e9quoia Pr\u00e9vention","description":"D\u00e9couvrez les filtres Purificateur Air10, officiellement certifi\u00e9 et 100% efficace contre le SARS-Cov-2, bact\u00e9ries, et champignons pour une protection optimale.","robots":{"index":"index","follow":"follow","max-snippet":"max-snippet:-1","max-image-preview":"max-image-preview:large","max-video-preview":"max-video-preview:-1"},"canonical":"https:\/\/sequoiaprevention.com\/es\/producto\/filtre-pour-air-10-purificateur-d-air\/","og_locale":"es_ES","og_type":"article","og_title":"Filtre pour Air-10 purificateur d\u2019air | Hidrolux | S\u00e9quoia Pr\u00e9vention","og_description":"D\u00e9couvrez les filtres Purificateur Air10, officiellement certifi\u00e9 et 100% efficace contre le SARS-Cov-2, bact\u00e9ries, et champignons pour une protection optimale.","og_url":"https:\/\/sequoiaprevention.com\/es\/producto\/filtre-pour-air-10-purificateur-d-air\/","og_site_name":"S\u00e9quoia Pr\u00e9vention","article_modified_time":"2026-04-29T05:43:58+00:00","og_image":[{"width":1000,"height":1000,"url":"https:\/\/sequoiaprevention.com\/wp-content\/uploads\/2024\/03\/Filtre-de-remplacement-pour-AIR-10.jpg","type":"image\/jpeg"}],"twitter_card":"summary_large_image","twitter_misc":{"Tiempo de lectura":"1 minuto"},"schema":{"@context":"https:\/\/schema.org","@graph":[{"@type":"WebPage","@id":"https:\/\/sequoiaprevention.com\/produit\/filtre-pour-air-10-purificateur-d-air\/","url":"https:\/\/sequoiaprevention.com\/produit\/filtre-pour-air-10-purificateur-d-air\/","name":"Filtre pour Air-10 purificateur d\u2019air | Hidrolux | S\u00e9quoia Pr\u00e9vention","isPartOf":{"@id":"https:\/\/sequoiaprevention.com\/#website"},"primaryImageOfPage":{"@id":"https:\/\/sequoiaprevention.com\/produit\/filtre-pour-air-10-purificateur-d-air\/#primaryimage"},"image":{"@id":"https:\/\/sequoiaprevention.com\/produit\/filtre-pour-air-10-purificateur-d-air\/#primaryimage"},"thumbnailUrl":"https:\/\/sequoiaprevention.com\/wp-content\/uploads\/2024\/03\/Filtre-de-remplacement-pour-AIR-10.jpg","datePublished":"2024-03-26T14:07:21+00:00","dateModified":"2026-04-29T05:43:58+00:00","description":"D\u00e9couvrez les filtres Purificateur Air10, officiellement certifi\u00e9 et 100% efficace contre le SARS-Cov-2, bact\u00e9ries, et champignons pour une protection optimale.","breadcrumb":{"@id":"https:\/\/sequoiaprevention.com\/produit\/filtre-pour-air-10-purificateur-d-air\/#breadcrumb"},"inLanguage":"es-AR","potentialAction":[{"@type":"ReadAction","target":["https:\/\/sequoiaprevention.com\/produit\/filtre-pour-air-10-purificateur-d-air\/"]}]},{"@type":"ImageObject","inLanguage":"es-AR","@id":"https:\/\/sequoiaprevention.com\/produit\/filtre-pour-air-10-purificateur-d-air\/#primaryimage","url":"https:\/\/sequoiaprevention.com\/wp-content\/uploads\/2024\/03\/Filtre-de-remplacement-pour-AIR-10.jpg","contentUrl":"https:\/\/sequoiaprevention.com\/wp-content\/uploads\/2024\/03\/Filtre-de-remplacement-pour-AIR-10.jpg","width":1000,"height":1000},{"@type":"BreadcrumbList","@id":"https:\/\/sequoiaprevention.com\/produit\/filtre-pour-air-10-purificateur-d-air\/#breadcrumb","itemListElement":[{"@type":"ListItem","position":1,"name":"Accueil","item":"https:\/\/sequoiaprevention.com\/"},{"@type":"ListItem","position":2,"name":"Boutique","item":"https:\/\/sequoiaprevention.com\/boutique\/"},{"@type":"ListItem","position":3,"name":"Filtre pour Air-10 purificateur d\u2019air"}]},{"@type":"WebSite","@id":"https:\/\/sequoiaprevention.com\/#website","url":"https:\/\/sequoiaprevention.com\/","name":"S\u00e9quoia Pr\u00e9vention","description":"Votre chemin vers le mieux-\u00eatre","potentialAction":[{"@type":"SearchAction","target":{"@type":"EntryPoint","urlTemplate":"https:\/\/sequoiaprevention.com\/?s={search_term_string}"},"query-input":"required name=search_term_string"}],"inLanguage":"es-AR"}]}},"jetpack_sharing_enabled":true,"_links":{"self":[{"href":"https:\/\/sequoiaprevention.com\/es\/wp-json\/wp\/v2\/product\/10273","targetHints":{"allow":["GET"]}}],"collection":[{"href":"https:\/\/sequoiaprevention.com\/es\/wp-json\/wp\/v2\/product"}],"about":[{"href":"https:\/\/sequoiaprevention.com\/es\/wp-json\/wp\/v2\/types\/product"}],"version-history":[{"count":2,"href":"https:\/\/sequoiaprevention.com\/es\/wp-json\/wp\/v2\/product\/10273\/revisions"}],"predecessor-version":[{"id":10318,"href":"https:\/\/sequoiaprevention.com\/es\/wp-json\/wp\/v2\/product\/10273\/revisions\/10318"}],"wp:featuredmedia":[{"embeddable":true,"href":"https:\/\/sequoiaprevention.com\/es\/wp-json\/wp\/v2\/media\/10278"}],"wp:attachment":[{"href":"https:\/\/sequoiaprevention.com\/es\/wp-json\/wp\/v2\/media?parent=10273"}],"wp:term":[{"taxonomy":"product_cat","embeddable":true,"href":"https:\/\/sequoiaprevention.com\/es\/wp-json\/wp\/v2\/product_cat?post=10273"},{"taxonomy":"product_tag","embeddable":true,"href":"https:\/\/sequoiaprevention.com\/es\/wp-json\/wp\/v2\/product_tag?post=10273"}],"curies":[{"name":"wp","href":"https:\/\/api.w.org\/{rel}","templated":true}]}}