{"id":10292,"date":"2024-03-26T15:09:30","date_gmt":"2024-03-26T15:09:30","guid":{"rendered":"https:\/\/sequoiaprevention.com\/?post_type=product&#038;p=10292"},"modified":"2026-04-17T04:47:34","modified_gmt":"2026-04-17T04:47:34","slug":"pack-d-2-filtres-pour-la-pomme-de-douche","status":"publish","type":"product","link":"https:\/\/sequoiaprevention.com\/es\/producto\/pack-d-2-filtres-pour-la-pomme-de-douche\/","title":{"rendered":"Pack de 2 cartuchos ducha"},"content":{"rendered":"<p>\u00a0<\/p>\n<p>Pack de 2 cartouches de douche de remplacement avec de la vitamine C, du collag\u00e8ne et de l&#39;huile essentielle de lavande<\/p>\n<p>Duraci\u00f3n aproximada: 3 \u2013 4 meses por cartucho.<\/p>","protected":false},"excerpt":{"rendered":"<p>Cuida tu piel y cabello, y la de los peque\u00f1os de la casa con una ducha o ba\u00f1o sin cloro, relajante gracias al aroma natural de lavanda, y con aporte de vitamina C y col\u00e1geno.<\/p>","protected":false},"featured_media":10282,"template":"","meta":[],"product_cat":[63],"product_tag":[],"class_list":{"0":"post-10292","1":"product","2":"type-product","3":"status-publish","4":"has-post-thumbnail","6":"wc_square_synced-yes","7":"product_cat-prevention","9":"first","10":"instock","11":"taxable","12":"shipping-taxable","13":"purchasable","14":"product-type-simple"},"yoast_head":"<!-- This site is optimized with the Yoast SEO plugin v22.3 - https:\/\/yoast.com\/wordpress\/plugins\/seo\/ -->\n<title>Pack de 2 filtres pour la pomme de douche | Hidrolux | S\u00e9quoia Pr\u00e9vention<\/title>\n<meta name=\"description\" content=\"Optez pour un soin complet pour peau et cheveux avec notre bain sans chlore, enrichi en vitamine C, collag\u00e8ne et parfum de lavande naturel.\" \/>\n<meta name=\"robots\" content=\"index, follow, max-snippet:-1, max-image-preview:large, max-video-preview:-1\" \/>\n<link rel=\"canonical\" href=\"https:\/\/sequoiaprevention.com\/es\/producto\/pack-d-2-filtres-pour-la-pomme-de-douche\/\" \/>\n<meta property=\"og:locale\" content=\"es_ES\" \/>\n<meta property=\"og:type\" content=\"article\" \/>\n<meta property=\"og:title\" content=\"Pack de 2 filtres pour la pomme de douche | Hidrolux | S\u00e9quoia Pr\u00e9vention\" \/>\n<meta property=\"og:description\" content=\"Optez pour un soin complet pour peau et cheveux avec notre bain sans chlore, enrichi en vitamine C, collag\u00e8ne et parfum de lavande naturel.\" \/>\n<meta property=\"og:url\" content=\"https:\/\/sequoiaprevention.com\/es\/producto\/pack-d-2-filtres-pour-la-pomme-de-douche\/\" \/>\n<meta property=\"og:site_name\" content=\"S\u00e9quoia Pr\u00e9vention\" \/>\n<meta property=\"article:modified_time\" content=\"2026-04-17T04:47:34+00:00\" \/>\n<meta property=\"og:image\" content=\"https:\/\/sequoiaprevention.com\/wp-content\/uploads\/2024\/03\/Pack-de-2-filtres-pour-la-douche.jpg\" \/>\n\t<meta property=\"og:image:width\" content=\"556\" \/>\n\t<meta property=\"og:image:height\" content=\"591\" \/>\n\t<meta property=\"og:image:type\" content=\"image\/jpeg\" \/>\n<meta name=\"twitter:card\" content=\"summary_large_image\" \/>\n<meta name=\"twitter:label1\" content=\"Tiempo de lectura\" \/>\n\t<meta name=\"twitter:data1\" content=\"1 minuto\" \/>\n<script type=\"application\/ld+json\" class=\"yoast-schema-graph\">{\"@context\":\"https:\/\/schema.org\",\"@graph\":[{\"@type\":\"WebPage\",\"@id\":\"https:\/\/sequoiaprevention.com\/produit\/pack-d-2-filtres-pour-la-pomme-de-douche\/\",\"url\":\"https:\/\/sequoiaprevention.com\/produit\/pack-d-2-filtres-pour-la-pomme-de-douche\/\",\"name\":\"Pack de 2 filtres pour la pomme de douche | Hidrolux | S\u00e9quoia Pr\u00e9vention\",\"isPartOf\":{\"@id\":\"https:\/\/sequoiaprevention.com\/#website\"},\"primaryImageOfPage\":{\"@id\":\"https:\/\/sequoiaprevention.com\/produit\/pack-d-2-filtres-pour-la-pomme-de-douche\/#primaryimage\"},\"image\":{\"@id\":\"https:\/\/sequoiaprevention.com\/produit\/pack-d-2-filtres-pour-la-pomme-de-douche\/#primaryimage\"},\"thumbnailUrl\":\"https:\/\/sequoiaprevention.com\/wp-content\/uploads\/2024\/03\/Pack-de-2-filtres-pour-la-douche.jpg\",\"datePublished\":\"2024-03-26T15:09:30+00:00\",\"dateModified\":\"2026-04-17T04:47:34+00:00\",\"description\":\"Optez pour un soin complet pour peau et cheveux avec notre bain sans chlore, enrichi en vitamine C, collag\u00e8ne et parfum de lavande naturel.\",\"breadcrumb\":{\"@id\":\"https:\/\/sequoiaprevention.com\/produit\/pack-d-2-filtres-pour-la-pomme-de-douche\/#breadcrumb\"},\"inLanguage\":\"es-AR\",\"potentialAction\":[{\"@type\":\"ReadAction\",\"target\":[\"https:\/\/sequoiaprevention.com\/produit\/pack-d-2-filtres-pour-la-pomme-de-douche\/\"]}]},{\"@type\":\"ImageObject\",\"inLanguage\":\"es-AR\",\"@id\":\"https:\/\/sequoiaprevention.com\/produit\/pack-d-2-filtres-pour-la-pomme-de-douche\/#primaryimage\",\"url\":\"https:\/\/sequoiaprevention.com\/wp-content\/uploads\/2024\/03\/Pack-de-2-filtres-pour-la-douche.jpg\",\"contentUrl\":\"https:\/\/sequoiaprevention.com\/wp-content\/uploads\/2024\/03\/Pack-de-2-filtres-pour-la-douche.jpg\",\"width\":556,\"height\":591},{\"@type\":\"BreadcrumbList\",\"@id\":\"https:\/\/sequoiaprevention.com\/produit\/pack-d-2-filtres-pour-la-pomme-de-douche\/#breadcrumb\",\"itemListElement\":[{\"@type\":\"ListItem\",\"position\":1,\"name\":\"Accueil\",\"item\":\"https:\/\/sequoiaprevention.com\/\"},{\"@type\":\"ListItem\",\"position\":2,\"name\":\"Boutique\",\"item\":\"https:\/\/sequoiaprevention.com\/boutique\/\"},{\"@type\":\"ListItem\",\"position\":3,\"name\":\"Pack de 2 filtres pour la pomme de douche\"}]},{\"@type\":\"WebSite\",\"@id\":\"https:\/\/sequoiaprevention.com\/#website\",\"url\":\"https:\/\/sequoiaprevention.com\/\",\"name\":\"S\u00e9quoia Pr\u00e9vention\",\"description\":\"Votre chemin vers le mieux-\u00eatre\",\"potentialAction\":[{\"@type\":\"SearchAction\",\"target\":{\"@type\":\"EntryPoint\",\"urlTemplate\":\"https:\/\/sequoiaprevention.com\/?s={search_term_string}\"},\"query-input\":\"required name=search_term_string\"}],\"inLanguage\":\"es-AR\"}]}<\/script>\n<!-- \/ Yoast SEO plugin. -->","yoast_head_json":{"title":"Pack de 2 filtres pour la pomme de douche | Hidrolux | S\u00e9quoia Pr\u00e9vention","description":"Optez pour un soin complet pour peau et cheveux avec notre bain sans chlore, enrichi en vitamine C, collag\u00e8ne et parfum de lavande naturel.","robots":{"index":"index","follow":"follow","max-snippet":"max-snippet:-1","max-image-preview":"max-image-preview:large","max-video-preview":"max-video-preview:-1"},"canonical":"https:\/\/sequoiaprevention.com\/es\/producto\/pack-d-2-filtres-pour-la-pomme-de-douche\/","og_locale":"es_ES","og_type":"article","og_title":"Pack de 2 filtres pour la pomme de douche | Hidrolux | S\u00e9quoia Pr\u00e9vention","og_description":"Optez pour un soin complet pour peau et cheveux avec notre bain sans chlore, enrichi en vitamine C, collag\u00e8ne et parfum de lavande naturel.","og_url":"https:\/\/sequoiaprevention.com\/es\/producto\/pack-d-2-filtres-pour-la-pomme-de-douche\/","og_site_name":"S\u00e9quoia Pr\u00e9vention","article_modified_time":"2026-04-17T04:47:34+00:00","og_image":[{"width":556,"height":591,"url":"https:\/\/sequoiaprevention.com\/wp-content\/uploads\/2024\/03\/Pack-de-2-filtres-pour-la-douche.jpg","type":"image\/jpeg"}],"twitter_card":"summary_large_image","twitter_misc":{"Tiempo de lectura":"1 minuto"},"schema":{"@context":"https:\/\/schema.org","@graph":[{"@type":"WebPage","@id":"https:\/\/sequoiaprevention.com\/produit\/pack-d-2-filtres-pour-la-pomme-de-douche\/","url":"https:\/\/sequoiaprevention.com\/produit\/pack-d-2-filtres-pour-la-pomme-de-douche\/","name":"Pack de 2 filtres pour la pomme de douche | Hidrolux | S\u00e9quoia Pr\u00e9vention","isPartOf":{"@id":"https:\/\/sequoiaprevention.com\/#website"},"primaryImageOfPage":{"@id":"https:\/\/sequoiaprevention.com\/produit\/pack-d-2-filtres-pour-la-pomme-de-douche\/#primaryimage"},"image":{"@id":"https:\/\/sequoiaprevention.com\/produit\/pack-d-2-filtres-pour-la-pomme-de-douche\/#primaryimage"},"thumbnailUrl":"https:\/\/sequoiaprevention.com\/wp-content\/uploads\/2024\/03\/Pack-de-2-filtres-pour-la-douche.jpg","datePublished":"2024-03-26T15:09:30+00:00","dateModified":"2026-04-17T04:47:34+00:00","description":"Optez pour un soin complet pour peau et cheveux avec notre bain sans chlore, enrichi en vitamine C, collag\u00e8ne et parfum de lavande naturel.","breadcrumb":{"@id":"https:\/\/sequoiaprevention.com\/produit\/pack-d-2-filtres-pour-la-pomme-de-douche\/#breadcrumb"},"inLanguage":"es-AR","potentialAction":[{"@type":"ReadAction","target":["https:\/\/sequoiaprevention.com\/produit\/pack-d-2-filtres-pour-la-pomme-de-douche\/"]}]},{"@type":"ImageObject","inLanguage":"es-AR","@id":"https:\/\/sequoiaprevention.com\/produit\/pack-d-2-filtres-pour-la-pomme-de-douche\/#primaryimage","url":"https:\/\/sequoiaprevention.com\/wp-content\/uploads\/2024\/03\/Pack-de-2-filtres-pour-la-douche.jpg","contentUrl":"https:\/\/sequoiaprevention.com\/wp-content\/uploads\/2024\/03\/Pack-de-2-filtres-pour-la-douche.jpg","width":556,"height":591},{"@type":"BreadcrumbList","@id":"https:\/\/sequoiaprevention.com\/produit\/pack-d-2-filtres-pour-la-pomme-de-douche\/#breadcrumb","itemListElement":[{"@type":"ListItem","position":1,"name":"Accueil","item":"https:\/\/sequoiaprevention.com\/"},{"@type":"ListItem","position":2,"name":"Boutique","item":"https:\/\/sequoiaprevention.com\/boutique\/"},{"@type":"ListItem","position":3,"name":"Pack de 2 filtres pour la pomme de douche"}]},{"@type":"WebSite","@id":"https:\/\/sequoiaprevention.com\/#website","url":"https:\/\/sequoiaprevention.com\/","name":"S\u00e9quoia Pr\u00e9vention","description":"Votre chemin vers le mieux-\u00eatre","potentialAction":[{"@type":"SearchAction","target":{"@type":"EntryPoint","urlTemplate":"https:\/\/sequoiaprevention.com\/?s={search_term_string}"},"query-input":"required name=search_term_string"}],"inLanguage":"es-AR"}]}},"jetpack_sharing_enabled":true,"_links":{"self":[{"href":"https:\/\/sequoiaprevention.com\/es\/wp-json\/wp\/v2\/product\/10292","targetHints":{"allow":["GET"]}}],"collection":[{"href":"https:\/\/sequoiaprevention.com\/es\/wp-json\/wp\/v2\/product"}],"about":[{"href":"https:\/\/sequoiaprevention.com\/es\/wp-json\/wp\/v2\/types\/product"}],"version-history":[{"count":2,"href":"https:\/\/sequoiaprevention.com\/es\/wp-json\/wp\/v2\/product\/10292\/revisions"}],"predecessor-version":[{"id":10316,"href":"https:\/\/sequoiaprevention.com\/es\/wp-json\/wp\/v2\/product\/10292\/revisions\/10316"}],"wp:featuredmedia":[{"embeddable":true,"href":"https:\/\/sequoiaprevention.com\/es\/wp-json\/wp\/v2\/media\/10282"}],"wp:attachment":[{"href":"https:\/\/sequoiaprevention.com\/es\/wp-json\/wp\/v2\/media?parent=10292"}],"wp:term":[{"taxonomy":"product_cat","embeddable":true,"href":"https:\/\/sequoiaprevention.com\/es\/wp-json\/wp\/v2\/product_cat?post=10292"},{"taxonomy":"product_tag","embeddable":true,"href":"https:\/\/sequoiaprevention.com\/es\/wp-json\/wp\/v2\/product_tag?post=10292"}],"curies":[{"name":"wp","href":"https:\/\/api.w.org\/{rel}","templated":true}]}}