{"id":4960,"date":"2021-07-30T14:17:46","date_gmt":"2021-07-30T14:17:46","guid":{"rendered":"https:\/\/sequoiaprevention.com\/?post_type=product&#038;p=4960"},"modified":"2026-04-15T20:58:10","modified_gmt":"2026-04-15T20:58:10","slug":"douche-therapeutique-waters","status":"publish","type":"product","link":"https:\/\/sequoiaprevention.com\/es\/producto\/douche-therapeutique-waters\/","title":{"rendered":"Flor de ducha terap\u00e9utica WATERS"},"content":{"rendered":"<p><div>&#13;<\/p>\n<p>&#13;<\/p>\n<p>\u00a0&#13;<\/p>\n<p>&#13;<\/p>\n<p><strong>Beneficios<\/strong>&#13;<\/p>\n<p>&#13;<\/p>\n<p>La cartouche permet d\u2019ajouter \u00e0 l\u2019eau de la vitamine C, du collag\u00e8ne et de l\u2019huile essentielle de lavande naturelle.&#13;<\/p>\n<p><ul>&#13;<\/p>\n<li>&#13;<\/p>\n<p><ul>&#13;<\/p>\n<li>La vitamina C es un fotoprotector biol\u00f3gico de amplio espectro, que neutraliza los radicales libres inducidos por los rayos solares. Adem\u00e1s, reduce la profundidad de las arrugas, alisa, nutre e hidrata la piel y mejora su brillo y belleza.<\/li>\n<p>&#13;<\/p>\n<li>La vitamina C tambi\u00e9n estimula la s\u00edntesis y reparaci\u00f3n del col\u00e1geno d\u00e9rmico da\u00f1ado.<\/li>\n<p>&#13;<\/p>\n<li>El col\u00e1geno act\u00faa como un reconstituyente de la capa superficial de la piel y aumenta su elasticidad al remplazar las c\u00e9lulas muertas.<\/li>\n<p>&#13;<\/p>\n<li>El cartucho proporciona un suministro continuo de aceite esencial natural de lavanda francesa, que ayuda a relajarse y manejar el estr\u00e9s.<\/li>\n<p>&#13;<\/p>\n<\/ul>\n<p>&#13;<\/p>\n<\/li>\n<p>&#13;<\/p>\n<\/ul>\n<p>&#13;<\/p>\n<\/div>","protected":false},"excerpt":{"rendered":"<p>Este nuevo concepto de flor de ducha con cartucho multifunci\u00f3n ofrece un agua si cloro, que, por lo tanto, contrarresta sus efectos nocivos en la piel y reduce la ca\u00edda del cabello, adem\u00e1s de ayudar a restaurar la elasticidad y frescura de la epidermis.<\/p>\n<ul>\n<li>Ofrece la misma presi\u00f3n que una ducha est\u00e1ndar, pero consume hasta la mitad de agua, un gran ahorro<\/li>\n<li>Cartucho que ofrece un suministro continuo de agua con vitamina C, col\u00e1geno y aceite esencial de lavanda<\/li>\n<li>Conector est\u00e1ndar que permite instalarla en cualquier manguera de ducha con conector flexible del mercado<\/li>\n<li>Larga vida \u00fatil (aproximadamente 10.000 L\/4 meses)<\/li>\n<\/ul>","protected":false},"featured_media":4963,"template":"","meta":[],"product_cat":[63],"product_tag":[],"class_list":{"0":"post-4960","1":"product","2":"type-product","3":"status-publish","4":"has-post-thumbnail","6":"wc_square_synced-yes","7":"product_cat-prevention","8":"product_brand-hidrolux","10":"first","11":"instock","12":"taxable","13":"shipping-taxable","14":"purchasable","15":"product-type-simple"},"yoast_head":"<!-- This site is optimized with the Yoast SEO plugin v22.3 - https:\/\/yoast.com\/wordpress\/plugins\/seo\/ -->\n<title>S\u00c9QUOIA | Pomme de douche th\u00e9rapeutique WATERS<\/title>\n<meta name=\"description\" content=\"Contrez les effets nocifs du chlore et restaurez la fra\u00eecheur et l&#039;\u00e9lasticit\u00e9 de votre peau tout en consommant moins d&#039;eau! La pomme de douche id\u00e9ale!\" \/>\n<meta name=\"robots\" content=\"index, follow, max-snippet:-1, max-image-preview:large, max-video-preview:-1\" \/>\n<link rel=\"canonical\" href=\"https:\/\/sequoiaprevention.com\/es\/producto\/douche-therapeutique-waters\/\" \/>\n<meta property=\"og:locale\" content=\"es_ES\" \/>\n<meta property=\"og:type\" content=\"article\" \/>\n<meta property=\"og:title\" content=\"S\u00c9QUOIA | Pomme de douche th\u00e9rapeutique WATERS\" \/>\n<meta property=\"og:description\" content=\"Contrez les effets nocifs du chlore et restaurez la fra\u00eecheur et l&#039;\u00e9lasticit\u00e9 de votre peau tout en consommant moins d&#039;eau! La pomme de douche id\u00e9ale!\" \/>\n<meta property=\"og:url\" content=\"https:\/\/sequoiaprevention.com\/es\/producto\/douche-therapeutique-waters\/\" \/>\n<meta property=\"og:site_name\" content=\"S\u00e9quoia Pr\u00e9vention\" \/>\n<meta property=\"article:modified_time\" content=\"2026-04-15T20:58:10+00:00\" \/>\n<meta property=\"og:image\" content=\"https:\/\/sequoiaprevention.com\/wp-content\/uploads\/2021\/07\/ducha3.jpg\" \/>\n\t<meta property=\"og:image:width\" content=\"500\" \/>\n\t<meta property=\"og:image:height\" content=\"500\" \/>\n\t<meta property=\"og:image:type\" content=\"image\/jpeg\" \/>\n<meta name=\"twitter:card\" content=\"summary_large_image\" \/>\n<meta name=\"twitter:label1\" content=\"Tiempo de lectura\" \/>\n\t<meta name=\"twitter:data1\" content=\"1 minuto\" \/>\n<script type=\"application\/ld+json\" class=\"yoast-schema-graph\">{\"@context\":\"https:\/\/schema.org\",\"@graph\":[{\"@type\":\"WebPage\",\"@id\":\"https:\/\/sequoiaprevention.com\/produit\/douche-therapeutique-waters\/\",\"url\":\"https:\/\/sequoiaprevention.com\/produit\/douche-therapeutique-waters\/\",\"name\":\"S\u00c9QUOIA | Pomme de douche th\u00e9rapeutique WATERS\",\"isPartOf\":{\"@id\":\"https:\/\/sequoiaprevention.com\/#website\"},\"primaryImageOfPage\":{\"@id\":\"https:\/\/sequoiaprevention.com\/produit\/douche-therapeutique-waters\/#primaryimage\"},\"image\":{\"@id\":\"https:\/\/sequoiaprevention.com\/produit\/douche-therapeutique-waters\/#primaryimage\"},\"thumbnailUrl\":\"https:\/\/sequoiaprevention.com\/wp-content\/uploads\/2021\/07\/ducha3.jpg\",\"datePublished\":\"2021-07-30T14:17:46+00:00\",\"dateModified\":\"2026-04-15T20:58:10+00:00\",\"description\":\"Contrez les effets nocifs du chlore et restaurez la fra\u00eecheur et l'\u00e9lasticit\u00e9 de votre peau tout en consommant moins d'eau! La pomme de douche id\u00e9ale!\",\"breadcrumb\":{\"@id\":\"https:\/\/sequoiaprevention.com\/produit\/douche-therapeutique-waters\/#breadcrumb\"},\"inLanguage\":\"es-AR\",\"potentialAction\":[{\"@type\":\"ReadAction\",\"target\":[\"https:\/\/sequoiaprevention.com\/produit\/douche-therapeutique-waters\/\"]}]},{\"@type\":\"ImageObject\",\"inLanguage\":\"es-AR\",\"@id\":\"https:\/\/sequoiaprevention.com\/produit\/douche-therapeutique-waters\/#primaryimage\",\"url\":\"https:\/\/sequoiaprevention.com\/wp-content\/uploads\/2021\/07\/ducha3.jpg\",\"contentUrl\":\"https:\/\/sequoiaprevention.com\/wp-content\/uploads\/2021\/07\/ducha3.jpg\",\"width\":500,\"height\":500},{\"@type\":\"BreadcrumbList\",\"@id\":\"https:\/\/sequoiaprevention.com\/produit\/douche-therapeutique-waters\/#breadcrumb\",\"itemListElement\":[{\"@type\":\"ListItem\",\"position\":1,\"name\":\"Accueil\",\"item\":\"https:\/\/sequoiaprevention.com\/\"},{\"@type\":\"ListItem\",\"position\":2,\"name\":\"Boutique\",\"item\":\"https:\/\/sequoiaprevention.com\/boutique\/\"},{\"@type\":\"ListItem\",\"position\":3,\"name\":\"Pomme de douche th\u00e9rapeutique WATERS\"}]},{\"@type\":\"WebSite\",\"@id\":\"https:\/\/sequoiaprevention.com\/#website\",\"url\":\"https:\/\/sequoiaprevention.com\/\",\"name\":\"S\u00e9quoia Pr\u00e9vention\",\"description\":\"Votre chemin vers le mieux-\u00eatre\",\"potentialAction\":[{\"@type\":\"SearchAction\",\"target\":{\"@type\":\"EntryPoint\",\"urlTemplate\":\"https:\/\/sequoiaprevention.com\/?s={search_term_string}\"},\"query-input\":\"required name=search_term_string\"}],\"inLanguage\":\"es-AR\"}]}<\/script>\n<!-- \/ Yoast SEO plugin. -->","yoast_head_json":{"title":"S\u00c9QUOIA | Pomme de douche th\u00e9rapeutique WATERS","description":"Contrez les effets nocifs du chlore et restaurez la fra\u00eecheur et l'\u00e9lasticit\u00e9 de votre peau tout en consommant moins d'eau! La pomme de douche id\u00e9ale!","robots":{"index":"index","follow":"follow","max-snippet":"max-snippet:-1","max-image-preview":"max-image-preview:large","max-video-preview":"max-video-preview:-1"},"canonical":"https:\/\/sequoiaprevention.com\/es\/producto\/douche-therapeutique-waters\/","og_locale":"es_ES","og_type":"article","og_title":"S\u00c9QUOIA | Pomme de douche th\u00e9rapeutique WATERS","og_description":"Contrez les effets nocifs du chlore et restaurez la fra\u00eecheur et l'\u00e9lasticit\u00e9 de votre peau tout en consommant moins d'eau! La pomme de douche id\u00e9ale!","og_url":"https:\/\/sequoiaprevention.com\/es\/producto\/douche-therapeutique-waters\/","og_site_name":"S\u00e9quoia Pr\u00e9vention","article_modified_time":"2026-04-15T20:58:10+00:00","og_image":[{"width":500,"height":500,"url":"https:\/\/sequoiaprevention.com\/wp-content\/uploads\/2021\/07\/ducha3.jpg","type":"image\/jpeg"}],"twitter_card":"summary_large_image","twitter_misc":{"Tiempo de lectura":"1 minuto"},"schema":{"@context":"https:\/\/schema.org","@graph":[{"@type":"WebPage","@id":"https:\/\/sequoiaprevention.com\/produit\/douche-therapeutique-waters\/","url":"https:\/\/sequoiaprevention.com\/produit\/douche-therapeutique-waters\/","name":"S\u00c9QUOIA | Pomme de douche th\u00e9rapeutique WATERS","isPartOf":{"@id":"https:\/\/sequoiaprevention.com\/#website"},"primaryImageOfPage":{"@id":"https:\/\/sequoiaprevention.com\/produit\/douche-therapeutique-waters\/#primaryimage"},"image":{"@id":"https:\/\/sequoiaprevention.com\/produit\/douche-therapeutique-waters\/#primaryimage"},"thumbnailUrl":"https:\/\/sequoiaprevention.com\/wp-content\/uploads\/2021\/07\/ducha3.jpg","datePublished":"2021-07-30T14:17:46+00:00","dateModified":"2026-04-15T20:58:10+00:00","description":"Contrez les effets nocifs du chlore et restaurez la fra\u00eecheur et l'\u00e9lasticit\u00e9 de votre peau tout en consommant moins d'eau! La pomme de douche id\u00e9ale!","breadcrumb":{"@id":"https:\/\/sequoiaprevention.com\/produit\/douche-therapeutique-waters\/#breadcrumb"},"inLanguage":"es-AR","potentialAction":[{"@type":"ReadAction","target":["https:\/\/sequoiaprevention.com\/produit\/douche-therapeutique-waters\/"]}]},{"@type":"ImageObject","inLanguage":"es-AR","@id":"https:\/\/sequoiaprevention.com\/produit\/douche-therapeutique-waters\/#primaryimage","url":"https:\/\/sequoiaprevention.com\/wp-content\/uploads\/2021\/07\/ducha3.jpg","contentUrl":"https:\/\/sequoiaprevention.com\/wp-content\/uploads\/2021\/07\/ducha3.jpg","width":500,"height":500},{"@type":"BreadcrumbList","@id":"https:\/\/sequoiaprevention.com\/produit\/douche-therapeutique-waters\/#breadcrumb","itemListElement":[{"@type":"ListItem","position":1,"name":"Accueil","item":"https:\/\/sequoiaprevention.com\/"},{"@type":"ListItem","position":2,"name":"Boutique","item":"https:\/\/sequoiaprevention.com\/boutique\/"},{"@type":"ListItem","position":3,"name":"Pomme de douche th\u00e9rapeutique WATERS"}]},{"@type":"WebSite","@id":"https:\/\/sequoiaprevention.com\/#website","url":"https:\/\/sequoiaprevention.com\/","name":"S\u00e9quoia Pr\u00e9vention","description":"Votre chemin vers le mieux-\u00eatre","potentialAction":[{"@type":"SearchAction","target":{"@type":"EntryPoint","urlTemplate":"https:\/\/sequoiaprevention.com\/?s={search_term_string}"},"query-input":"required name=search_term_string"}],"inLanguage":"es-AR"}]}},"jetpack_sharing_enabled":true,"_links":{"self":[{"href":"https:\/\/sequoiaprevention.com\/es\/wp-json\/wp\/v2\/product\/4960","targetHints":{"allow":["GET"]}}],"collection":[{"href":"https:\/\/sequoiaprevention.com\/es\/wp-json\/wp\/v2\/product"}],"about":[{"href":"https:\/\/sequoiaprevention.com\/es\/wp-json\/wp\/v2\/types\/product"}],"version-history":[{"count":7,"href":"https:\/\/sequoiaprevention.com\/es\/wp-json\/wp\/v2\/product\/4960\/revisions"}],"predecessor-version":[{"id":10310,"href":"https:\/\/sequoiaprevention.com\/es\/wp-json\/wp\/v2\/product\/4960\/revisions\/10310"}],"wp:featuredmedia":[{"embeddable":true,"href":"https:\/\/sequoiaprevention.com\/es\/wp-json\/wp\/v2\/media\/4963"}],"wp:attachment":[{"href":"https:\/\/sequoiaprevention.com\/es\/wp-json\/wp\/v2\/media?parent=4960"}],"wp:term":[{"taxonomy":"product_cat","embeddable":true,"href":"https:\/\/sequoiaprevention.com\/es\/wp-json\/wp\/v2\/product_cat?post=4960"},{"taxonomy":"product_tag","embeddable":true,"href":"https:\/\/sequoiaprevention.com\/es\/wp-json\/wp\/v2\/product_tag?post=4960"}],"curies":[{"name":"wp","href":"https:\/\/api.w.org\/{rel}","templated":true}]}}