{"id":4966,"date":"2021-07-30T14:19:10","date_gmt":"2021-07-30T14:19:10","guid":{"rendered":"https:\/\/sequoiaprevention.com\/?post_type=product&#038;p=4966"},"modified":"2026-04-17T01:19:32","modified_gmt":"2026-04-17T01:19:32","slug":"air-10","status":"publish","type":"product","link":"https:\/\/sequoiaprevention.com\/es\/producto\/air-10\/","title":{"rendered":"Purificador de aire"},"content":{"rendered":"<p>\u00a0&#13;<\/p>\n<p>&#13;<\/p>\n<p><strong>Caracter\u00edsticas<\/strong>&#13;<\/p>\n<p><ul>&#13;<\/p>\n<li>Panel t\u00e1ctil<\/li>\n<p>&#13;<\/p>\n<li>Temporizador<\/li>\n<p>&#13;<\/p>\n<li>Tres velocidades de emisi\u00f3n de aire<\/li>\n<p>&#13;<\/p>\n<li>Indicador de la calidad del aire<\/li>\n<p>&#13;<\/p>\n<li>Sistema autom\u00e1tico inteligente<\/li>\n<p>&#13;<\/p>\n<li>Sistema de aviso de cambio de filtro<\/li>\n<p>&#13;<\/p>\n<\/ul>\n<p>&#13;<\/p>\n<p><strong>Tecnolog\u00eda de purificaci\u00f3n\u00a0<\/strong>&#13;<\/p>\n<p><ul>&#13;<\/p>\n<li><strong>Filtro de carb\u00f3n activado:<\/strong> Absorbe r\u00e1pidamente los olores de descomposici\u00f3n, formaldeh\u00eddo, benceno, amon\u00edaco, humo, etc.<\/li>\n<p>&#13;<\/p>\n<li><strong>Filtro H13 Hepa:<\/strong> Elimina el 99,95 % de mohos, polvo, al\u00e9rgenos y bacterias.<\/li>\n<p>&#13;<\/p>\n<li><strong>L\u00e1mpara UV-C:<\/strong> Destruye los virus y bacterias para esterilizar el aire.<\/li>\n<p>&#13;<\/p>\n<li><strong>Filtro antibacteriano:<\/strong> Elimina las part\u00edculas finas, los \u00e1caros, los microbios y las bacterias.<\/li>\n<p>&#13;<\/p>\n<li><strong>Filtro fotocatalizador:<\/strong> Catalizador de formaldeh\u00eddo, de benceno.<\/li>\n<p>&#13;<\/p>\n<li><strong>Generador de iones:<\/strong> Mejora la calidad del aire y multiplica los beneficios para la salud.<\/li>\n<p>&#13;<\/p>\n<\/ul>\n<p>&#13;<\/p>\n<p><strong>Funcionamiento<\/strong>&#13;<\/p>\n<p><ul>&#13;<\/p>\n<li><strong>Esterilizaci\u00f3n por l\u00e1mpara UV-C y fotocat\u00e1lisis:<\/strong> El purificador Air10 contiene una l\u00e1mpara UV-C con una longitud de onda de 253,7 nm, que esteriliza el aire y destruye las bacterias, los hongos y las esporas e inactiva los virus, son liberar ozono.<\/li>\n<p>&#13;<\/p>\n<li><strong>Generador de iones:<\/strong> El purificador Air10 produce 8 millones\/cm3 de iones negativos, que son extremadamente eficaces en la neutralizaci\u00f3n de los contaminantes suspendidos en el aire, ya que se enlazan con las part\u00edculas con carga positiva, las cuales se hacen m\u00e1s pesadas, y esto permite que el filtro HEPA las atrape con mayor facilidad.<\/li>\n<p>&#13;<\/p>\n<\/ul>","protected":false},"excerpt":{"rendered":"<p>Este purificador de aire es ideal para mantener una excelente calidad de aire en todos los espacios personales: en casas, oficinas, centros educativos, hoteles, bancos, comercios, cl\u00ednicas, etc.<\/p>\n<ul>\n<li>Aparato filtrante gracias a 6 tecnolog\u00edas integradas en un solo dispositivo<\/li>\n<li>Producto probado en laboratorio con una eficacia del 100 % en la eliminaci\u00f3n de bacterias, virus (incluido el SARS-CoV-2) y hongos, en menos de 5 minutos<\/li>\n<li>Purificador que adapta su velocidad al nivel de contaminaci\u00f3n en tiempo real<\/li>\n<li>Ajuste autom\u00e1tico de la velocidad del ventilador en funci\u00f3n de la calidad del aire detectada en tiempo real<\/li>\n<li>Nivel sonoro m\u00ednimo<\/li>\n<li>Modo \u201cNocturno\u201d programable con temporizador<\/li>\n<\/ul>","protected":false},"featured_media":5779,"template":"","meta":[],"product_cat":[63],"product_tag":[],"class_list":{"0":"post-4966","1":"product","2":"type-product","3":"status-publish","4":"has-post-thumbnail","6":"wc_square_synced-yes","7":"product_cat-prevention","8":"product_brand-hidrolux","10":"first","11":"instock","12":"taxable","13":"shipping-taxable","14":"purchasable","15":"product-type-simple"},"yoast_head":"<!-- This site is optimized with the Yoast SEO plugin v22.3 - https:\/\/yoast.com\/wordpress\/plugins\/seo\/ -->\n<title>S\u00c9QUOIA | Purificateur Air10<\/title>\n<meta name=\"description\" content=\"Rehaussez la puret\u00e9 de l&#039;air circulant dans vos espaces de vie! Optez pour le purificateur Air10, con\u00e7u pour \u00e9liminer bact\u00e9ries, virus et champignons.\" \/>\n<meta name=\"robots\" content=\"index, follow, max-snippet:-1, max-image-preview:large, max-video-preview:-1\" \/>\n<link rel=\"canonical\" href=\"https:\/\/sequoiaprevention.com\/es\/producto\/air-10\/\" \/>\n<meta property=\"og:locale\" content=\"es_ES\" \/>\n<meta property=\"og:type\" content=\"article\" \/>\n<meta property=\"og:title\" content=\"S\u00c9QUOIA | Purificateur Air10\" \/>\n<meta property=\"og:description\" content=\"Rehaussez la puret\u00e9 de l&#039;air circulant dans vos espaces de vie! Optez pour le purificateur Air10, con\u00e7u pour \u00e9liminer bact\u00e9ries, virus et champignons.\" \/>\n<meta property=\"og:url\" content=\"https:\/\/sequoiaprevention.com\/es\/producto\/air-10\/\" \/>\n<meta property=\"og:site_name\" content=\"S\u00e9quoia Pr\u00e9vention\" \/>\n<meta property=\"article:modified_time\" content=\"2026-04-17T01:19:32+00:00\" \/>\n<meta property=\"og:image\" content=\"https:\/\/sequoiaprevention.com\/wp-content\/uploads\/2021\/09\/HAMELIN__22746-scaled.jpg\" \/>\n\t<meta property=\"og:image:width\" content=\"2560\" \/>\n\t<meta property=\"og:image:height\" content=\"1707\" \/>\n\t<meta property=\"og:image:type\" content=\"image\/jpeg\" \/>\n<meta name=\"twitter:card\" content=\"summary_large_image\" \/>\n<meta name=\"twitter:label1\" content=\"Tiempo de lectura\" \/>\n\t<meta name=\"twitter:data1\" content=\"1 minuto\" \/>\n<script type=\"application\/ld+json\" class=\"yoast-schema-graph\">{\"@context\":\"https:\/\/schema.org\",\"@graph\":[{\"@type\":\"WebPage\",\"@id\":\"https:\/\/sequoiaprevention.com\/produit\/air-10\/\",\"url\":\"https:\/\/sequoiaprevention.com\/produit\/air-10\/\",\"name\":\"S\u00c9QUOIA | Purificateur Air10\",\"isPartOf\":{\"@id\":\"https:\/\/sequoiaprevention.com\/#website\"},\"primaryImageOfPage\":{\"@id\":\"https:\/\/sequoiaprevention.com\/produit\/air-10\/#primaryimage\"},\"image\":{\"@id\":\"https:\/\/sequoiaprevention.com\/produit\/air-10\/#primaryimage\"},\"thumbnailUrl\":\"https:\/\/sequoiaprevention.com\/wp-content\/uploads\/2021\/09\/HAMELIN__22746-scaled.jpg\",\"datePublished\":\"2021-07-30T14:19:10+00:00\",\"dateModified\":\"2026-04-17T01:19:32+00:00\",\"description\":\"Rehaussez la puret\u00e9 de l'air circulant dans vos espaces de vie! Optez pour le purificateur Air10, con\u00e7u pour \u00e9liminer bact\u00e9ries, virus et champignons.\",\"breadcrumb\":{\"@id\":\"https:\/\/sequoiaprevention.com\/produit\/air-10\/#breadcrumb\"},\"inLanguage\":\"es-AR\",\"potentialAction\":[{\"@type\":\"ReadAction\",\"target\":[\"https:\/\/sequoiaprevention.com\/produit\/air-10\/\"]}]},{\"@type\":\"ImageObject\",\"inLanguage\":\"es-AR\",\"@id\":\"https:\/\/sequoiaprevention.com\/produit\/air-10\/#primaryimage\",\"url\":\"https:\/\/sequoiaprevention.com\/wp-content\/uploads\/2021\/09\/HAMELIN__22746-scaled.jpg\",\"contentUrl\":\"https:\/\/sequoiaprevention.com\/wp-content\/uploads\/2021\/09\/HAMELIN__22746-scaled.jpg\",\"width\":2560,\"height\":1707},{\"@type\":\"BreadcrumbList\",\"@id\":\"https:\/\/sequoiaprevention.com\/produit\/air-10\/#breadcrumb\",\"itemListElement\":[{\"@type\":\"ListItem\",\"position\":1,\"name\":\"Accueil\",\"item\":\"https:\/\/sequoiaprevention.com\/\"},{\"@type\":\"ListItem\",\"position\":2,\"name\":\"Boutique\",\"item\":\"https:\/\/sequoiaprevention.com\/boutique\/\"},{\"@type\":\"ListItem\",\"position\":3,\"name\":\"Purificateur d\u2019air\"}]},{\"@type\":\"WebSite\",\"@id\":\"https:\/\/sequoiaprevention.com\/#website\",\"url\":\"https:\/\/sequoiaprevention.com\/\",\"name\":\"S\u00e9quoia Pr\u00e9vention\",\"description\":\"Votre chemin vers le mieux-\u00eatre\",\"potentialAction\":[{\"@type\":\"SearchAction\",\"target\":{\"@type\":\"EntryPoint\",\"urlTemplate\":\"https:\/\/sequoiaprevention.com\/?s={search_term_string}\"},\"query-input\":\"required name=search_term_string\"}],\"inLanguage\":\"es-AR\"}]}<\/script>\n<!-- \/ Yoast SEO plugin. -->","yoast_head_json":{"title":"S\u00c9QUOIA | Purificateur Air10","description":"Rehaussez la puret\u00e9 de l'air circulant dans vos espaces de vie! Optez pour le purificateur Air10, con\u00e7u pour \u00e9liminer bact\u00e9ries, virus et champignons.","robots":{"index":"index","follow":"follow","max-snippet":"max-snippet:-1","max-image-preview":"max-image-preview:large","max-video-preview":"max-video-preview:-1"},"canonical":"https:\/\/sequoiaprevention.com\/es\/producto\/air-10\/","og_locale":"es_ES","og_type":"article","og_title":"S\u00c9QUOIA | Purificateur Air10","og_description":"Rehaussez la puret\u00e9 de l'air circulant dans vos espaces de vie! Optez pour le purificateur Air10, con\u00e7u pour \u00e9liminer bact\u00e9ries, virus et champignons.","og_url":"https:\/\/sequoiaprevention.com\/es\/producto\/air-10\/","og_site_name":"S\u00e9quoia Pr\u00e9vention","article_modified_time":"2026-04-17T01:19:32+00:00","og_image":[{"width":2560,"height":1707,"url":"https:\/\/sequoiaprevention.com\/wp-content\/uploads\/2021\/09\/HAMELIN__22746-scaled.jpg","type":"image\/jpeg"}],"twitter_card":"summary_large_image","twitter_misc":{"Tiempo de lectura":"1 minuto"},"schema":{"@context":"https:\/\/schema.org","@graph":[{"@type":"WebPage","@id":"https:\/\/sequoiaprevention.com\/produit\/air-10\/","url":"https:\/\/sequoiaprevention.com\/produit\/air-10\/","name":"S\u00c9QUOIA | Purificateur Air10","isPartOf":{"@id":"https:\/\/sequoiaprevention.com\/#website"},"primaryImageOfPage":{"@id":"https:\/\/sequoiaprevention.com\/produit\/air-10\/#primaryimage"},"image":{"@id":"https:\/\/sequoiaprevention.com\/produit\/air-10\/#primaryimage"},"thumbnailUrl":"https:\/\/sequoiaprevention.com\/wp-content\/uploads\/2021\/09\/HAMELIN__22746-scaled.jpg","datePublished":"2021-07-30T14:19:10+00:00","dateModified":"2026-04-17T01:19:32+00:00","description":"Rehaussez la puret\u00e9 de l'air circulant dans vos espaces de vie! Optez pour le purificateur Air10, con\u00e7u pour \u00e9liminer bact\u00e9ries, virus et champignons.","breadcrumb":{"@id":"https:\/\/sequoiaprevention.com\/produit\/air-10\/#breadcrumb"},"inLanguage":"es-AR","potentialAction":[{"@type":"ReadAction","target":["https:\/\/sequoiaprevention.com\/produit\/air-10\/"]}]},{"@type":"ImageObject","inLanguage":"es-AR","@id":"https:\/\/sequoiaprevention.com\/produit\/air-10\/#primaryimage","url":"https:\/\/sequoiaprevention.com\/wp-content\/uploads\/2021\/09\/HAMELIN__22746-scaled.jpg","contentUrl":"https:\/\/sequoiaprevention.com\/wp-content\/uploads\/2021\/09\/HAMELIN__22746-scaled.jpg","width":2560,"height":1707},{"@type":"BreadcrumbList","@id":"https:\/\/sequoiaprevention.com\/produit\/air-10\/#breadcrumb","itemListElement":[{"@type":"ListItem","position":1,"name":"Accueil","item":"https:\/\/sequoiaprevention.com\/"},{"@type":"ListItem","position":2,"name":"Boutique","item":"https:\/\/sequoiaprevention.com\/boutique\/"},{"@type":"ListItem","position":3,"name":"Purificateur d\u2019air"}]},{"@type":"WebSite","@id":"https:\/\/sequoiaprevention.com\/#website","url":"https:\/\/sequoiaprevention.com\/","name":"S\u00e9quoia Pr\u00e9vention","description":"Votre chemin vers le mieux-\u00eatre","potentialAction":[{"@type":"SearchAction","target":{"@type":"EntryPoint","urlTemplate":"https:\/\/sequoiaprevention.com\/?s={search_term_string}"},"query-input":"required name=search_term_string"}],"inLanguage":"es-AR"}]}},"jetpack_sharing_enabled":true,"_links":{"self":[{"href":"https:\/\/sequoiaprevention.com\/es\/wp-json\/wp\/v2\/product\/4966","targetHints":{"allow":["GET"]}}],"collection":[{"href":"https:\/\/sequoiaprevention.com\/es\/wp-json\/wp\/v2\/product"}],"about":[{"href":"https:\/\/sequoiaprevention.com\/es\/wp-json\/wp\/v2\/types\/product"}],"version-history":[{"count":11,"href":"https:\/\/sequoiaprevention.com\/es\/wp-json\/wp\/v2\/product\/4966\/revisions"}],"predecessor-version":[{"id":10309,"href":"https:\/\/sequoiaprevention.com\/es\/wp-json\/wp\/v2\/product\/4966\/revisions\/10309"}],"wp:featuredmedia":[{"embeddable":true,"href":"https:\/\/sequoiaprevention.com\/es\/wp-json\/wp\/v2\/media\/5779"}],"wp:attachment":[{"href":"https:\/\/sequoiaprevention.com\/es\/wp-json\/wp\/v2\/media?parent=4966"}],"wp:term":[{"taxonomy":"product_cat","embeddable":true,"href":"https:\/\/sequoiaprevention.com\/es\/wp-json\/wp\/v2\/product_cat?post=4966"},{"taxonomy":"product_tag","embeddable":true,"href":"https:\/\/sequoiaprevention.com\/es\/wp-json\/wp\/v2\/product_tag?post=4966"}],"curies":[{"name":"wp","href":"https:\/\/api.w.org\/{rel}","templated":true}]}}