{"id":4999,"date":"2021-07-30T14:25:42","date_gmt":"2021-07-30T14:25:42","guid":{"rendered":"https:\/\/sequoiaprevention.com\/?post_type=product&#038;p=4999"},"modified":"2026-04-17T06:07:20","modified_gmt":"2026-04-17T06:07:20","slug":"emf-sequoia-wifi","status":"publish","type":"product","link":"https:\/\/sequoiaprevention.com\/es\/producto\/emf-sequoia-wifi\/","title":{"rendered":"Esfera de protecci\u00f3n dom\u00e9stica"},"content":{"rendered":"","protected":false},"excerpt":{"rendered":"<p>La esfera de protecci\u00f3n dom\u00e9stica EMF-S\u00e9quoia evita que las ondas fragmentadas provenientes de las redes inal\u00e1mbricas da\u00f1en la salud, ya que bloquea sus efectos nefastos.\nHa sido dise\u00f1ada para proteger a las personas en su hogar o en la oficina, donde las redes emiten permanentemente.<\/p>\n<ul>\n<li>Debe colocarse entre la persona y las fuentes de emisi\u00f3n, de preferencia, en el centro del espacio personal o de trabajo para optimizar la protecci\u00f3n<\/li>\n<li>Protecci\u00f3n que cubre la superficie de un departamento mediano (de 20 a 25 m de di\u00e1metro)<\/li>\n<li>Vida \u00fatil de aproximadamente 24 meses, desde el inicio de la exposici\u00f3n a las ondas de las redes inal\u00e1mbricas<\/li>\n<li>No requiere conexi\u00f3n a un enchufe<\/li>\n<li>No separar la base de la esfera<\/li>\n<\/ul>","protected":false},"featured_media":5761,"template":"","meta":[],"product_cat":[59],"product_tag":[73],"class_list":{"0":"post-4999","1":"product","2":"type-product","3":"status-publish","4":"has-post-thumbnail","6":"wc_square_synced-yes","7":"product_cat-protection","8":"product_tag-emf-sequoia","9":"product_brand-emf","11":"first","12":"instock","13":"taxable","14":"shipping-taxable","15":"purchasable","16":"product-type-simple"},"yoast_head":"<!-- This site is optimized with the Yoast SEO plugin v22.3 - https:\/\/yoast.com\/wordpress\/plugins\/seo\/ -->\n<title>S\u00c9QUOIA | Sph\u00e8re de protection r\u00e9sidentielle<\/title>\n<meta name=\"description\" content=\"D\u00e9couvrez la sph\u00e8re de protection r\u00e9sidentielle, id\u00e9ale pour bloquer les effets n\u00e9fastes des ondes fragment\u00e9es provenant des r\u00e9seaux sans fil.\" \/>\n<meta name=\"robots\" content=\"index, follow, max-snippet:-1, max-image-preview:large, max-video-preview:-1\" \/>\n<link rel=\"canonical\" href=\"https:\/\/sequoiaprevention.com\/es\/producto\/emf-sequoia-wifi\/\" \/>\n<meta property=\"og:locale\" content=\"es_ES\" \/>\n<meta property=\"og:type\" content=\"article\" \/>\n<meta property=\"og:title\" content=\"S\u00c9QUOIA | Sph\u00e8re de protection r\u00e9sidentielle\" \/>\n<meta property=\"og:description\" content=\"D\u00e9couvrez la sph\u00e8re de protection r\u00e9sidentielle, id\u00e9ale pour bloquer les effets n\u00e9fastes des ondes fragment\u00e9es provenant des r\u00e9seaux sans fil.\" \/>\n<meta property=\"og:url\" content=\"https:\/\/sequoiaprevention.com\/es\/producto\/emf-sequoia-wifi\/\" \/>\n<meta property=\"og:site_name\" content=\"S\u00e9quoia Pr\u00e9vention\" \/>\n<meta property=\"article:modified_time\" content=\"2026-04-17T06:07:20+00:00\" \/>\n<meta property=\"og:image\" content=\"https:\/\/sequoiaprevention.com\/wp-content\/uploads\/2021\/09\/HAMELIN__22480-scaled-e1647028672619.jpg\" \/>\n\t<meta property=\"og:image:width\" content=\"1225\" \/>\n\t<meta property=\"og:image:height\" content=\"1195\" \/>\n\t<meta property=\"og:image:type\" content=\"image\/jpeg\" \/>\n<meta name=\"twitter:card\" content=\"summary_large_image\" \/>\n<meta name=\"twitter:label1\" content=\"Tiempo de lectura\" \/>\n\t<meta name=\"twitter:data1\" content=\"1 minuto\" \/>\n<script type=\"application\/ld+json\" class=\"yoast-schema-graph\">{\"@context\":\"https:\/\/schema.org\",\"@graph\":[{\"@type\":\"WebPage\",\"@id\":\"https:\/\/sequoiaprevention.com\/produit\/emf-sequoia-wifi\/\",\"url\":\"https:\/\/sequoiaprevention.com\/produit\/emf-sequoia-wifi\/\",\"name\":\"S\u00c9QUOIA | Sph\u00e8re de protection r\u00e9sidentielle\",\"isPartOf\":{\"@id\":\"https:\/\/sequoiaprevention.com\/#website\"},\"primaryImageOfPage\":{\"@id\":\"https:\/\/sequoiaprevention.com\/produit\/emf-sequoia-wifi\/#primaryimage\"},\"image\":{\"@id\":\"https:\/\/sequoiaprevention.com\/produit\/emf-sequoia-wifi\/#primaryimage\"},\"thumbnailUrl\":\"https:\/\/sequoiaprevention.com\/wp-content\/uploads\/2021\/09\/HAMELIN__22480-scaled-e1647028672619.jpg\",\"datePublished\":\"2021-07-30T14:25:42+00:00\",\"dateModified\":\"2026-04-17T06:07:20+00:00\",\"description\":\"D\u00e9couvrez la sph\u00e8re de protection r\u00e9sidentielle, id\u00e9ale pour bloquer les effets n\u00e9fastes des ondes fragment\u00e9es provenant des r\u00e9seaux sans fil.\",\"breadcrumb\":{\"@id\":\"https:\/\/sequoiaprevention.com\/produit\/emf-sequoia-wifi\/#breadcrumb\"},\"inLanguage\":\"es-AR\",\"potentialAction\":[{\"@type\":\"ReadAction\",\"target\":[\"https:\/\/sequoiaprevention.com\/produit\/emf-sequoia-wifi\/\"]}]},{\"@type\":\"ImageObject\",\"inLanguage\":\"es-AR\",\"@id\":\"https:\/\/sequoiaprevention.com\/produit\/emf-sequoia-wifi\/#primaryimage\",\"url\":\"https:\/\/sequoiaprevention.com\/wp-content\/uploads\/2021\/09\/HAMELIN__22480-scaled-e1647028672619.jpg\",\"contentUrl\":\"https:\/\/sequoiaprevention.com\/wp-content\/uploads\/2021\/09\/HAMELIN__22480-scaled-e1647028672619.jpg\",\"width\":1225,\"height\":1195},{\"@type\":\"BreadcrumbList\",\"@id\":\"https:\/\/sequoiaprevention.com\/produit\/emf-sequoia-wifi\/#breadcrumb\",\"itemListElement\":[{\"@type\":\"ListItem\",\"position\":1,\"name\":\"Accueil\",\"item\":\"https:\/\/sequoiaprevention.com\/\"},{\"@type\":\"ListItem\",\"position\":2,\"name\":\"Boutique\",\"item\":\"https:\/\/sequoiaprevention.com\/boutique\/\"},{\"@type\":\"ListItem\",\"position\":3,\"name\":\"Sph\u00e8re de protection r\u00e9sidentielle\"}]},{\"@type\":\"WebSite\",\"@id\":\"https:\/\/sequoiaprevention.com\/#website\",\"url\":\"https:\/\/sequoiaprevention.com\/\",\"name\":\"S\u00e9quoia Pr\u00e9vention\",\"description\":\"Votre chemin vers le mieux-\u00eatre\",\"potentialAction\":[{\"@type\":\"SearchAction\",\"target\":{\"@type\":\"EntryPoint\",\"urlTemplate\":\"https:\/\/sequoiaprevention.com\/?s={search_term_string}\"},\"query-input\":\"required name=search_term_string\"}],\"inLanguage\":\"es-AR\"}]}<\/script>\n<!-- \/ Yoast SEO plugin. -->","yoast_head_json":{"title":"S\u00c9QUOIA | Sph\u00e8re de protection r\u00e9sidentielle","description":"D\u00e9couvrez la sph\u00e8re de protection r\u00e9sidentielle, id\u00e9ale pour bloquer les effets n\u00e9fastes des ondes fragment\u00e9es provenant des r\u00e9seaux sans fil.","robots":{"index":"index","follow":"follow","max-snippet":"max-snippet:-1","max-image-preview":"max-image-preview:large","max-video-preview":"max-video-preview:-1"},"canonical":"https:\/\/sequoiaprevention.com\/es\/producto\/emf-sequoia-wifi\/","og_locale":"es_ES","og_type":"article","og_title":"S\u00c9QUOIA | Sph\u00e8re de protection r\u00e9sidentielle","og_description":"D\u00e9couvrez la sph\u00e8re de protection r\u00e9sidentielle, id\u00e9ale pour bloquer les effets n\u00e9fastes des ondes fragment\u00e9es provenant des r\u00e9seaux sans fil.","og_url":"https:\/\/sequoiaprevention.com\/es\/producto\/emf-sequoia-wifi\/","og_site_name":"S\u00e9quoia Pr\u00e9vention","article_modified_time":"2026-04-17T06:07:20+00:00","og_image":[{"width":1225,"height":1195,"url":"https:\/\/sequoiaprevention.com\/wp-content\/uploads\/2021\/09\/HAMELIN__22480-scaled-e1647028672619.jpg","type":"image\/jpeg"}],"twitter_card":"summary_large_image","twitter_misc":{"Tiempo de lectura":"1 minuto"},"schema":{"@context":"https:\/\/schema.org","@graph":[{"@type":"WebPage","@id":"https:\/\/sequoiaprevention.com\/produit\/emf-sequoia-wifi\/","url":"https:\/\/sequoiaprevention.com\/produit\/emf-sequoia-wifi\/","name":"S\u00c9QUOIA | Sph\u00e8re de protection r\u00e9sidentielle","isPartOf":{"@id":"https:\/\/sequoiaprevention.com\/#website"},"primaryImageOfPage":{"@id":"https:\/\/sequoiaprevention.com\/produit\/emf-sequoia-wifi\/#primaryimage"},"image":{"@id":"https:\/\/sequoiaprevention.com\/produit\/emf-sequoia-wifi\/#primaryimage"},"thumbnailUrl":"https:\/\/sequoiaprevention.com\/wp-content\/uploads\/2021\/09\/HAMELIN__22480-scaled-e1647028672619.jpg","datePublished":"2021-07-30T14:25:42+00:00","dateModified":"2026-04-17T06:07:20+00:00","description":"D\u00e9couvrez la sph\u00e8re de protection r\u00e9sidentielle, id\u00e9ale pour bloquer les effets n\u00e9fastes des ondes fragment\u00e9es provenant des r\u00e9seaux sans fil.","breadcrumb":{"@id":"https:\/\/sequoiaprevention.com\/produit\/emf-sequoia-wifi\/#breadcrumb"},"inLanguage":"es-AR","potentialAction":[{"@type":"ReadAction","target":["https:\/\/sequoiaprevention.com\/produit\/emf-sequoia-wifi\/"]}]},{"@type":"ImageObject","inLanguage":"es-AR","@id":"https:\/\/sequoiaprevention.com\/produit\/emf-sequoia-wifi\/#primaryimage","url":"https:\/\/sequoiaprevention.com\/wp-content\/uploads\/2021\/09\/HAMELIN__22480-scaled-e1647028672619.jpg","contentUrl":"https:\/\/sequoiaprevention.com\/wp-content\/uploads\/2021\/09\/HAMELIN__22480-scaled-e1647028672619.jpg","width":1225,"height":1195},{"@type":"BreadcrumbList","@id":"https:\/\/sequoiaprevention.com\/produit\/emf-sequoia-wifi\/#breadcrumb","itemListElement":[{"@type":"ListItem","position":1,"name":"Accueil","item":"https:\/\/sequoiaprevention.com\/"},{"@type":"ListItem","position":2,"name":"Boutique","item":"https:\/\/sequoiaprevention.com\/boutique\/"},{"@type":"ListItem","position":3,"name":"Sph\u00e8re de protection r\u00e9sidentielle"}]},{"@type":"WebSite","@id":"https:\/\/sequoiaprevention.com\/#website","url":"https:\/\/sequoiaprevention.com\/","name":"S\u00e9quoia Pr\u00e9vention","description":"Votre chemin vers le mieux-\u00eatre","potentialAction":[{"@type":"SearchAction","target":{"@type":"EntryPoint","urlTemplate":"https:\/\/sequoiaprevention.com\/?s={search_term_string}"},"query-input":"required name=search_term_string"}],"inLanguage":"es-AR"}]}},"jetpack_sharing_enabled":true,"_links":{"self":[{"href":"https:\/\/sequoiaprevention.com\/es\/wp-json\/wp\/v2\/product\/4999","targetHints":{"allow":["GET"]}}],"collection":[{"href":"https:\/\/sequoiaprevention.com\/es\/wp-json\/wp\/v2\/product"}],"about":[{"href":"https:\/\/sequoiaprevention.com\/es\/wp-json\/wp\/v2\/types\/product"}],"version-history":[{"count":7,"href":"https:\/\/sequoiaprevention.com\/es\/wp-json\/wp\/v2\/product\/4999\/revisions"}],"predecessor-version":[{"id":10238,"href":"https:\/\/sequoiaprevention.com\/es\/wp-json\/wp\/v2\/product\/4999\/revisions\/10238"}],"wp:featuredmedia":[{"embeddable":true,"href":"https:\/\/sequoiaprevention.com\/es\/wp-json\/wp\/v2\/media\/5761"}],"wp:attachment":[{"href":"https:\/\/sequoiaprevention.com\/es\/wp-json\/wp\/v2\/media?parent=4999"}],"wp:term":[{"taxonomy":"product_cat","embeddable":true,"href":"https:\/\/sequoiaprevention.com\/es\/wp-json\/wp\/v2\/product_cat?post=4999"},{"taxonomy":"product_tag","embeddable":true,"href":"https:\/\/sequoiaprevention.com\/es\/wp-json\/wp\/v2\/product_tag?post=4999"}],"curies":[{"name":"wp","href":"https:\/\/api.w.org\/{rel}","templated":true}]}}