{"id":9136,"date":"2022-03-14T23:29:14","date_gmt":"2022-03-14T23:29:14","guid":{"rendered":"https:\/\/sequoiaprevention.com\/?post_type=product&#038;p=9136"},"modified":"2026-04-13T13:02:53","modified_gmt":"2026-04-13T13:02:53","slug":"accompagnement","status":"publish","type":"product","link":"https:\/\/sequoiaprevention.com\/es\/producto\/accompagnement\/","title":{"rendered":"Accompagnement 30 minutes"},"content":{"rendered":"<p>B\u00e9n\u00e9ficiez d\u2019un accompagnement personnalis\u00e9 d\u2019une dur\u00e9e de 30 minutes et d\u00e9couvrez des pistes pr\u00e9cieuses vers le mieux-\u00eatre. La rencontre peut \u00eatre effectu\u00e9e en virtuelle ou en personne. Une fois la s\u00e9ance achet\u00e9e, je communiquerai ensuite avec vous afin de confirmer les d\u00e9tails de la rencontre.<\/p>\n<p><\/p>\n<p>Pour les rencontres de plus d\u2019une personne, veuillez svp me contacter par t\u00e9l\u00e9phone ou par courriel afin de connaitre les tarifs.<\/p>","protected":false},"excerpt":{"rendered":"<p>B\u00e9n\u00e9ficiez d&rsquo;un accompagnement personnalis\u00e9 d&rsquo;une dur\u00e9e de 30 minutes et d\u00e9couvrez des pistes pr\u00e9cieuses vers le mieux-\u00eatre. La rencontre peut \u00eatre effectu\u00e9e en virtuelle ou en personne. Une fois la s\u00e9ance achet\u00e9e, je communiquerai ensuite avec vous afin de confirmer les d\u00e9tails de la rencontre.<\/p>\n<p>Para los encuentros con varias personas, p\u00f3ngase en contacto por tel\u00e9fono o correo electr\u00f3nico para conocer las tarifas.<\/p>","protected":false},"featured_media":10322,"template":"","meta":[],"product_cat":[74],"product_tag":[],"class_list":{"0":"post-9136","1":"product","2":"type-product","3":"status-publish","4":"has-post-thumbnail","6":"wc_square_synced-yes","7":"product_cat-accompagnement","9":"first","10":"instock","11":"virtual","12":"taxable","13":"purchasable","14":"product-type-simple"},"yoast_head":"<!-- This site is optimized with the Yoast SEO plugin v22.3 - https:\/\/yoast.com\/wordpress\/plugins\/seo\/ -->\n<title>S\u00c9QUOIA | Accompagnement<\/title>\n<meta name=\"description\" content=\"D\u00e9couvrez de pr\u00e9cieuses pistes vers le mieux-\u00eatre gr\u00e2ce \u00e0 nos s\u00e9ances d&#039;accompagnement personnalis\u00e9, offertes en mode virtuel ou en pr\u00e9sentiel.\" \/>\n<meta name=\"robots\" content=\"index, follow, max-snippet:-1, max-image-preview:large, max-video-preview:-1\" \/>\n<link rel=\"canonical\" href=\"https:\/\/sequoiaprevention.com\/es\/producto\/accompagnement\/\" \/>\n<meta property=\"og:locale\" content=\"es_ES\" \/>\n<meta property=\"og:type\" content=\"article\" \/>\n<meta property=\"og:title\" content=\"S\u00c9QUOIA | Accompagnement\" \/>\n<meta property=\"og:description\" content=\"D\u00e9couvrez de pr\u00e9cieuses pistes vers le mieux-\u00eatre gr\u00e2ce \u00e0 nos s\u00e9ances d&#039;accompagnement personnalis\u00e9, offertes en mode virtuel ou en pr\u00e9sentiel.\" \/>\n<meta property=\"og:url\" content=\"https:\/\/sequoiaprevention.com\/es\/producto\/accompagnement\/\" \/>\n<meta property=\"og:site_name\" content=\"S\u00e9quoia Pr\u00e9vention\" \/>\n<meta property=\"article:modified_time\" content=\"2026-04-13T13:02:53+00:00\" \/>\n<meta property=\"og:image\" content=\"https:\/\/sequoiaprevention.com\/wp-content\/uploads\/2021\/12\/logoa.png\" \/>\n\t<meta property=\"og:image:width\" content=\"648\" \/>\n\t<meta property=\"og:image:height\" content=\"622\" \/>\n\t<meta property=\"og:image:type\" content=\"image\/png\" \/>\n<meta name=\"twitter:card\" content=\"summary_large_image\" \/>\n<meta name=\"twitter:label1\" content=\"Tiempo de lectura\" \/>\n\t<meta name=\"twitter:data1\" content=\"1 minuto\" \/>\n<script type=\"application\/ld+json\" class=\"yoast-schema-graph\">{\"@context\":\"https:\/\/schema.org\",\"@graph\":[{\"@type\":\"WebPage\",\"@id\":\"https:\/\/sequoiaprevention.com\/produit\/accompagnement\/\",\"url\":\"https:\/\/sequoiaprevention.com\/produit\/accompagnement\/\",\"name\":\"S\u00c9QUOIA | Accompagnement\",\"isPartOf\":{\"@id\":\"https:\/\/sequoiaprevention.com\/#website\"},\"primaryImageOfPage\":{\"@id\":\"https:\/\/sequoiaprevention.com\/produit\/accompagnement\/#primaryimage\"},\"image\":{\"@id\":\"https:\/\/sequoiaprevention.com\/produit\/accompagnement\/#primaryimage\"},\"thumbnailUrl\":\"https:\/\/sequoiaprevention.com\/wp-content\/uploads\/2022\/03\/original.png\",\"datePublished\":\"2022-03-14T23:29:14+00:00\",\"dateModified\":\"2026-04-13T13:02:53+00:00\",\"description\":\"D\u00e9couvrez de pr\u00e9cieuses pistes vers le mieux-\u00eatre gr\u00e2ce \u00e0 nos s\u00e9ances d'accompagnement personnalis\u00e9, offertes en mode virtuel ou en pr\u00e9sentiel.\",\"breadcrumb\":{\"@id\":\"https:\/\/sequoiaprevention.com\/produit\/accompagnement\/#breadcrumb\"},\"inLanguage\":\"es-AR\",\"potentialAction\":[{\"@type\":\"ReadAction\",\"target\":[\"https:\/\/sequoiaprevention.com\/produit\/accompagnement\/\"]}]},{\"@type\":\"ImageObject\",\"inLanguage\":\"es-AR\",\"@id\":\"https:\/\/sequoiaprevention.com\/produit\/accompagnement\/#primaryimage\",\"url\":\"https:\/\/sequoiaprevention.com\/wp-content\/uploads\/2022\/03\/original.png\",\"contentUrl\":\"https:\/\/sequoiaprevention.com\/wp-content\/uploads\/2022\/03\/original.png\",\"width\":300,\"height\":288},{\"@type\":\"BreadcrumbList\",\"@id\":\"https:\/\/sequoiaprevention.com\/produit\/accompagnement\/#breadcrumb\",\"itemListElement\":[{\"@type\":\"ListItem\",\"position\":1,\"name\":\"Accueil\",\"item\":\"https:\/\/sequoiaprevention.com\/\"},{\"@type\":\"ListItem\",\"position\":2,\"name\":\"Boutique\",\"item\":\"https:\/\/sequoiaprevention.com\/boutique\/\"},{\"@type\":\"ListItem\",\"position\":3,\"name\":\"Accompagnement 30 minutes\"}]},{\"@type\":\"WebSite\",\"@id\":\"https:\/\/sequoiaprevention.com\/#website\",\"url\":\"https:\/\/sequoiaprevention.com\/\",\"name\":\"S\u00e9quoia Pr\u00e9vention\",\"description\":\"Votre chemin vers le mieux-\u00eatre\",\"potentialAction\":[{\"@type\":\"SearchAction\",\"target\":{\"@type\":\"EntryPoint\",\"urlTemplate\":\"https:\/\/sequoiaprevention.com\/?s={search_term_string}\"},\"query-input\":\"required name=search_term_string\"}],\"inLanguage\":\"es-AR\"}]}<\/script>\n<!-- \/ Yoast SEO plugin. -->","yoast_head_json":{"title":"S\u00c9QUOIA | Accompagnement","description":"D\u00e9couvrez de pr\u00e9cieuses pistes vers le mieux-\u00eatre gr\u00e2ce \u00e0 nos s\u00e9ances d'accompagnement personnalis\u00e9, offertes en mode virtuel ou en pr\u00e9sentiel.","robots":{"index":"index","follow":"follow","max-snippet":"max-snippet:-1","max-image-preview":"max-image-preview:large","max-video-preview":"max-video-preview:-1"},"canonical":"https:\/\/sequoiaprevention.com\/es\/producto\/accompagnement\/","og_locale":"es_ES","og_type":"article","og_title":"S\u00c9QUOIA | Accompagnement","og_description":"D\u00e9couvrez de pr\u00e9cieuses pistes vers le mieux-\u00eatre gr\u00e2ce \u00e0 nos s\u00e9ances d'accompagnement personnalis\u00e9, offertes en mode virtuel ou en pr\u00e9sentiel.","og_url":"https:\/\/sequoiaprevention.com\/es\/producto\/accompagnement\/","og_site_name":"S\u00e9quoia Pr\u00e9vention","article_modified_time":"2026-04-13T13:02:53+00:00","og_image":[{"width":648,"height":622,"url":"https:\/\/sequoiaprevention.com\/wp-content\/uploads\/2021\/12\/logoa.png","type":"image\/png"}],"twitter_card":"summary_large_image","twitter_misc":{"Tiempo de lectura":"1 minuto"},"schema":{"@context":"https:\/\/schema.org","@graph":[{"@type":"WebPage","@id":"https:\/\/sequoiaprevention.com\/produit\/accompagnement\/","url":"https:\/\/sequoiaprevention.com\/produit\/accompagnement\/","name":"S\u00c9QUOIA | Accompagnement","isPartOf":{"@id":"https:\/\/sequoiaprevention.com\/#website"},"primaryImageOfPage":{"@id":"https:\/\/sequoiaprevention.com\/produit\/accompagnement\/#primaryimage"},"image":{"@id":"https:\/\/sequoiaprevention.com\/produit\/accompagnement\/#primaryimage"},"thumbnailUrl":"https:\/\/sequoiaprevention.com\/wp-content\/uploads\/2022\/03\/original.png","datePublished":"2022-03-14T23:29:14+00:00","dateModified":"2026-04-13T13:02:53+00:00","description":"D\u00e9couvrez de pr\u00e9cieuses pistes vers le mieux-\u00eatre gr\u00e2ce \u00e0 nos s\u00e9ances d'accompagnement personnalis\u00e9, offertes en mode virtuel ou en pr\u00e9sentiel.","breadcrumb":{"@id":"https:\/\/sequoiaprevention.com\/produit\/accompagnement\/#breadcrumb"},"inLanguage":"es-AR","potentialAction":[{"@type":"ReadAction","target":["https:\/\/sequoiaprevention.com\/produit\/accompagnement\/"]}]},{"@type":"ImageObject","inLanguage":"es-AR","@id":"https:\/\/sequoiaprevention.com\/produit\/accompagnement\/#primaryimage","url":"https:\/\/sequoiaprevention.com\/wp-content\/uploads\/2022\/03\/original.png","contentUrl":"https:\/\/sequoiaprevention.com\/wp-content\/uploads\/2022\/03\/original.png","width":300,"height":288},{"@type":"BreadcrumbList","@id":"https:\/\/sequoiaprevention.com\/produit\/accompagnement\/#breadcrumb","itemListElement":[{"@type":"ListItem","position":1,"name":"Accueil","item":"https:\/\/sequoiaprevention.com\/"},{"@type":"ListItem","position":2,"name":"Boutique","item":"https:\/\/sequoiaprevention.com\/boutique\/"},{"@type":"ListItem","position":3,"name":"Accompagnement 30 minutes"}]},{"@type":"WebSite","@id":"https:\/\/sequoiaprevention.com\/#website","url":"https:\/\/sequoiaprevention.com\/","name":"S\u00e9quoia Pr\u00e9vention","description":"Votre chemin vers le mieux-\u00eatre","potentialAction":[{"@type":"SearchAction","target":{"@type":"EntryPoint","urlTemplate":"https:\/\/sequoiaprevention.com\/?s={search_term_string}"},"query-input":"required name=search_term_string"}],"inLanguage":"es-AR"}]}},"jetpack_sharing_enabled":true,"_links":{"self":[{"href":"https:\/\/sequoiaprevention.com\/es\/wp-json\/wp\/v2\/product\/9136","targetHints":{"allow":["GET"]}}],"collection":[{"href":"https:\/\/sequoiaprevention.com\/es\/wp-json\/wp\/v2\/product"}],"about":[{"href":"https:\/\/sequoiaprevention.com\/es\/wp-json\/wp\/v2\/types\/product"}],"version-history":[{"count":10,"href":"https:\/\/sequoiaprevention.com\/es\/wp-json\/wp\/v2\/product\/9136\/revisions"}],"predecessor-version":[{"id":10321,"href":"https:\/\/sequoiaprevention.com\/es\/wp-json\/wp\/v2\/product\/9136\/revisions\/10321"}],"wp:featuredmedia":[{"embeddable":true,"href":"https:\/\/sequoiaprevention.com\/es\/wp-json\/wp\/v2\/media\/10322"}],"wp:attachment":[{"href":"https:\/\/sequoiaprevention.com\/es\/wp-json\/wp\/v2\/media?parent=9136"}],"wp:term":[{"taxonomy":"product_cat","embeddable":true,"href":"https:\/\/sequoiaprevention.com\/es\/wp-json\/wp\/v2\/product_cat?post=9136"},{"taxonomy":"product_tag","embeddable":true,"href":"https:\/\/sequoiaprevention.com\/es\/wp-json\/wp\/v2\/product_tag?post=9136"}],"curies":[{"name":"wp","href":"https:\/\/api.w.org\/{rel}","templated":true}]}}